{"id":5198,"date":"2026-01-08T13:21:56","date_gmt":"2026-01-08T13:21:56","guid":{"rendered":"https:\/\/pariderm.com\/?post_type=product&#038;p=5198"},"modified":"2026-01-08T15:26:48","modified_gmt":"2026-01-08T15:26:48","slug":"duo-protect-hydra-plump-boost-c-copy","status":"publish","type":"product","link":"https:\/\/pariderm.com\/fr\/product\/duo-protect-hydra-plump-boost-c-copy\/","title":{"rendered":"DUO PUR &#8211; BECLEAN + BECLEAN MAT"},"content":{"rendered":"<p data-path-to-node=\"2,0\"><b data-path-to-node=\"2,0\" data-index-in-node=\"0\">G\u00e9rez les imperfections et la brillance tout au long de la journ\u00e9e et de la nuit.<\/b><\/p>\n<p data-path-to-node=\"2,1\">Con\u00e7u sp\u00e9cifiquement pour les peaux mixtes \u00e0 grasses, ce duo associe un nettoyage en profondeur \u00e0 un contr\u00f4le cibl\u00e9 du s\u00e9bum pour obtenir trois r\u00e9sultats cl\u00e9s : une peau nette, un grain de peau affin\u00e9 et une production de s\u00e9bum r\u00e9gul\u00e9e.<\/p>\n<p class=\"product_title entry-title wd-entities-title\"><strong>BECLEAN \u2013 Nettoyant pour le visage sans savon pour un usage quotidien<\/strong><\/p>\n<ul>\n<li>\u00c9limine l\u2019exc\u00e8s de s\u00e9bum<\/li>\n<li>R\u00e9duit les impuret\u00e9s<\/li>\n<li>Affine le grain de peau<\/li>\n<li>Resserre les pores de la peau<\/li>\n<\/ul>\n<p><strong>BECLEAN MAT \u2013 Gel matifiant pour r\u00e9guler le s\u00e9bum, contr\u00f4ler la brillance et r\u00e9duire les imperfections<\/strong><\/p>\n<ul>\n<li>Pores resserr\u00e9s d\u00e8s la 1\u00e8re application<\/li>\n<li>Effet matifiant instantan\u00e9<\/li>\n<li>Efficacit\u00e9 pendant 24 heures<\/li>\n<li>Contr\u00f4le de la production de s\u00e9bum<\/li>\n<li>Pr\u00e9vention de la perte d\u2019eau trans\u00e9pidermique<\/li>\n<\/ul>\n<p>&nbsp;<\/p>\n<h3 data-start=\"1398\" data-end=\"1433\">BECLEAN<\/h3>\n<p data-start=\"1398\" data-end=\"1433\">BECLEAN est un gel nettoyant moussant sans savon pour le visage qui purifie en douceur les peaux mixtes, grasses et \u00e0 tendance acn\u00e9ique sans les dess\u00e9cher. Il \u00e9limine les impuret\u00e9s et les cellules mortes, d\u00e9sobstrue les pores gr\u00e2ce \u00e0 la pr\u00e9sence de microbilles de silice. Le grain de peau est affin\u00e9, les pores sont resserr\u00e9s. La peau est propre et purifi\u00e9e, nette et sans imperfections. Bonne tol\u00e9rance. Respecte l\u2019\u00e9quilibre de la peau.<\/p>\n<hr data-start=\"1393\" data-end=\"1396\" \/>\n<h3 data-start=\"1398\" data-end=\"1433\"><strong data-start=\"1405\" data-end=\"1433\">BECLEAN MAT\u00a0<\/strong><\/h3>\n<p>BECLEAN MAT est un gel aqueux invisible, matifiant et s\u00e9bor\u00e9gulateur pour les peaux mixtes, grasses et \u00e0 tendance acn\u00e9ique.<br \/>\nGr\u00e2ce \u00e0 sa texture l\u00e9g\u00e8re, non grasse et facile \u00e0 absorber, BECLEAN MAT absorbe l\u2019exc\u00e8s de s\u00e9bum, purifie la peau et procure une sensation de fra\u00eecheur instantan\u00e9e, un effet matifiant anti-brillant imm\u00e9diat et durable. Bonne tol\u00e9rance. Peut \u00eatre utilis\u00e9 comme base de maquillage.<br \/>\nNON COM\u00c9DOG\u00c8NE.<\/p>\n<p>&nbsp;<\/p>\n<div id=\"wd-671f6253d408e\" class=\"title-wrapper wd-wpb set-mb-s reset-last-child wd-rs-671f6253d408e wd-title-color-default wd-title-style-default text-left wd-underline-colored\">\n<div class=\"liner-continer\">\n<h4 class=\"woodmart-title-container title wd-font-weight-500 wd-fontsize-l\">MODE D&rsquo;EMPLOI<\/h4>\n<\/div>\n<\/div>\n<div id=\"wd-67ffa51f3e1d6\" class=\"wd-text-block wd-wpb reset-last-child wd-rs-67ffa51f3e1d6 text-left wd-font-weight-500 wd-fontsize-s font-primary vc_custom_1744807205749 skin-description\">\n<p data-path-to-node=\"3\">Commencez votre routine de soins en appliquant BECLEAN matin et soir.<\/p>\n<p data-path-to-node=\"3\">Appliquez une noisette de gel sur le visage humide. Massez et faites mousser du bout des doigts, en insistant sur la zone T (front, nez, menton) pendant 1 \u00e0 2 minutes.<\/p>\n<p data-path-to-node=\"3\">Rincez abondamment \u00e0 l&rsquo;eau ti\u00e8de et s\u00e9chez.<\/p>\n<p data-path-to-node=\"4\">Appliquez ensuite BECLEAN MAT en massant d\u00e9licatement le gel sur le visage et le cou pr\u00e9alablement nettoy\u00e9s, jusqu&rsquo;\u00e0 absorption compl\u00e8te.<\/p>\n<p data-path-to-node=\"5\">Appliquez une protection solaire et du maquillage selon vos besoins.<\/p>\n<p>&nbsp;<\/p>\n<p><strong>Convient \u00e0 :<\/strong><\/p>\n<p data-path-to-node=\"1\">Peaux mixtes \u00e0 grasses, \u00e0 tendance acn\u00e9ique<\/p>\n<h4 class=\"&quot;&quot;\"><strong>BECLEAN &#8211; Efficacit\u00e9 prouv\u00e9e<\/strong><\/h4>\n<ul>\n<li>100% peau plus propre et purifi\u00e9e, sans huile ni brillance*.<\/li>\n<li>100% peau efficacement nettoy\u00e9e*.<\/li>\n<li>95% peau sans imperfections*.<\/li>\n<\/ul>\n<div class=\"woocommerce-product-details__short-description\">\n<p>*Test d\u2019usage sur 20 femmes pendant 28 jours. % de satisfaction<\/p>\n<\/div>\n<hr data-start=\"320\" data-end=\"323\" \/>\n<h3 data-start=\"325\" data-end=\"364\"><strong style=\"font-size: 18px;\">BECLEAN MAT &#8211; Efficacit\u00e9 prouv\u00e9e<\/strong><\/h3>\n<\/div>\n<ul>\n<li>100% peau moins grasse et moins brillante d\u00e8s la premi\u00e8re fois*.<\/li>\n<li>100% effet matifiant imm\u00e9diat et durable*.<\/li>\n<li>100% r\u00e9gulation de la s\u00e9cr\u00e9tion de s\u00e9bum*.<\/li>\n<\/ul>\n<div class=\"woocommerce-product-details__short-description\">\n<p>Avis : *Test d\u2019usage sur 21 femmes pendant 28 jours. % de satisfaction<\/p>\n<\/div>\n","protected":false},"excerpt":{"rendered":"<p>G\u00e9rez les imperfections et la brillance tout au long de la journ\u00e9e et de la nuit. Con\u00e7u sp\u00e9cifiquement pour les<\/p>\n","protected":false},"featured_media":5200,"comment_status":"open","ping_status":"closed","template":"","meta":{"_acf_changed":false},"product_brand":[],"product_cat":[139],"product_tag":[137],"class_list":{"0":"post-5198","1":"product","2":"type-product","3":"status-publish","4":"has-post-thumbnail","6":"product_cat-offres","7":"product_tag-promo-youth-en-fr","9":"first","10":"instock","11":"taxable","12":"shipping-taxable","13":"purchasable","14":"product-type-simple"},"acf":[],"yoast_head":"<!-- This site is optimized with the Yoast SEO Premium plugin v27.4 (Yoast SEO v27.4) - https:\/\/yoast.com\/product\/yoast-seo-premium-wordpress\/ -->\n<title>DUO PUR - BECLEAN + BECLEAN MAT - Pariderm<\/title>\n<meta name=\"robots\" content=\"index, follow, max-snippet:-1, max-image-preview:large, max-video-preview:-1\" \/>\n<link rel=\"canonical\" href=\"https:\/\/pariderm.com\/fr\/product\/duo-protect-hydra-plump-boost-c-copy\/\" \/>\n<meta property=\"og:locale\" content=\"fr_FR\" \/>\n<meta property=\"og:type\" content=\"article\" \/>\n<meta property=\"og:title\" content=\"DUO PUR - BECLEAN + BECLEAN MAT\" \/>\n<meta property=\"og:description\" content=\"G\u00e9rez les imperfections et la brillance tout au long de la journ\u00e9e et de la nuit. Con\u00e7u sp\u00e9cifiquement pour les\" \/>\n<meta property=\"og:url\" content=\"https:\/\/pariderm.com\/fr\/product\/duo-protect-hydra-plump-boost-c-copy\/\" \/>\n<meta property=\"og:site_name\" content=\"Pariderm\" \/>\n<meta property=\"article:modified_time\" content=\"2026-01-08T15:26:48+00:00\" \/>\n<meta property=\"og:image\" content=\"https:\/\/pariderm.com\/wp-content\/uploads\/2026\/01\/DUO-PURE-EN-1024x1024.png\" \/>\n\t<meta property=\"og:image:width\" content=\"1024\" \/>\n\t<meta property=\"og:image:height\" content=\"1024\" \/>\n\t<meta property=\"og:image:type\" content=\"image\/png\" \/>\n<meta name=\"twitter:card\" content=\"summary_large_image\" \/>\n<meta name=\"twitter:label1\" content=\"Dur\u00e9e de lecture estim\u00e9e\" \/>\n\t<meta name=\"twitter:data1\" content=\"3 minutes\" \/>\n<script type=\"application\/ld+json\" class=\"yoast-schema-graph\">{\"@context\":\"https:\\\/\\\/schema.org\",\"@graph\":[{\"@type\":\"WebPage\",\"@id\":\"https:\\\/\\\/pariderm.com\\\/fr\\\/product\\\/duo-protect-hydra-plump-boost-c-copy\\\/\",\"url\":\"https:\\\/\\\/pariderm.com\\\/fr\\\/product\\\/duo-protect-hydra-plump-boost-c-copy\\\/\",\"name\":\"DUO PUR - BECLEAN + BECLEAN MAT - Pariderm\",\"isPartOf\":{\"@id\":\"https:\\\/\\\/pariderm.com\\\/fr\\\/#website\"},\"primaryImageOfPage\":{\"@id\":\"https:\\\/\\\/pariderm.com\\\/fr\\\/product\\\/duo-protect-hydra-plump-boost-c-copy\\\/#primaryimage\"},\"image\":{\"@id\":\"https:\\\/\\\/pariderm.com\\\/fr\\\/product\\\/duo-protect-hydra-plump-boost-c-copy\\\/#primaryimage\"},\"thumbnailUrl\":\"https:\\\/\\\/pariderm.com\\\/wp-content\\\/uploads\\\/2026\\\/01\\\/DUO-PURE-EN.png\",\"datePublished\":\"2026-01-08T13:21:56+00:00\",\"dateModified\":\"2026-01-08T15:26:48+00:00\",\"breadcrumb\":{\"@id\":\"https:\\\/\\\/pariderm.com\\\/fr\\\/product\\\/duo-protect-hydra-plump-boost-c-copy\\\/#breadcrumb\"},\"inLanguage\":\"fr-FR\",\"potentialAction\":[{\"@type\":\"ReadAction\",\"target\":[\"https:\\\/\\\/pariderm.com\\\/fr\\\/product\\\/duo-protect-hydra-plump-boost-c-copy\\\/\"]}]},{\"@type\":\"ImageObject\",\"inLanguage\":\"fr-FR\",\"@id\":\"https:\\\/\\\/pariderm.com\\\/fr\\\/product\\\/duo-protect-hydra-plump-boost-c-copy\\\/#primaryimage\",\"url\":\"https:\\\/\\\/pariderm.com\\\/wp-content\\\/uploads\\\/2026\\\/01\\\/DUO-PURE-EN.png\",\"contentUrl\":\"https:\\\/\\\/pariderm.com\\\/wp-content\\\/uploads\\\/2026\\\/01\\\/DUO-PURE-EN.png\",\"width\":2250,\"height\":2250},{\"@type\":\"BreadcrumbList\",\"@id\":\"https:\\\/\\\/pariderm.com\\\/fr\\\/product\\\/duo-protect-hydra-plump-boost-c-copy\\\/#breadcrumb\",\"itemListElement\":[{\"@type\":\"ListItem\",\"position\":1,\"name\":\"Home\",\"item\":\"https:\\\/\\\/pariderm.com\\\/fr\\\/\"},{\"@type\":\"ListItem\",\"position\":2,\"name\":\"Boutique\",\"item\":\"https:\\\/\\\/pariderm.com\\\/shop\\\/\"},{\"@type\":\"ListItem\",\"position\":3,\"name\":\"DUO PUR &#8211; BECLEAN + BECLEAN MAT\"}]},{\"@type\":\"WebSite\",\"@id\":\"https:\\\/\\\/pariderm.com\\\/fr\\\/#website\",\"url\":\"https:\\\/\\\/pariderm.com\\\/fr\\\/\",\"name\":\"PARIDERM\",\"description\":\"\",\"publisher\":{\"@id\":\"https:\\\/\\\/pariderm.com\\\/fr\\\/#organization\"},\"potentialAction\":[{\"@type\":\"SearchAction\",\"target\":{\"@type\":\"EntryPoint\",\"urlTemplate\":\"https:\\\/\\\/pariderm.com\\\/fr\\\/?s={search_term_string}\"},\"query-input\":{\"@type\":\"PropertyValueSpecification\",\"valueRequired\":true,\"valueName\":\"search_term_string\"}}],\"inLanguage\":\"fr-FR\"},{\"@type\":\"Organization\",\"@id\":\"https:\\\/\\\/pariderm.com\\\/fr\\\/#organization\",\"name\":\"PARIDERM\",\"url\":\"https:\\\/\\\/pariderm.com\\\/fr\\\/\",\"logo\":{\"@type\":\"ImageObject\",\"inLanguage\":\"fr-FR\",\"@id\":\"https:\\\/\\\/pariderm.com\\\/fr\\\/#\\\/schema\\\/logo\\\/image\\\/\",\"url\":\"https:\\\/\\\/pariderm.com\\\/wp-content\\\/uploads\\\/2024\\\/10\\\/header-logo1.png\",\"contentUrl\":\"https:\\\/\\\/pariderm.com\\\/wp-content\\\/uploads\\\/2024\\\/10\\\/header-logo1.png\",\"width\":343,\"height\":168,\"caption\":\"PARIDERM\"},\"image\":{\"@id\":\"https:\\\/\\\/pariderm.com\\\/fr\\\/#\\\/schema\\\/logo\\\/image\\\/\"},\"sameAs\":[\"https:\\\/\\\/www.instagram.com\\\/paridermofficial\\\/\",\"https:\\\/\\\/www.linkedin.com\\\/company\\\/pariderm\"]}]}<\/script>\n<!-- \/ Yoast SEO Premium plugin. -->","yoast_head_json":{"title":"DUO PUR - BECLEAN + BECLEAN MAT - Pariderm","robots":{"index":"index","follow":"follow","max-snippet":"max-snippet:-1","max-image-preview":"max-image-preview:large","max-video-preview":"max-video-preview:-1"},"canonical":"https:\/\/pariderm.com\/fr\/product\/duo-protect-hydra-plump-boost-c-copy\/","og_locale":"fr_FR","og_type":"article","og_title":"DUO PUR - BECLEAN + BECLEAN MAT","og_description":"G\u00e9rez les imperfections et la brillance tout au long de la journ\u00e9e et de la nuit. Con\u00e7u sp\u00e9cifiquement pour les","og_url":"https:\/\/pariderm.com\/fr\/product\/duo-protect-hydra-plump-boost-c-copy\/","og_site_name":"Pariderm","article_modified_time":"2026-01-08T15:26:48+00:00","og_image":[{"width":1024,"height":1024,"url":"https:\/\/pariderm.com\/wp-content\/uploads\/2026\/01\/DUO-PURE-EN-1024x1024.png","type":"image\/png"}],"twitter_card":"summary_large_image","twitter_misc":{"Dur\u00e9e de lecture estim\u00e9e":"3 minutes"},"schema":{"@context":"https:\/\/schema.org","@graph":[{"@type":"WebPage","@id":"https:\/\/pariderm.com\/fr\/product\/duo-protect-hydra-plump-boost-c-copy\/","url":"https:\/\/pariderm.com\/fr\/product\/duo-protect-hydra-plump-boost-c-copy\/","name":"DUO PUR - BECLEAN + BECLEAN MAT - Pariderm","isPartOf":{"@id":"https:\/\/pariderm.com\/fr\/#website"},"primaryImageOfPage":{"@id":"https:\/\/pariderm.com\/fr\/product\/duo-protect-hydra-plump-boost-c-copy\/#primaryimage"},"image":{"@id":"https:\/\/pariderm.com\/fr\/product\/duo-protect-hydra-plump-boost-c-copy\/#primaryimage"},"thumbnailUrl":"https:\/\/pariderm.com\/wp-content\/uploads\/2026\/01\/DUO-PURE-EN.png","datePublished":"2026-01-08T13:21:56+00:00","dateModified":"2026-01-08T15:26:48+00:00","breadcrumb":{"@id":"https:\/\/pariderm.com\/fr\/product\/duo-protect-hydra-plump-boost-c-copy\/#breadcrumb"},"inLanguage":"fr-FR","potentialAction":[{"@type":"ReadAction","target":["https:\/\/pariderm.com\/fr\/product\/duo-protect-hydra-plump-boost-c-copy\/"]}]},{"@type":"ImageObject","inLanguage":"fr-FR","@id":"https:\/\/pariderm.com\/fr\/product\/duo-protect-hydra-plump-boost-c-copy\/#primaryimage","url":"https:\/\/pariderm.com\/wp-content\/uploads\/2026\/01\/DUO-PURE-EN.png","contentUrl":"https:\/\/pariderm.com\/wp-content\/uploads\/2026\/01\/DUO-PURE-EN.png","width":2250,"height":2250},{"@type":"BreadcrumbList","@id":"https:\/\/pariderm.com\/fr\/product\/duo-protect-hydra-plump-boost-c-copy\/#breadcrumb","itemListElement":[{"@type":"ListItem","position":1,"name":"Home","item":"https:\/\/pariderm.com\/fr\/"},{"@type":"ListItem","position":2,"name":"Boutique","item":"https:\/\/pariderm.com\/shop\/"},{"@type":"ListItem","position":3,"name":"DUO PUR &#8211; BECLEAN + BECLEAN MAT"}]},{"@type":"WebSite","@id":"https:\/\/pariderm.com\/fr\/#website","url":"https:\/\/pariderm.com\/fr\/","name":"PARIDERM","description":"","publisher":{"@id":"https:\/\/pariderm.com\/fr\/#organization"},"potentialAction":[{"@type":"SearchAction","target":{"@type":"EntryPoint","urlTemplate":"https:\/\/pariderm.com\/fr\/?s={search_term_string}"},"query-input":{"@type":"PropertyValueSpecification","valueRequired":true,"valueName":"search_term_string"}}],"inLanguage":"fr-FR"},{"@type":"Organization","@id":"https:\/\/pariderm.com\/fr\/#organization","name":"PARIDERM","url":"https:\/\/pariderm.com\/fr\/","logo":{"@type":"ImageObject","inLanguage":"fr-FR","@id":"https:\/\/pariderm.com\/fr\/#\/schema\/logo\/image\/","url":"https:\/\/pariderm.com\/wp-content\/uploads\/2024\/10\/header-logo1.png","contentUrl":"https:\/\/pariderm.com\/wp-content\/uploads\/2024\/10\/header-logo1.png","width":343,"height":168,"caption":"PARIDERM"},"image":{"@id":"https:\/\/pariderm.com\/fr\/#\/schema\/logo\/image\/"},"sameAs":["https:\/\/www.instagram.com\/paridermofficial\/","https:\/\/www.linkedin.com\/company\/pariderm"]}]}},"_links":{"self":[{"href":"https:\/\/pariderm.com\/fr\/wp-json\/wp\/v2\/product\/5198","targetHints":{"allow":["GET"]}}],"collection":[{"href":"https:\/\/pariderm.com\/fr\/wp-json\/wp\/v2\/product"}],"about":[{"href":"https:\/\/pariderm.com\/fr\/wp-json\/wp\/v2\/types\/product"}],"replies":[{"embeddable":true,"href":"https:\/\/pariderm.com\/fr\/wp-json\/wp\/v2\/comments?post=5198"}],"wp:featuredmedia":[{"embeddable":true,"href":"https:\/\/pariderm.com\/fr\/wp-json\/wp\/v2\/media\/5200"}],"wp:attachment":[{"href":"https:\/\/pariderm.com\/fr\/wp-json\/wp\/v2\/media?parent=5198"}],"wp:term":[{"taxonomy":"product_brand","embeddable":true,"href":"https:\/\/pariderm.com\/fr\/wp-json\/wp\/v2\/product_brand?post=5198"},{"taxonomy":"product_cat","embeddable":true,"href":"https:\/\/pariderm.com\/fr\/wp-json\/wp\/v2\/product_cat?post=5198"},{"taxonomy":"product_tag","embeddable":true,"href":"https:\/\/pariderm.com\/fr\/wp-json\/wp\/v2\/product_tag?post=5198"}],"curies":[{"name":"wp","href":"https:\/\/api.w.org\/{rel}","templated":true}]}}