{"id":5192,"date":"2026-01-07T15:07:37","date_gmt":"2026-01-07T15:07:37","guid":{"rendered":"https:\/\/pariderm.com\/?post_type=product&#038;p=5192"},"modified":"2026-01-08T14:57:55","modified_gmt":"2026-01-08T14:57:55","slug":"duo-protect-hydra-plump-boost-c","status":"publish","type":"product","link":"https:\/\/pariderm.com\/fr\/product\/duo-protect-hydra-plump-boost-c\/","title":{"rendered":"DUO PROTECTION &#8211; HYDRA PLUMP + BOOST C"},"content":{"rendered":"<p data-path-to-node=\"2\"><b data-path-to-node=\"2\" data-index-in-node=\"0\">Un syst\u00e8me complet en deux \u00e9tapes pour revitaliser les peaux fatigu\u00e9es<\/b><\/p>\n<p data-path-to-node=\"3\">Nos s\u00e9rums <b data-path-to-node=\"3\" data-index-in-node=\"11\">HYDRA PLUMP<\/b> et <b data-path-to-node=\"3\" data-index-in-node=\"26\">BOOST C<\/b> agissent en harmonie pour sceller une hydratation profonde tout en prot\u00e9geant votre peau des agressions quotidiennes. De l&rsquo;\u00e9clat du matin \u00e0 la r\u00e9g\u00e9n\u00e9ration du soir, offrez \u00e0 votre peau les soins test\u00e9s par des dermatologues qu&rsquo;elle m\u00e9rite.<\/p>\n<p><strong>HYDRA PLUMP \u2013 S\u00e9rum quotidien hydratant et repulpant.<\/strong><\/p>\n<ul>\n<li>Effet repulpant<\/li>\n<li>Hydratation multi-niveaux : en surface et en profondeur<\/li>\n<li>Estompe des ridules<\/li>\n<\/ul>\n<p>&nbsp;<\/p>\n<p><strong>BOOST C \u2013 S\u00e9rum tonifiant antioxydant quotidien<\/strong><\/p>\n<ul>\n<li>Propri\u00e9t\u00e9s antioxydantes<\/li>\n<li>\u00c9clat de la peau<\/li>\n<li>Fermet\u00e9 de la peau<\/li>\n<li>Hydratation de la peau<\/li>\n<\/ul>\n<p>&nbsp;<\/p>\n<h3 data-start=\"1398\" data-end=\"1433\">HYDRA PLUMP<\/h3>\n<p>HYDRA PLUMP est un s\u00e9rum hydra-repulpant quotidien enrichi en acide hyaluronique et en vitamine B5 pour un effet hydratant optimal. L\u2019acide hyaluronique de bas poids mol\u00e9culaire stimule l\u2019activit\u00e9 de la peau pour lutter contre les rides et favorise une hydratation prolong\u00e9e Alors que l\u2019acide hyaluronique de haut poids mol\u00e9culaire agit en surface, repulpe la peau et am\u00e9liore son \u00e9lasticit\u00e9. La vitamine B5 maintient la peau bien hydrat\u00e9e en emp\u00eachant la perte d\u2019eau trans\u00e9pidermique. Texture l\u00e9g\u00e8re rapidement absorb\u00e9e, non grasse, non collante.<br \/>\nNON COMEDOGENE.<\/p>\n<hr data-start=\"1393\" data-end=\"1396\" \/>\n<h3 data-start=\"1398\" data-end=\"1433\"><strong data-start=\"1405\" data-end=\"1433\">BOOST C<\/strong><\/h3>\n<p><strong>BOOST C<\/strong>\u00a0est un s\u00e9rum quotidien antioxydant et tonifiant associant 3% de vitamine C stabilis\u00e9e \u00e0 l\u2019acide hyaluronique. Il prot\u00e8ge la peau contre le stress oxydatif* qui favorise le vieillissement cutan\u00e9 pr\u00e9matur\u00e9. BOOST C maintient l\u2019\u00e9clat et la luminosit\u00e9 de la peau apportant ainsi une hydratation durable. Le grain de peau est affin\u00e9, le teint est plus uniforme, la peau est plus lisse et velout\u00e9e. Texture l\u00e9g\u00e8re rapidement absorb\u00e9e, non grasse et non collante. Adapt\u00e9 aux peaux jeunes.<br \/>\n*Test in vitro<\/p>\n<p>&nbsp;<\/p>\n<div id=\"wd-671f6253d408e\" class=\"title-wrapper wd-wpb set-mb-s reset-last-child wd-rs-671f6253d408e wd-title-color-default wd-title-style-default text-left wd-underline-colored\">\n<div class=\"liner-continer\">\n<h4 class=\"woodmart-title-container title wd-font-weight-500 wd-fontsize-l\">MODE D&rsquo;EMPLOI<\/h4>\n<\/div>\n<\/div>\n<div id=\"wd-67ffa51f3e1d6\" class=\"wd-text-block wd-wpb reset-last-child wd-rs-67ffa51f3e1d6 text-left wd-font-weight-500 wd-fontsize-s font-primary vc_custom_1744807205749 skin-description\">\n<p>Commencez votre routine de soins par l&rsquo;application de BOOST C matin et soir.<\/p>\n<p>Appliquez 3 \u00e0 4 gouttes de s\u00e9rum sur le visage et le cou bien nettoy\u00e9s. Tapotez doucement jusqu&rsquo;\u00e0 absorption compl\u00e8te.<\/p>\n<p>Appliquez ensuite HYDRA PLUMP en massant d\u00e9licatement 3-5 gouttes du s\u00e9rum sur le visage et le cou bien nettoy\u00e9s.<\/p>\n<p>Tapotez doucement jusqu&rsquo;\u00e0 absorption compl\u00e8te.<\/p>\n<p>Appliquez votre \u00e9cran solaire et si besoin votre maquillage.<\/p>\n<p>&nbsp;<\/p>\n<p><strong>Convient \u00e0 :<\/strong><\/p>\n<p>Tous les types de peau, y compris les peaux sensibles<\/p>\n<h3 data-start=\"113\" data-end=\"149\"><strong data-start=\"119\" data-end=\"147\">HYDRA PLUMP \u2013\u00a0<\/strong><strong>Efficacit\u00e9 prouv\u00e9e<\/strong><\/h3>\n<ul>\n<li>91% d\u2019hydratation durable*<\/li>\n<li>95% d\u2019augmentation de la fermet\u00e9 de la peau*.<\/li>\n<li>82% d\u2019augmentation du volume de la peau*.<\/li>\n<\/ul>\n<p>Avis : *test d\u2019usage sur 22 hommes et femmes pendant 28 jours. % de satisfaction<\/p>\n<hr data-start=\"320\" data-end=\"323\" \/>\n<h3 data-start=\"325\" data-end=\"364\"><strong>BOOST C- Efficacit\u00e9 prouv\u00e9e<\/strong><\/h3>\n<ul>\n<li>95% peau plus \u00e9clatante*.<\/li>\n<li>86% peau plus prot\u00e9g\u00e9e*.<\/li>\n<\/ul>\n<p>Avis : *test d\u2019usage sur 22 hommes et femmes pendant 28 jours d\u2019utilisation. % de satisfaction<\/p>\n<\/div>\n","protected":false},"excerpt":{"rendered":"<p>Un syst\u00e8me complet en deux \u00e9tapes pour revitaliser les peaux fatigu\u00e9es Nos s\u00e9rums HYDRA PLUMP et BOOST C agissent en<\/p>\n","protected":false},"featured_media":5196,"comment_status":"open","ping_status":"closed","template":"","meta":{"_acf_changed":false},"product_brand":[],"product_cat":[139],"product_tag":[137],"class_list":{"0":"post-5192","1":"product","2":"type-product","3":"status-publish","4":"has-post-thumbnail","6":"product_cat-offres","7":"product_tag-promo-youth-en-fr","9":"first","10":"instock","11":"taxable","12":"shipping-taxable","13":"purchasable","14":"product-type-simple"},"acf":[],"yoast_head":"<!-- This site is optimized with the Yoast SEO Premium plugin v27.4 (Yoast SEO v27.4) - https:\/\/yoast.com\/product\/yoast-seo-premium-wordpress\/ -->\n<title>DUO PROTECTION - HYDRA PLUMP + BOOST C - Pariderm<\/title>\n<meta name=\"robots\" content=\"index, follow, max-snippet:-1, max-image-preview:large, max-video-preview:-1\" \/>\n<link rel=\"canonical\" href=\"https:\/\/pariderm.com\/fr\/product\/duo-protect-hydra-plump-boost-c\/\" \/>\n<meta property=\"og:locale\" content=\"fr_FR\" \/>\n<meta property=\"og:type\" content=\"article\" \/>\n<meta property=\"og:title\" content=\"DUO PROTECTION - HYDRA PLUMP + BOOST C\" \/>\n<meta property=\"og:description\" content=\"Un syst\u00e8me complet en deux \u00e9tapes pour revitaliser les peaux fatigu\u00e9es Nos s\u00e9rums HYDRA PLUMP et BOOST C agissent en\" \/>\n<meta property=\"og:url\" content=\"https:\/\/pariderm.com\/fr\/product\/duo-protect-hydra-plump-boost-c\/\" \/>\n<meta property=\"og:site_name\" content=\"Pariderm\" \/>\n<meta property=\"article:modified_time\" content=\"2026-01-08T14:57:55+00:00\" \/>\n<meta property=\"og:image\" content=\"https:\/\/pariderm.com\/wp-content\/uploads\/2026\/01\/DUO-PROTECTION-EN-1024x1024.png\" \/>\n\t<meta property=\"og:image:width\" content=\"1024\" \/>\n\t<meta property=\"og:image:height\" content=\"1024\" \/>\n\t<meta property=\"og:image:type\" content=\"image\/png\" \/>\n<meta name=\"twitter:card\" content=\"summary_large_image\" \/>\n<meta name=\"twitter:label1\" content=\"Dur\u00e9e de lecture estim\u00e9e\" \/>\n\t<meta name=\"twitter:data1\" content=\"2 minutes\" \/>\n<script type=\"application\/ld+json\" class=\"yoast-schema-graph\">{\"@context\":\"https:\\\/\\\/schema.org\",\"@graph\":[{\"@type\":\"WebPage\",\"@id\":\"https:\\\/\\\/pariderm.com\\\/fr\\\/product\\\/duo-protect-hydra-plump-boost-c\\\/\",\"url\":\"https:\\\/\\\/pariderm.com\\\/fr\\\/product\\\/duo-protect-hydra-plump-boost-c\\\/\",\"name\":\"DUO PROTECTION - HYDRA PLUMP + BOOST C - Pariderm\",\"isPartOf\":{\"@id\":\"https:\\\/\\\/pariderm.com\\\/fr\\\/#website\"},\"primaryImageOfPage\":{\"@id\":\"https:\\\/\\\/pariderm.com\\\/fr\\\/product\\\/duo-protect-hydra-plump-boost-c\\\/#primaryimage\"},\"image\":{\"@id\":\"https:\\\/\\\/pariderm.com\\\/fr\\\/product\\\/duo-protect-hydra-plump-boost-c\\\/#primaryimage\"},\"thumbnailUrl\":\"https:\\\/\\\/pariderm.com\\\/wp-content\\\/uploads\\\/2026\\\/01\\\/DUO-PROTECTION-EN.png\",\"datePublished\":\"2026-01-07T15:07:37+00:00\",\"dateModified\":\"2026-01-08T14:57:55+00:00\",\"breadcrumb\":{\"@id\":\"https:\\\/\\\/pariderm.com\\\/fr\\\/product\\\/duo-protect-hydra-plump-boost-c\\\/#breadcrumb\"},\"inLanguage\":\"fr-FR\",\"potentialAction\":[{\"@type\":\"ReadAction\",\"target\":[\"https:\\\/\\\/pariderm.com\\\/fr\\\/product\\\/duo-protect-hydra-plump-boost-c\\\/\"]}]},{\"@type\":\"ImageObject\",\"inLanguage\":\"fr-FR\",\"@id\":\"https:\\\/\\\/pariderm.com\\\/fr\\\/product\\\/duo-protect-hydra-plump-boost-c\\\/#primaryimage\",\"url\":\"https:\\\/\\\/pariderm.com\\\/wp-content\\\/uploads\\\/2026\\\/01\\\/DUO-PROTECTION-EN.png\",\"contentUrl\":\"https:\\\/\\\/pariderm.com\\\/wp-content\\\/uploads\\\/2026\\\/01\\\/DUO-PROTECTION-EN.png\",\"width\":2250,\"height\":2250},{\"@type\":\"BreadcrumbList\",\"@id\":\"https:\\\/\\\/pariderm.com\\\/fr\\\/product\\\/duo-protect-hydra-plump-boost-c\\\/#breadcrumb\",\"itemListElement\":[{\"@type\":\"ListItem\",\"position\":1,\"name\":\"Home\",\"item\":\"https:\\\/\\\/pariderm.com\\\/fr\\\/\"},{\"@type\":\"ListItem\",\"position\":2,\"name\":\"Boutique\",\"item\":\"https:\\\/\\\/pariderm.com\\\/shop\\\/\"},{\"@type\":\"ListItem\",\"position\":3,\"name\":\"DUO PROTECTION &#8211; HYDRA PLUMP + BOOST C\"}]},{\"@type\":\"WebSite\",\"@id\":\"https:\\\/\\\/pariderm.com\\\/fr\\\/#website\",\"url\":\"https:\\\/\\\/pariderm.com\\\/fr\\\/\",\"name\":\"PARIDERM\",\"description\":\"\",\"publisher\":{\"@id\":\"https:\\\/\\\/pariderm.com\\\/fr\\\/#organization\"},\"potentialAction\":[{\"@type\":\"SearchAction\",\"target\":{\"@type\":\"EntryPoint\",\"urlTemplate\":\"https:\\\/\\\/pariderm.com\\\/fr\\\/?s={search_term_string}\"},\"query-input\":{\"@type\":\"PropertyValueSpecification\",\"valueRequired\":true,\"valueName\":\"search_term_string\"}}],\"inLanguage\":\"fr-FR\"},{\"@type\":\"Organization\",\"@id\":\"https:\\\/\\\/pariderm.com\\\/fr\\\/#organization\",\"name\":\"PARIDERM\",\"url\":\"https:\\\/\\\/pariderm.com\\\/fr\\\/\",\"logo\":{\"@type\":\"ImageObject\",\"inLanguage\":\"fr-FR\",\"@id\":\"https:\\\/\\\/pariderm.com\\\/fr\\\/#\\\/schema\\\/logo\\\/image\\\/\",\"url\":\"https:\\\/\\\/pariderm.com\\\/wp-content\\\/uploads\\\/2024\\\/10\\\/header-logo1.png\",\"contentUrl\":\"https:\\\/\\\/pariderm.com\\\/wp-content\\\/uploads\\\/2024\\\/10\\\/header-logo1.png\",\"width\":343,\"height\":168,\"caption\":\"PARIDERM\"},\"image\":{\"@id\":\"https:\\\/\\\/pariderm.com\\\/fr\\\/#\\\/schema\\\/logo\\\/image\\\/\"},\"sameAs\":[\"https:\\\/\\\/www.instagram.com\\\/paridermofficial\\\/\",\"https:\\\/\\\/www.linkedin.com\\\/company\\\/pariderm\"]}]}<\/script>\n<!-- \/ Yoast SEO Premium plugin. -->","yoast_head_json":{"title":"DUO PROTECTION - HYDRA PLUMP + BOOST C - Pariderm","robots":{"index":"index","follow":"follow","max-snippet":"max-snippet:-1","max-image-preview":"max-image-preview:large","max-video-preview":"max-video-preview:-1"},"canonical":"https:\/\/pariderm.com\/fr\/product\/duo-protect-hydra-plump-boost-c\/","og_locale":"fr_FR","og_type":"article","og_title":"DUO PROTECTION - HYDRA PLUMP + BOOST C","og_description":"Un syst\u00e8me complet en deux \u00e9tapes pour revitaliser les peaux fatigu\u00e9es Nos s\u00e9rums HYDRA PLUMP et BOOST C agissent en","og_url":"https:\/\/pariderm.com\/fr\/product\/duo-protect-hydra-plump-boost-c\/","og_site_name":"Pariderm","article_modified_time":"2026-01-08T14:57:55+00:00","og_image":[{"width":1024,"height":1024,"url":"https:\/\/pariderm.com\/wp-content\/uploads\/2026\/01\/DUO-PROTECTION-EN-1024x1024.png","type":"image\/png"}],"twitter_card":"summary_large_image","twitter_misc":{"Dur\u00e9e de lecture estim\u00e9e":"2 minutes"},"schema":{"@context":"https:\/\/schema.org","@graph":[{"@type":"WebPage","@id":"https:\/\/pariderm.com\/fr\/product\/duo-protect-hydra-plump-boost-c\/","url":"https:\/\/pariderm.com\/fr\/product\/duo-protect-hydra-plump-boost-c\/","name":"DUO PROTECTION - HYDRA PLUMP + BOOST C - Pariderm","isPartOf":{"@id":"https:\/\/pariderm.com\/fr\/#website"},"primaryImageOfPage":{"@id":"https:\/\/pariderm.com\/fr\/product\/duo-protect-hydra-plump-boost-c\/#primaryimage"},"image":{"@id":"https:\/\/pariderm.com\/fr\/product\/duo-protect-hydra-plump-boost-c\/#primaryimage"},"thumbnailUrl":"https:\/\/pariderm.com\/wp-content\/uploads\/2026\/01\/DUO-PROTECTION-EN.png","datePublished":"2026-01-07T15:07:37+00:00","dateModified":"2026-01-08T14:57:55+00:00","breadcrumb":{"@id":"https:\/\/pariderm.com\/fr\/product\/duo-protect-hydra-plump-boost-c\/#breadcrumb"},"inLanguage":"fr-FR","potentialAction":[{"@type":"ReadAction","target":["https:\/\/pariderm.com\/fr\/product\/duo-protect-hydra-plump-boost-c\/"]}]},{"@type":"ImageObject","inLanguage":"fr-FR","@id":"https:\/\/pariderm.com\/fr\/product\/duo-protect-hydra-plump-boost-c\/#primaryimage","url":"https:\/\/pariderm.com\/wp-content\/uploads\/2026\/01\/DUO-PROTECTION-EN.png","contentUrl":"https:\/\/pariderm.com\/wp-content\/uploads\/2026\/01\/DUO-PROTECTION-EN.png","width":2250,"height":2250},{"@type":"BreadcrumbList","@id":"https:\/\/pariderm.com\/fr\/product\/duo-protect-hydra-plump-boost-c\/#breadcrumb","itemListElement":[{"@type":"ListItem","position":1,"name":"Home","item":"https:\/\/pariderm.com\/fr\/"},{"@type":"ListItem","position":2,"name":"Boutique","item":"https:\/\/pariderm.com\/shop\/"},{"@type":"ListItem","position":3,"name":"DUO PROTECTION &#8211; HYDRA PLUMP + BOOST C"}]},{"@type":"WebSite","@id":"https:\/\/pariderm.com\/fr\/#website","url":"https:\/\/pariderm.com\/fr\/","name":"PARIDERM","description":"","publisher":{"@id":"https:\/\/pariderm.com\/fr\/#organization"},"potentialAction":[{"@type":"SearchAction","target":{"@type":"EntryPoint","urlTemplate":"https:\/\/pariderm.com\/fr\/?s={search_term_string}"},"query-input":{"@type":"PropertyValueSpecification","valueRequired":true,"valueName":"search_term_string"}}],"inLanguage":"fr-FR"},{"@type":"Organization","@id":"https:\/\/pariderm.com\/fr\/#organization","name":"PARIDERM","url":"https:\/\/pariderm.com\/fr\/","logo":{"@type":"ImageObject","inLanguage":"fr-FR","@id":"https:\/\/pariderm.com\/fr\/#\/schema\/logo\/image\/","url":"https:\/\/pariderm.com\/wp-content\/uploads\/2024\/10\/header-logo1.png","contentUrl":"https:\/\/pariderm.com\/wp-content\/uploads\/2024\/10\/header-logo1.png","width":343,"height":168,"caption":"PARIDERM"},"image":{"@id":"https:\/\/pariderm.com\/fr\/#\/schema\/logo\/image\/"},"sameAs":["https:\/\/www.instagram.com\/paridermofficial\/","https:\/\/www.linkedin.com\/company\/pariderm"]}]}},"_links":{"self":[{"href":"https:\/\/pariderm.com\/fr\/wp-json\/wp\/v2\/product\/5192","targetHints":{"allow":["GET"]}}],"collection":[{"href":"https:\/\/pariderm.com\/fr\/wp-json\/wp\/v2\/product"}],"about":[{"href":"https:\/\/pariderm.com\/fr\/wp-json\/wp\/v2\/types\/product"}],"replies":[{"embeddable":true,"href":"https:\/\/pariderm.com\/fr\/wp-json\/wp\/v2\/comments?post=5192"}],"wp:featuredmedia":[{"embeddable":true,"href":"https:\/\/pariderm.com\/fr\/wp-json\/wp\/v2\/media\/5196"}],"wp:attachment":[{"href":"https:\/\/pariderm.com\/fr\/wp-json\/wp\/v2\/media?parent=5192"}],"wp:term":[{"taxonomy":"product_brand","embeddable":true,"href":"https:\/\/pariderm.com\/fr\/wp-json\/wp\/v2\/product_brand?post=5192"},{"taxonomy":"product_cat","embeddable":true,"href":"https:\/\/pariderm.com\/fr\/wp-json\/wp\/v2\/product_cat?post=5192"},{"taxonomy":"product_tag","embeddable":true,"href":"https:\/\/pariderm.com\/fr\/wp-json\/wp\/v2\/product_tag?post=5192"}],"curies":[{"name":"wp","href":"https:\/\/api.w.org\/{rel}","templated":true}]}}