{"id":4894,"date":"2025-11-07T12:12:30","date_gmt":"2025-11-07T12:12:30","guid":{"rendered":"https:\/\/pariderm.com\/product\/duo-bright\/"},"modified":"2026-01-26T14:16:08","modified_gmt":"2026-01-26T14:16:08","slug":"duo-bright","status":"publish","type":"product","link":"https:\/\/pariderm.com\/fr\/product\/duo-bright\/","title":{"rendered":"DUO CLARTE &#8211; BOOST C + BOOST GLOW"},"content":{"rendered":"<h3>BIENFAITS DU PACK<\/h3>\n<p>D\u00e9couvrez la synergie de deux traitements cibl\u00e9s et obtenez un teint visiblement plus lumineux, plus uniforme et \u00e9clatant, de jour comme de nuit.<\/p>\n<p>Riche en antioxydants puissants, <strong>BOOST C<\/strong> contribue \u00e0 :<\/p>\n<p>-Illuminer votre teint pour un \u00e9clat visible.<\/p>\n<p>-Uniformiser le teint en r\u00e9duisant l\u2019apparence des taches brunes et de l\u2019hyperpigmentation.<\/p>\n<p>-Prot\u00e9ger contre les dommages des radicaux libres, aidant ainsi \u00e0 pr\u00e9venir le vieillissement pr\u00e9matur\u00e9.<\/p>\n<p>La formule avanc\u00e9e de <strong>BOOST GLOW<\/strong> est con\u00e7ue pour :<\/p>\n<p>-Att\u00e9nuer l\u2019apparence des taches sombres et des d\u00e9colorations pour un teint plus uniforme.<\/p>\n<p>-Stimuler le processus de r\u00e9g\u00e9n\u00e9ration naturelle de la peau, r\u00e9v\u00e9lant une peau plus fra\u00eeche et plus lumineuse au r\u00e9veil.<\/p>\n<p>-Nourrir et hydrater, vous assurant de vous r\u00e9veiller avec une peau douce et souple.<\/p>\n<p>&nbsp;<\/p>\n<h3>DESCRIPTION BOOST C<\/h3>\n<p><strong>BOOST C<\/strong> est un s\u00e9rum quotidien antioxydant et tonifiant associant 3% de vitamine C stabilis\u00e9e \u00e0 l\u2019acide hyaluronique. Il prot\u00e8ge la peau contre le stress oxydatif* qui favorise le vieillissement cutan\u00e9 pr\u00e9matur\u00e9. BOOST C maintient l\u2019\u00e9clat et la luminosit\u00e9 de la peau apportant ainsi une hydratation durable. Le grain de peau est affin\u00e9, le teint est plus uniforme, la peau est plus lisse et velout\u00e9e. Texture l\u00e9g\u00e8re rapidement absorb\u00e9e, non grasse et non collante. Adapt\u00e9 aux peaux jeunes.<br \/>\n*Test in vitro<\/p>\n<h3>DESCRIPTION BOOST GLOW<\/h3>\n<p><strong>BOOST GLOW<\/strong> est un s\u00e9rum nuit \u00e9claircissant qui illumine la peau, am\u00e9liore son \u00e9clat et unifie le teint. Il r\u00e9duit les imperfections, combat les taches brunes et pr\u00e9vient l\u2019apparition de nouvelles taches. L\u2019acide glycolique exerce une l\u00e9g\u00e8re action exfoliante tandis que l\u2019extrait d\u2019AHA hydrate la peau en douceur. Texture \u00e0 absorption rapide, non grasse et non collante. Non com\u00e9dog\u00e8ne.<\/p>\n<h3>MODE D\u2019EMPLOI<\/h3>\n<p>Commencez votre routine de soins par l\u2019application de <strong>BOOST C<\/strong> le matin.<\/p>\n<p>Appliquez 3 \u00e0 4 gouttes de BOOST C s\u00e9rum la nuit sur le visage et le cou bien nettoy\u00e9s et suivez par une application d\u2019une couche fine de <strong>BOOST GLOW<\/strong> en massant d\u00e9licatement le s\u00e9rum sur le visage et le cou bien nettoy\u00e9s jusqu\u2019\u00e0 absorption compl\u00e8te.<\/p>\n<p>Appliquez le lendemain votre \u00e9cran solaire et si besoin votre maquillage.<\/p>\n<p>&nbsp;<\/p>\n<h3>EFFICACIT\u00c9 BOOST C<\/h3>\n<p>95% peau plus \u00e9clatante*.<br \/>\n86% peau plus prot\u00e9g\u00e9e*.<br \/>\n*test d\u2019usage sur 22 hommes et femmes pendant 28 jours d\u2019utilisation. % de satisfaction<\/p>\n<p>&nbsp;<\/p>\n<h3>EFFICACIT\u00c9 BOOST GLOW<\/h3>\n<p>100% peau plus \u00e9clatante*<br \/>\n82% diminution de taches brunes *.<br \/>\n96% unification du teint*.<\/p>\n<p>*test d\u2019usage avec mesure de l\u2019indice de m\u00e9lanine et de l\u2019angle de typologie individuelle sur 22 femmes pendant 56 jours d\u2019utilisation. % de satisfaction<\/p>\n","protected":false},"excerpt":{"rendered":"<p>BIENFAITS DU PACK D\u00e9couvrez la synergie de deux traitements cibl\u00e9s et obtenez un teint visiblement plus lumineux, plus uniforme et<\/p>\n","protected":false},"featured_media":4879,"comment_status":"open","ping_status":"closed","template":"","meta":{"_acf_changed":false},"product_brand":[],"product_cat":[139],"product_tag":[137],"class_list":{"0":"post-4894","1":"product","2":"type-product","3":"status-publish","4":"has-post-thumbnail","6":"product_cat-offres","7":"product_tag-promo-youth-en-fr","9":"first","10":"instock","11":"taxable","12":"shipping-taxable","13":"purchasable","14":"product-type-simple"},"acf":[],"yoast_head":"<!-- This site is optimized with the Yoast SEO Premium plugin v27.4 (Yoast SEO v27.4) - https:\/\/yoast.com\/product\/yoast-seo-premium-wordpress\/ -->\n<title>DUO CLARTE - BOOST C + BOOST GLOW - Pariderm<\/title>\n<meta name=\"robots\" content=\"index, follow, max-snippet:-1, max-image-preview:large, max-video-preview:-1\" \/>\n<link rel=\"canonical\" href=\"https:\/\/pariderm.com\/fr\/product\/duo-bright\/\" \/>\n<meta property=\"og:locale\" content=\"fr_FR\" \/>\n<meta property=\"og:type\" content=\"article\" \/>\n<meta property=\"og:title\" content=\"DUO CLARTE - BOOST C + BOOST GLOW\" \/>\n<meta property=\"og:description\" content=\"BIENFAITS DU PACK D\u00e9couvrez la synergie de deux traitements cibl\u00e9s et obtenez un teint visiblement plus lumineux, plus uniforme et\" \/>\n<meta property=\"og:url\" content=\"https:\/\/pariderm.com\/fr\/product\/duo-bright\/\" \/>\n<meta property=\"og:site_name\" content=\"Pariderm\" \/>\n<meta property=\"article:modified_time\" content=\"2026-01-26T14:16:08+00:00\" \/>\n<meta property=\"og:image\" content=\"https:\/\/pariderm.com\/wp-content\/uploads\/2025\/11\/DUO-ULTRA-CLARTE-FR-2.png\" \/>\n\t<meta property=\"og:image:width\" content=\"2250\" \/>\n\t<meta property=\"og:image:height\" content=\"2250\" \/>\n\t<meta property=\"og:image:type\" content=\"image\/png\" \/>\n<meta name=\"twitter:card\" content=\"summary_large_image\" \/>\n<meta name=\"twitter:label1\" content=\"Dur\u00e9e de lecture estim\u00e9e\" \/>\n\t<meta name=\"twitter:data1\" content=\"2 minutes\" \/>\n<script type=\"application\/ld+json\" class=\"yoast-schema-graph\">{\"@context\":\"https:\\\/\\\/schema.org\",\"@graph\":[{\"@type\":\"WebPage\",\"@id\":\"https:\\\/\\\/pariderm.com\\\/fr\\\/product\\\/duo-bright\\\/\",\"url\":\"https:\\\/\\\/pariderm.com\\\/fr\\\/product\\\/duo-bright\\\/\",\"name\":\"DUO CLARTE - BOOST C + BOOST GLOW - Pariderm\",\"isPartOf\":{\"@id\":\"https:\\\/\\\/pariderm.com\\\/fr\\\/#website\"},\"primaryImageOfPage\":{\"@id\":\"https:\\\/\\\/pariderm.com\\\/fr\\\/product\\\/duo-bright\\\/#primaryimage\"},\"image\":{\"@id\":\"https:\\\/\\\/pariderm.com\\\/fr\\\/product\\\/duo-bright\\\/#primaryimage\"},\"thumbnailUrl\":\"https:\\\/\\\/pariderm.com\\\/wp-content\\\/uploads\\\/2025\\\/11\\\/DUO-ULTRA-CLARTE-FR-2.png\",\"datePublished\":\"2025-11-07T12:12:30+00:00\",\"dateModified\":\"2026-01-26T14:16:08+00:00\",\"breadcrumb\":{\"@id\":\"https:\\\/\\\/pariderm.com\\\/fr\\\/product\\\/duo-bright\\\/#breadcrumb\"},\"inLanguage\":\"fr-FR\",\"potentialAction\":[{\"@type\":\"ReadAction\",\"target\":[\"https:\\\/\\\/pariderm.com\\\/fr\\\/product\\\/duo-bright\\\/\"]}]},{\"@type\":\"ImageObject\",\"inLanguage\":\"fr-FR\",\"@id\":\"https:\\\/\\\/pariderm.com\\\/fr\\\/product\\\/duo-bright\\\/#primaryimage\",\"url\":\"https:\\\/\\\/pariderm.com\\\/wp-content\\\/uploads\\\/2025\\\/11\\\/DUO-ULTRA-CLARTE-FR-2.png\",\"contentUrl\":\"https:\\\/\\\/pariderm.com\\\/wp-content\\\/uploads\\\/2025\\\/11\\\/DUO-ULTRA-CLARTE-FR-2.png\",\"width\":2250,\"height\":2250},{\"@type\":\"BreadcrumbList\",\"@id\":\"https:\\\/\\\/pariderm.com\\\/fr\\\/product\\\/duo-bright\\\/#breadcrumb\",\"itemListElement\":[{\"@type\":\"ListItem\",\"position\":1,\"name\":\"Home\",\"item\":\"https:\\\/\\\/pariderm.com\\\/fr\\\/\"},{\"@type\":\"ListItem\",\"position\":2,\"name\":\"Boutique\",\"item\":\"https:\\\/\\\/pariderm.com\\\/shop\\\/\"},{\"@type\":\"ListItem\",\"position\":3,\"name\":\"DUO CLARTE &#8211; BOOST C + BOOST GLOW\"}]},{\"@type\":\"WebSite\",\"@id\":\"https:\\\/\\\/pariderm.com\\\/fr\\\/#website\",\"url\":\"https:\\\/\\\/pariderm.com\\\/fr\\\/\",\"name\":\"PARIDERM\",\"description\":\"\",\"publisher\":{\"@id\":\"https:\\\/\\\/pariderm.com\\\/fr\\\/#organization\"},\"potentialAction\":[{\"@type\":\"SearchAction\",\"target\":{\"@type\":\"EntryPoint\",\"urlTemplate\":\"https:\\\/\\\/pariderm.com\\\/fr\\\/?s={search_term_string}\"},\"query-input\":{\"@type\":\"PropertyValueSpecification\",\"valueRequired\":true,\"valueName\":\"search_term_string\"}}],\"inLanguage\":\"fr-FR\"},{\"@type\":\"Organization\",\"@id\":\"https:\\\/\\\/pariderm.com\\\/fr\\\/#organization\",\"name\":\"PARIDERM\",\"url\":\"https:\\\/\\\/pariderm.com\\\/fr\\\/\",\"logo\":{\"@type\":\"ImageObject\",\"inLanguage\":\"fr-FR\",\"@id\":\"https:\\\/\\\/pariderm.com\\\/fr\\\/#\\\/schema\\\/logo\\\/image\\\/\",\"url\":\"https:\\\/\\\/pariderm.com\\\/wp-content\\\/uploads\\\/2024\\\/10\\\/header-logo1.png\",\"contentUrl\":\"https:\\\/\\\/pariderm.com\\\/wp-content\\\/uploads\\\/2024\\\/10\\\/header-logo1.png\",\"width\":343,\"height\":168,\"caption\":\"PARIDERM\"},\"image\":{\"@id\":\"https:\\\/\\\/pariderm.com\\\/fr\\\/#\\\/schema\\\/logo\\\/image\\\/\"},\"sameAs\":[\"https:\\\/\\\/www.instagram.com\\\/paridermofficial\\\/\",\"https:\\\/\\\/www.linkedin.com\\\/company\\\/pariderm\"]}]}<\/script>\n<!-- \/ Yoast SEO Premium plugin. -->","yoast_head_json":{"title":"DUO CLARTE - BOOST C + BOOST GLOW - Pariderm","robots":{"index":"index","follow":"follow","max-snippet":"max-snippet:-1","max-image-preview":"max-image-preview:large","max-video-preview":"max-video-preview:-1"},"canonical":"https:\/\/pariderm.com\/fr\/product\/duo-bright\/","og_locale":"fr_FR","og_type":"article","og_title":"DUO CLARTE - BOOST C + BOOST GLOW","og_description":"BIENFAITS DU PACK D\u00e9couvrez la synergie de deux traitements cibl\u00e9s et obtenez un teint visiblement plus lumineux, plus uniforme et","og_url":"https:\/\/pariderm.com\/fr\/product\/duo-bright\/","og_site_name":"Pariderm","article_modified_time":"2026-01-26T14:16:08+00:00","og_image":[{"width":2250,"height":2250,"url":"https:\/\/pariderm.com\/wp-content\/uploads\/2025\/11\/DUO-ULTRA-CLARTE-FR-2.png","type":"image\/png"}],"twitter_card":"summary_large_image","twitter_misc":{"Dur\u00e9e de lecture estim\u00e9e":"2 minutes"},"schema":{"@context":"https:\/\/schema.org","@graph":[{"@type":"WebPage","@id":"https:\/\/pariderm.com\/fr\/product\/duo-bright\/","url":"https:\/\/pariderm.com\/fr\/product\/duo-bright\/","name":"DUO CLARTE - BOOST C + BOOST GLOW - Pariderm","isPartOf":{"@id":"https:\/\/pariderm.com\/fr\/#website"},"primaryImageOfPage":{"@id":"https:\/\/pariderm.com\/fr\/product\/duo-bright\/#primaryimage"},"image":{"@id":"https:\/\/pariderm.com\/fr\/product\/duo-bright\/#primaryimage"},"thumbnailUrl":"https:\/\/pariderm.com\/wp-content\/uploads\/2025\/11\/DUO-ULTRA-CLARTE-FR-2.png","datePublished":"2025-11-07T12:12:30+00:00","dateModified":"2026-01-26T14:16:08+00:00","breadcrumb":{"@id":"https:\/\/pariderm.com\/fr\/product\/duo-bright\/#breadcrumb"},"inLanguage":"fr-FR","potentialAction":[{"@type":"ReadAction","target":["https:\/\/pariderm.com\/fr\/product\/duo-bright\/"]}]},{"@type":"ImageObject","inLanguage":"fr-FR","@id":"https:\/\/pariderm.com\/fr\/product\/duo-bright\/#primaryimage","url":"https:\/\/pariderm.com\/wp-content\/uploads\/2025\/11\/DUO-ULTRA-CLARTE-FR-2.png","contentUrl":"https:\/\/pariderm.com\/wp-content\/uploads\/2025\/11\/DUO-ULTRA-CLARTE-FR-2.png","width":2250,"height":2250},{"@type":"BreadcrumbList","@id":"https:\/\/pariderm.com\/fr\/product\/duo-bright\/#breadcrumb","itemListElement":[{"@type":"ListItem","position":1,"name":"Home","item":"https:\/\/pariderm.com\/fr\/"},{"@type":"ListItem","position":2,"name":"Boutique","item":"https:\/\/pariderm.com\/shop\/"},{"@type":"ListItem","position":3,"name":"DUO CLARTE &#8211; BOOST C + BOOST GLOW"}]},{"@type":"WebSite","@id":"https:\/\/pariderm.com\/fr\/#website","url":"https:\/\/pariderm.com\/fr\/","name":"PARIDERM","description":"","publisher":{"@id":"https:\/\/pariderm.com\/fr\/#organization"},"potentialAction":[{"@type":"SearchAction","target":{"@type":"EntryPoint","urlTemplate":"https:\/\/pariderm.com\/fr\/?s={search_term_string}"},"query-input":{"@type":"PropertyValueSpecification","valueRequired":true,"valueName":"search_term_string"}}],"inLanguage":"fr-FR"},{"@type":"Organization","@id":"https:\/\/pariderm.com\/fr\/#organization","name":"PARIDERM","url":"https:\/\/pariderm.com\/fr\/","logo":{"@type":"ImageObject","inLanguage":"fr-FR","@id":"https:\/\/pariderm.com\/fr\/#\/schema\/logo\/image\/","url":"https:\/\/pariderm.com\/wp-content\/uploads\/2024\/10\/header-logo1.png","contentUrl":"https:\/\/pariderm.com\/wp-content\/uploads\/2024\/10\/header-logo1.png","width":343,"height":168,"caption":"PARIDERM"},"image":{"@id":"https:\/\/pariderm.com\/fr\/#\/schema\/logo\/image\/"},"sameAs":["https:\/\/www.instagram.com\/paridermofficial\/","https:\/\/www.linkedin.com\/company\/pariderm"]}]}},"_links":{"self":[{"href":"https:\/\/pariderm.com\/fr\/wp-json\/wp\/v2\/product\/4894","targetHints":{"allow":["GET"]}}],"collection":[{"href":"https:\/\/pariderm.com\/fr\/wp-json\/wp\/v2\/product"}],"about":[{"href":"https:\/\/pariderm.com\/fr\/wp-json\/wp\/v2\/types\/product"}],"replies":[{"embeddable":true,"href":"https:\/\/pariderm.com\/fr\/wp-json\/wp\/v2\/comments?post=4894"}],"wp:featuredmedia":[{"embeddable":true,"href":"https:\/\/pariderm.com\/fr\/wp-json\/wp\/v2\/media\/4879"}],"wp:attachment":[{"href":"https:\/\/pariderm.com\/fr\/wp-json\/wp\/v2\/media?parent=4894"}],"wp:term":[{"taxonomy":"product_brand","embeddable":true,"href":"https:\/\/pariderm.com\/fr\/wp-json\/wp\/v2\/product_brand?post=4894"},{"taxonomy":"product_cat","embeddable":true,"href":"https:\/\/pariderm.com\/fr\/wp-json\/wp\/v2\/product_cat?post=4894"},{"taxonomy":"product_tag","embeddable":true,"href":"https:\/\/pariderm.com\/fr\/wp-json\/wp\/v2\/product_tag?post=4894"}],"curies":[{"name":"wp","href":"https:\/\/api.w.org\/{rel}","templated":true}]}}