{"id":4892,"date":"2025-11-07T12:12:27","date_gmt":"2025-11-07T12:12:27","guid":{"rendered":"https:\/\/pariderm.com\/product\/duo-youth\/"},"modified":"2025-11-10T09:09:51","modified_gmt":"2025-11-10T09:09:51","slug":"duo-youth","status":"publish","type":"product","link":"https:\/\/pariderm.com\/fr\/product\/duo-youth\/","title":{"rendered":"DUO JEUNESSE &#8211; BOOST LIFT + BOOST EYE"},"content":{"rendered":"<p><strong>Le duo expert pour lisser les rides, r\u00e9duire les signes de fatigue et raffermir la peau<\/strong><\/p>\n<p>Le pack Anti-\u00e2ge PARIDERM, une routine anti-\u00e2ge compl\u00e8te combinant deux produits de soin embl\u00e9matiques : une cr\u00e8me contour des yeux anti-rides et une cr\u00e8me hydratante et raffermissante<\/p>\n<p><b>BOOST EYE \u2013 Cr\u00e8me contour des yeux anti-rides<br \/>\n<\/b><\/p>\n<ul>\n<li>R\u00e9duit l\u2019apparence des rides et ridules<\/li>\n<li>Diminue visiblement les poches sous les yeux<\/li>\n<li>Hydrate et apaise le contour des yeux<\/li>\n<li>Texture l\u00e9g\u00e8re compatible avec le maquillage<\/li>\n<li>Test\u00e9 ophtalmologiquement<\/li>\n<\/ul>\n<p>&nbsp;<\/p>\n<p><b>BOOST LIFT \u2013 Cr\u00e8me fermet\u00e9 pour r\u00e9duire instantan\u00e9ment la visibilit\u00e9 des ridules<\/b><\/p>\n<ul>\n<li>Couverture imm\u00e9diate des rides<\/li>\n<li>Meilleure \u00e9lasticit\u00e9 de la peau<\/li>\n<li>Meilleure hydratation de la peau<\/li>\n<\/ul>\n<h3 data-start=\"1398\" data-end=\"1433\"><strong data-start=\"1405\" data-end=\"1433\">BOOST EYE<\/strong><\/h3>\n<p data-start=\"1435\" data-end=\"1804\"><strong>BOOST EYE<\/strong>\u00a0est une cr\u00e8me contour des yeux anti-rides enrichie en acide hyaluronique et en peptides tels que Matrixyl\u00ae 3000 pour traiter le contour global des yeux. Les rides et les lignes d\u2019expression sont att\u00e9nu\u00e9es, l\u2019aspect des poches sous les yeux est visiblement r\u00e9duit. Le contour de l\u2019\u0153il est apais\u00e9 et visiblement hydrat\u00e9. Texture l\u00e9g\u00e8re compatible avec le maquillage. Test\u00e9 sous contr\u00f4le ophtalmologique.<\/p>\n<hr data-start=\"1393\" data-end=\"1396\" \/>\n<h3 data-start=\"1398\" data-end=\"1433\"><strong data-start=\"1405\" data-end=\"1433\">BOOST LIFT\u00a0<\/strong><\/h3>\n<p data-start=\"1435\" data-end=\"1804\"><strong>BOOST LIFT<\/strong> est une cr\u00e8me fermet\u00e9 qui hydrate la peau et maintient son \u00e9lasticit\u00e9. Elle am\u00e9liore le tonus de la peau et assure une hydratation optimale tout au long de la journ\u00e9e.<br \/>\nBOOST LIFT r\u00e9duit instantan\u00e9ment la visibilit\u00e9 des ridules et donne une apparence souple et plus radieuse.<br \/>\nTexture l\u00e9g\u00e8re, rapidement absorb\u00e9e, non grasse et non collante. Peut \u00eatre utilis\u00e9 comme base de maquillage.<br \/>\nNON COMEDOGENE<\/p>\n<h3>MODE D\u2019EMPLOI<\/h3>\n<p>Commencez votre routine de soins par l&rsquo;application de BOOST EYE matin et soir. Appliquez 1 goutte de la cr\u00e8me sur le contour des yeux et les paupi\u00e8res bien nettoy\u00e9s. Tapotez doucement jusqu&rsquo;\u00e0 absorption compl\u00e8te.<\/p>\n<p>Appliquez ensuite BOOST LIFT en massant d\u00e9licatement la cr\u00e8me sur le visage et le cou bien nettoy\u00e9s. Massez doucement jusqu&rsquo;\u00e0 absorption compl\u00e8te.<\/p>\n<p>Appliquez votre \u00e9cran solaire et si besoin votre maquillage.<\/p>\n<p>&nbsp;<\/p>\n<p><strong>Convient \u00e0 :<\/strong><\/p>\n<p>Tous les types de peau, y compris les peaux sensibles<\/p>\n<h3 data-start=\"113\" data-end=\"149\"><strong data-start=\"119\" data-end=\"147\">BOOST EYE \u2013 Efficacit\u00e9 prouv\u00e9e<\/strong><\/h3>\n<ul>\n<li>80% diminution des rides et ridules*<\/li>\n<li>80% d\u2019am\u00e9lioration des poches sous les yeux*.<\/li>\n<\/ul>\n<div class=\"woocommerce-product-details__short-description\">\n<p>Avis : *test d\u2019usage sur 10 femmes pendant 12 semaines d\u2019utilisation. % de satisfaction<\/p>\n<\/div>\n<ul>\n<li style=\"list-style-type: none;\"><\/li>\n<\/ul>\n<hr data-start=\"320\" data-end=\"323\" \/>\n<h3 data-start=\"325\" data-end=\"364\"><strong data-start=\"331\" data-end=\"362\">BOOST LIFT \u2013 Efficacit\u00e9 prouv\u00e9e<\/strong><\/h3>\n<ul data-start=\"365\" data-end=\"635\">\n<li data-start=\"365\" data-end=\"409\">75% d\u2019augmentation de la fermet\u00e9 de la peau*<\/li>\n<li data-start=\"365\" data-end=\"409\">100% d\u2019augmentation de l\u2019hydratation de la peau*.<\/li>\n<li data-start=\"365\" data-end=\"409\">70% d\u2019am\u00e9lioration instantan\u00e9e des ridules*.Avis : *test d\u2019usage sur 20 femmes pendant 12 semaines d\u2019utilisation. % de satisfaction<\/li>\n<\/ul>\n","protected":false},"excerpt":{"rendered":"<p>Le duo expert pour lisser les rides, r\u00e9duire les signes de fatigue et raffermir la peau Le pack Anti-\u00e2ge PARIDERM,<\/p>\n","protected":false},"featured_media":4883,"comment_status":"open","ping_status":"closed","template":"","meta":{"_acf_changed":false},"product_brand":[],"product_cat":[139],"product_tag":[137],"class_list":{"0":"post-4892","1":"product","2":"type-product","3":"status-publish","4":"has-post-thumbnail","6":"product_cat-offres","7":"product_tag-promo-youth-en-fr","9":"first","10":"instock","11":"taxable","12":"shipping-taxable","13":"purchasable","14":"product-type-simple"},"acf":[],"yoast_head":"<!-- This site is optimized with the Yoast SEO Premium plugin v27.4 (Yoast SEO v27.4) - https:\/\/yoast.com\/product\/yoast-seo-premium-wordpress\/ -->\n<title>DUO JEUNESSE - BOOST LIFT + BOOST EYE - Pariderm<\/title>\n<meta name=\"robots\" content=\"index, follow, max-snippet:-1, max-image-preview:large, max-video-preview:-1\" \/>\n<link rel=\"canonical\" href=\"https:\/\/pariderm.com\/fr\/product\/duo-youth\/\" \/>\n<meta property=\"og:locale\" content=\"fr_FR\" \/>\n<meta property=\"og:type\" content=\"article\" \/>\n<meta property=\"og:title\" content=\"DUO JEUNESSE - BOOST LIFT + BOOST EYE\" \/>\n<meta property=\"og:description\" content=\"Le duo expert pour lisser les rides, r\u00e9duire les signes de fatigue et raffermir la peau Le pack Anti-\u00e2ge PARIDERM,\" \/>\n<meta property=\"og:url\" content=\"https:\/\/pariderm.com\/fr\/product\/duo-youth\/\" \/>\n<meta property=\"og:site_name\" content=\"Pariderm\" \/>\n<meta property=\"article:modified_time\" content=\"2025-11-10T09:09:51+00:00\" \/>\n<meta property=\"og:image\" content=\"https:\/\/pariderm.com\/wp-content\/uploads\/2025\/11\/DUO-JEUNESSE-FR-2.png\" \/>\n\t<meta property=\"og:image:width\" content=\"2250\" \/>\n\t<meta property=\"og:image:height\" content=\"2250\" \/>\n\t<meta property=\"og:image:type\" content=\"image\/png\" \/>\n<meta name=\"twitter:card\" content=\"summary_large_image\" \/>\n<meta name=\"twitter:label1\" content=\"Dur\u00e9e de lecture estim\u00e9e\" \/>\n\t<meta name=\"twitter:data1\" content=\"2 minutes\" \/>\n<script type=\"application\/ld+json\" class=\"yoast-schema-graph\">{\"@context\":\"https:\\\/\\\/schema.org\",\"@graph\":[{\"@type\":\"WebPage\",\"@id\":\"https:\\\/\\\/pariderm.com\\\/fr\\\/product\\\/duo-youth\\\/\",\"url\":\"https:\\\/\\\/pariderm.com\\\/fr\\\/product\\\/duo-youth\\\/\",\"name\":\"DUO JEUNESSE - BOOST LIFT + BOOST EYE - Pariderm\",\"isPartOf\":{\"@id\":\"https:\\\/\\\/pariderm.com\\\/fr\\\/#website\"},\"primaryImageOfPage\":{\"@id\":\"https:\\\/\\\/pariderm.com\\\/fr\\\/product\\\/duo-youth\\\/#primaryimage\"},\"image\":{\"@id\":\"https:\\\/\\\/pariderm.com\\\/fr\\\/product\\\/duo-youth\\\/#primaryimage\"},\"thumbnailUrl\":\"https:\\\/\\\/pariderm.com\\\/wp-content\\\/uploads\\\/2025\\\/11\\\/DUO-JEUNESSE-FR-2.png\",\"datePublished\":\"2025-11-07T12:12:27+00:00\",\"dateModified\":\"2025-11-10T09:09:51+00:00\",\"breadcrumb\":{\"@id\":\"https:\\\/\\\/pariderm.com\\\/fr\\\/product\\\/duo-youth\\\/#breadcrumb\"},\"inLanguage\":\"fr-FR\",\"potentialAction\":[{\"@type\":\"ReadAction\",\"target\":[\"https:\\\/\\\/pariderm.com\\\/fr\\\/product\\\/duo-youth\\\/\"]}]},{\"@type\":\"ImageObject\",\"inLanguage\":\"fr-FR\",\"@id\":\"https:\\\/\\\/pariderm.com\\\/fr\\\/product\\\/duo-youth\\\/#primaryimage\",\"url\":\"https:\\\/\\\/pariderm.com\\\/wp-content\\\/uploads\\\/2025\\\/11\\\/DUO-JEUNESSE-FR-2.png\",\"contentUrl\":\"https:\\\/\\\/pariderm.com\\\/wp-content\\\/uploads\\\/2025\\\/11\\\/DUO-JEUNESSE-FR-2.png\",\"width\":2250,\"height\":2250},{\"@type\":\"BreadcrumbList\",\"@id\":\"https:\\\/\\\/pariderm.com\\\/fr\\\/product\\\/duo-youth\\\/#breadcrumb\",\"itemListElement\":[{\"@type\":\"ListItem\",\"position\":1,\"name\":\"Home\",\"item\":\"https:\\\/\\\/pariderm.com\\\/fr\\\/\"},{\"@type\":\"ListItem\",\"position\":2,\"name\":\"Boutique\",\"item\":\"https:\\\/\\\/pariderm.com\\\/shop\\\/\"},{\"@type\":\"ListItem\",\"position\":3,\"name\":\"DUO JEUNESSE &#8211; BOOST LIFT + BOOST EYE\"}]},{\"@type\":\"WebSite\",\"@id\":\"https:\\\/\\\/pariderm.com\\\/fr\\\/#website\",\"url\":\"https:\\\/\\\/pariderm.com\\\/fr\\\/\",\"name\":\"PARIDERM\",\"description\":\"\",\"publisher\":{\"@id\":\"https:\\\/\\\/pariderm.com\\\/fr\\\/#organization\"},\"potentialAction\":[{\"@type\":\"SearchAction\",\"target\":{\"@type\":\"EntryPoint\",\"urlTemplate\":\"https:\\\/\\\/pariderm.com\\\/fr\\\/?s={search_term_string}\"},\"query-input\":{\"@type\":\"PropertyValueSpecification\",\"valueRequired\":true,\"valueName\":\"search_term_string\"}}],\"inLanguage\":\"fr-FR\"},{\"@type\":\"Organization\",\"@id\":\"https:\\\/\\\/pariderm.com\\\/fr\\\/#organization\",\"name\":\"PARIDERM\",\"url\":\"https:\\\/\\\/pariderm.com\\\/fr\\\/\",\"logo\":{\"@type\":\"ImageObject\",\"inLanguage\":\"fr-FR\",\"@id\":\"https:\\\/\\\/pariderm.com\\\/fr\\\/#\\\/schema\\\/logo\\\/image\\\/\",\"url\":\"https:\\\/\\\/pariderm.com\\\/wp-content\\\/uploads\\\/2024\\\/10\\\/header-logo1.png\",\"contentUrl\":\"https:\\\/\\\/pariderm.com\\\/wp-content\\\/uploads\\\/2024\\\/10\\\/header-logo1.png\",\"width\":343,\"height\":168,\"caption\":\"PARIDERM\"},\"image\":{\"@id\":\"https:\\\/\\\/pariderm.com\\\/fr\\\/#\\\/schema\\\/logo\\\/image\\\/\"},\"sameAs\":[\"https:\\\/\\\/www.instagram.com\\\/paridermofficial\\\/\",\"https:\\\/\\\/www.linkedin.com\\\/company\\\/pariderm\"]}]}<\/script>\n<!-- \/ Yoast SEO Premium plugin. -->","yoast_head_json":{"title":"DUO JEUNESSE - BOOST LIFT + BOOST EYE - Pariderm","robots":{"index":"index","follow":"follow","max-snippet":"max-snippet:-1","max-image-preview":"max-image-preview:large","max-video-preview":"max-video-preview:-1"},"canonical":"https:\/\/pariderm.com\/fr\/product\/duo-youth\/","og_locale":"fr_FR","og_type":"article","og_title":"DUO JEUNESSE - BOOST LIFT + BOOST EYE","og_description":"Le duo expert pour lisser les rides, r\u00e9duire les signes de fatigue et raffermir la peau Le pack Anti-\u00e2ge PARIDERM,","og_url":"https:\/\/pariderm.com\/fr\/product\/duo-youth\/","og_site_name":"Pariderm","article_modified_time":"2025-11-10T09:09:51+00:00","og_image":[{"width":2250,"height":2250,"url":"https:\/\/pariderm.com\/wp-content\/uploads\/2025\/11\/DUO-JEUNESSE-FR-2.png","type":"image\/png"}],"twitter_card":"summary_large_image","twitter_misc":{"Dur\u00e9e de lecture estim\u00e9e":"2 minutes"},"schema":{"@context":"https:\/\/schema.org","@graph":[{"@type":"WebPage","@id":"https:\/\/pariderm.com\/fr\/product\/duo-youth\/","url":"https:\/\/pariderm.com\/fr\/product\/duo-youth\/","name":"DUO JEUNESSE - BOOST LIFT + BOOST EYE - Pariderm","isPartOf":{"@id":"https:\/\/pariderm.com\/fr\/#website"},"primaryImageOfPage":{"@id":"https:\/\/pariderm.com\/fr\/product\/duo-youth\/#primaryimage"},"image":{"@id":"https:\/\/pariderm.com\/fr\/product\/duo-youth\/#primaryimage"},"thumbnailUrl":"https:\/\/pariderm.com\/wp-content\/uploads\/2025\/11\/DUO-JEUNESSE-FR-2.png","datePublished":"2025-11-07T12:12:27+00:00","dateModified":"2025-11-10T09:09:51+00:00","breadcrumb":{"@id":"https:\/\/pariderm.com\/fr\/product\/duo-youth\/#breadcrumb"},"inLanguage":"fr-FR","potentialAction":[{"@type":"ReadAction","target":["https:\/\/pariderm.com\/fr\/product\/duo-youth\/"]}]},{"@type":"ImageObject","inLanguage":"fr-FR","@id":"https:\/\/pariderm.com\/fr\/product\/duo-youth\/#primaryimage","url":"https:\/\/pariderm.com\/wp-content\/uploads\/2025\/11\/DUO-JEUNESSE-FR-2.png","contentUrl":"https:\/\/pariderm.com\/wp-content\/uploads\/2025\/11\/DUO-JEUNESSE-FR-2.png","width":2250,"height":2250},{"@type":"BreadcrumbList","@id":"https:\/\/pariderm.com\/fr\/product\/duo-youth\/#breadcrumb","itemListElement":[{"@type":"ListItem","position":1,"name":"Home","item":"https:\/\/pariderm.com\/fr\/"},{"@type":"ListItem","position":2,"name":"Boutique","item":"https:\/\/pariderm.com\/shop\/"},{"@type":"ListItem","position":3,"name":"DUO JEUNESSE &#8211; BOOST LIFT + BOOST EYE"}]},{"@type":"WebSite","@id":"https:\/\/pariderm.com\/fr\/#website","url":"https:\/\/pariderm.com\/fr\/","name":"PARIDERM","description":"","publisher":{"@id":"https:\/\/pariderm.com\/fr\/#organization"},"potentialAction":[{"@type":"SearchAction","target":{"@type":"EntryPoint","urlTemplate":"https:\/\/pariderm.com\/fr\/?s={search_term_string}"},"query-input":{"@type":"PropertyValueSpecification","valueRequired":true,"valueName":"search_term_string"}}],"inLanguage":"fr-FR"},{"@type":"Organization","@id":"https:\/\/pariderm.com\/fr\/#organization","name":"PARIDERM","url":"https:\/\/pariderm.com\/fr\/","logo":{"@type":"ImageObject","inLanguage":"fr-FR","@id":"https:\/\/pariderm.com\/fr\/#\/schema\/logo\/image\/","url":"https:\/\/pariderm.com\/wp-content\/uploads\/2024\/10\/header-logo1.png","contentUrl":"https:\/\/pariderm.com\/wp-content\/uploads\/2024\/10\/header-logo1.png","width":343,"height":168,"caption":"PARIDERM"},"image":{"@id":"https:\/\/pariderm.com\/fr\/#\/schema\/logo\/image\/"},"sameAs":["https:\/\/www.instagram.com\/paridermofficial\/","https:\/\/www.linkedin.com\/company\/pariderm"]}]}},"_links":{"self":[{"href":"https:\/\/pariderm.com\/fr\/wp-json\/wp\/v2\/product\/4892","targetHints":{"allow":["GET"]}}],"collection":[{"href":"https:\/\/pariderm.com\/fr\/wp-json\/wp\/v2\/product"}],"about":[{"href":"https:\/\/pariderm.com\/fr\/wp-json\/wp\/v2\/types\/product"}],"replies":[{"embeddable":true,"href":"https:\/\/pariderm.com\/fr\/wp-json\/wp\/v2\/comments?post=4892"}],"wp:featuredmedia":[{"embeddable":true,"href":"https:\/\/pariderm.com\/fr\/wp-json\/wp\/v2\/media\/4883"}],"wp:attachment":[{"href":"https:\/\/pariderm.com\/fr\/wp-json\/wp\/v2\/media?parent=4892"}],"wp:term":[{"taxonomy":"product_brand","embeddable":true,"href":"https:\/\/pariderm.com\/fr\/wp-json\/wp\/v2\/product_brand?post=4892"},{"taxonomy":"product_cat","embeddable":true,"href":"https:\/\/pariderm.com\/fr\/wp-json\/wp\/v2\/product_cat?post=4892"},{"taxonomy":"product_tag","embeddable":true,"href":"https:\/\/pariderm.com\/fr\/wp-json\/wp\/v2\/product_tag?post=4892"}],"curies":[{"name":"wp","href":"https:\/\/api.w.org\/{rel}","templated":true}]}}