{"id":4891,"date":"2025-11-07T12:12:41","date_gmt":"2025-11-07T12:12:41","guid":{"rendered":"https:\/\/pariderm.com\/product\/duo-hydra\/"},"modified":"2025-11-10T09:09:20","modified_gmt":"2025-11-10T09:09:20","slug":"duo-hydra","status":"publish","type":"product","link":"https:\/\/pariderm.com\/fr\/product\/duo-hydra\/","title":{"rendered":"DUO HYDRA+ &#8211; HYDRA PLUMP + BOOST LIFT"},"content":{"rendered":"<h3>Pack hydratation ultime<\/h3>\n<p>Ce pack est con\u00e7u comme un duo puissant pour cibler les signes cl\u00e9s du vieillissement et de la fatigue en se concentrant \u00e0 la fois sur la fermet\u00e9 et l&rsquo;hydratation intense.<\/p>\n<p><strong>HYDRA PLUMP &#8211; S\u00e9rum quotidien hydratant et repulpant.<\/strong><\/p>\n<ul>\n<li>Effet repulpant<\/li>\n<li>Hydratation multi-niveaux : en surface et en profondeur<\/li>\n<li>Estompe des ridules<\/li>\n<\/ul>\n<p>&nbsp;<\/p>\n<p><b>BOOST LIFT \u2013 <\/b><strong>Cr\u00e8me fermet\u00e9 pour r\u00e9duire instantan\u00e9ment la visibilit\u00e9 des ridules<\/strong><\/p>\n<ul>\n<li>Couverture imm\u00e9diate des rides<\/li>\n<li>Meilleure \u00e9lasticit\u00e9 de la peau<\/li>\n<li>Meilleure hydratation de la peau<\/li>\n<\/ul>\n<h3 data-start=\"1398\" data-end=\"1433\"><\/h3>\n<h3 data-start=\"1398\" data-end=\"1433\">HYDRA PLUMP<\/h3>\n<p>HYDRA PLUMP est un s\u00e9rum hydra-repulpant quotidien enrichi en acide hyaluronique et en vitamine B5 pour un effet hydratant optimal. L\u2019acide hyaluronique de bas poids mol\u00e9culaire stimule l\u2019activit\u00e9 de la peau pour lutter contre les rides et favorise une hydratation prolong\u00e9e Alors que l\u2019acide hyaluronique de haut poids mol\u00e9culaire agit en surface, repulpe la peau et am\u00e9liore son \u00e9lasticit\u00e9. La vitamine B5 maintient la peau bien hydrat\u00e9e en emp\u00eachant la perte d\u2019eau trans\u00e9pidermique. Texture l\u00e9g\u00e8re rapidement absorb\u00e9e, non grasse, non collante.<br \/>\nNON COMEDOGENE.<\/p>\n<p>&nbsp;<\/p>\n<h3 data-start=\"1398\" data-end=\"1433\"><strong data-start=\"1405\" data-end=\"1433\">BOOST LIFT\u00a0<\/strong><\/h3>\n<p>BOOST LIFT est une cr\u00e8me fermet\u00e9 qui hydrate la peau et maintient son \u00e9lasticit\u00e9. Elle am\u00e9liore le tonus de la peau et assure une hydratation optimale tout au long de la journ\u00e9e.<br \/>\nBOOST LIFT r\u00e9duit instantan\u00e9ment la visibilit\u00e9 des ridules et donne une apparence souple et plus radieuse.<br \/>\nTexture l\u00e9g\u00e8re, rapidement absorb\u00e9e, non grasse et non collante. Peut \u00eatre utilis\u00e9 comme base de maquillage.<br \/>\nNON COMEDOGENE<\/p>\n<p>&nbsp;<\/p>\n<h3>MODE D&rsquo;EMPLPOI<\/h3>\n<p>Commencez votre routine de soins par l&rsquo;application d&rsquo;<strong>HYDRA PLUMP<\/strong> matin et soir.<\/p>\n<p>Appliquez 3 \u00e0 5 gouttes de s\u00e9rum sur le visage et le cou bien nettoy\u00e9s.<\/p>\n<p>Tapotez doucement jusqu&rsquo;\u00e0 absorption compl\u00e8te.<\/p>\n<p>Appliquez ensuite <strong>BOOST LIFT<\/strong> en massant d\u00e9licatement la cr\u00e8me.<\/p>\n<p>Appliquez votre \u00e9cran solaire et si besoin votre maquillage.<\/p>\n<p>&nbsp;<\/p>\n<p><strong>Convient \u00e0 :<\/strong><\/p>\n<p>Tous les types de peau, y compris les peaux sensibles<\/p>\n<h3 data-start=\"113\" data-end=\"149\"><strong data-start=\"119\" data-end=\"147\">HYDRA PLUMP \u2013 <\/strong><strong>Efficacit\u00e9 prouv\u00e9e<\/strong><\/h3>\n<ul>\n<li>91% d\u2019hydratation durable*<\/li>\n<li>95% d\u2019augmentation de la fermet\u00e9 de la peau*.<\/li>\n<li>82% d\u2019augmentation du volume de la peau*.<\/li>\n<\/ul>\n<p>Avis : *test d\u2019usage sur 22 hommes et femmes pendant 28 jours. % de satisfaction<\/p>\n<ul>\n<li style=\"list-style-type: none;\"><\/li>\n<\/ul>\n<hr data-start=\"320\" data-end=\"323\" \/>\n<h3 data-start=\"325\" data-end=\"364\"><strong data-start=\"331\" data-end=\"362\">BOOS LIFT \u2013 <\/strong><strong>Efficacit\u00e9 prouv\u00e9e<\/strong><\/h3>\n<ul>\n<li>75% d\u2019augmentation de la fermet\u00e9 de la peau*<\/li>\n<li>100% d\u2019augmentation de l\u2019hydratation de la peau*.<\/li>\n<li>70% d\u2019am\u00e9lioration instantan\u00e9e des ridules*.<\/li>\n<\/ul>\n<p>Avis : *test d\u2019usage sur 20 femmes pendant 12 semaines d\u2019utilisation. % de satisfaction<\/p>\n","protected":false},"excerpt":{"rendered":"<p>Pack hydratation ultime Ce pack est con\u00e7u comme un duo puissant pour cibler les signes cl\u00e9s du vieillissement et de<\/p>\n","protected":false},"featured_media":4861,"comment_status":"open","ping_status":"closed","template":"","meta":{"_acf_changed":false},"product_brand":[],"product_cat":[139],"product_tag":[137],"class_list":{"0":"post-4891","1":"product","2":"type-product","3":"status-publish","4":"has-post-thumbnail","6":"product_cat-offres","7":"product_tag-promo-youth-en-fr","9":"first","10":"instock","11":"taxable","12":"shipping-taxable","13":"purchasable","14":"product-type-simple"},"acf":[],"yoast_head":"<!-- This site is optimized with the Yoast SEO Premium plugin v27.4 (Yoast SEO v27.4) - https:\/\/yoast.com\/product\/yoast-seo-premium-wordpress\/ -->\n<title>DUO HYDRA+ - HYDRA PLUMP + BOOST LIFT - Pariderm<\/title>\n<meta name=\"robots\" content=\"index, follow, max-snippet:-1, max-image-preview:large, max-video-preview:-1\" \/>\n<link rel=\"canonical\" href=\"https:\/\/pariderm.com\/fr\/product\/duo-hydra\/\" \/>\n<meta property=\"og:locale\" content=\"fr_FR\" \/>\n<meta property=\"og:type\" content=\"article\" \/>\n<meta property=\"og:title\" content=\"DUO HYDRA+ - HYDRA PLUMP + BOOST LIFT\" \/>\n<meta property=\"og:description\" content=\"Pack hydratation ultime Ce pack est con\u00e7u comme un duo puissant pour cibler les signes cl\u00e9s du vieillissement et de\" \/>\n<meta property=\"og:url\" content=\"https:\/\/pariderm.com\/fr\/product\/duo-hydra\/\" \/>\n<meta property=\"og:site_name\" content=\"Pariderm\" \/>\n<meta property=\"article:modified_time\" content=\"2025-11-10T09:09:20+00:00\" \/>\n<meta property=\"og:image\" content=\"https:\/\/pariderm.com\/wp-content\/uploads\/2025\/11\/DUO-HYDRA-FR-1.png\" \/>\n\t<meta property=\"og:image:width\" content=\"2250\" \/>\n\t<meta property=\"og:image:height\" content=\"2250\" \/>\n\t<meta property=\"og:image:type\" content=\"image\/png\" \/>\n<meta name=\"twitter:card\" content=\"summary_large_image\" \/>\n<meta name=\"twitter:label1\" content=\"Dur\u00e9e de lecture estim\u00e9e\" \/>\n\t<meta name=\"twitter:data1\" content=\"2 minutes\" \/>\n<script type=\"application\/ld+json\" class=\"yoast-schema-graph\">{\"@context\":\"https:\\\/\\\/schema.org\",\"@graph\":[{\"@type\":\"WebPage\",\"@id\":\"https:\\\/\\\/pariderm.com\\\/fr\\\/product\\\/duo-hydra\\\/\",\"url\":\"https:\\\/\\\/pariderm.com\\\/fr\\\/product\\\/duo-hydra\\\/\",\"name\":\"DUO HYDRA+ - HYDRA PLUMP + BOOST LIFT - Pariderm\",\"isPartOf\":{\"@id\":\"https:\\\/\\\/pariderm.com\\\/fr\\\/#website\"},\"primaryImageOfPage\":{\"@id\":\"https:\\\/\\\/pariderm.com\\\/fr\\\/product\\\/duo-hydra\\\/#primaryimage\"},\"image\":{\"@id\":\"https:\\\/\\\/pariderm.com\\\/fr\\\/product\\\/duo-hydra\\\/#primaryimage\"},\"thumbnailUrl\":\"https:\\\/\\\/pariderm.com\\\/wp-content\\\/uploads\\\/2025\\\/11\\\/DUO-HYDRA-FR-1.png\",\"datePublished\":\"2025-11-07T12:12:41+00:00\",\"dateModified\":\"2025-11-10T09:09:20+00:00\",\"breadcrumb\":{\"@id\":\"https:\\\/\\\/pariderm.com\\\/fr\\\/product\\\/duo-hydra\\\/#breadcrumb\"},\"inLanguage\":\"fr-FR\",\"potentialAction\":[{\"@type\":\"ReadAction\",\"target\":[\"https:\\\/\\\/pariderm.com\\\/fr\\\/product\\\/duo-hydra\\\/\"]}]},{\"@type\":\"ImageObject\",\"inLanguage\":\"fr-FR\",\"@id\":\"https:\\\/\\\/pariderm.com\\\/fr\\\/product\\\/duo-hydra\\\/#primaryimage\",\"url\":\"https:\\\/\\\/pariderm.com\\\/wp-content\\\/uploads\\\/2025\\\/11\\\/DUO-HYDRA-FR-1.png\",\"contentUrl\":\"https:\\\/\\\/pariderm.com\\\/wp-content\\\/uploads\\\/2025\\\/11\\\/DUO-HYDRA-FR-1.png\",\"width\":2250,\"height\":2250},{\"@type\":\"BreadcrumbList\",\"@id\":\"https:\\\/\\\/pariderm.com\\\/fr\\\/product\\\/duo-hydra\\\/#breadcrumb\",\"itemListElement\":[{\"@type\":\"ListItem\",\"position\":1,\"name\":\"Home\",\"item\":\"https:\\\/\\\/pariderm.com\\\/fr\\\/\"},{\"@type\":\"ListItem\",\"position\":2,\"name\":\"Boutique\",\"item\":\"https:\\\/\\\/pariderm.com\\\/shop\\\/\"},{\"@type\":\"ListItem\",\"position\":3,\"name\":\"DUO HYDRA+ &#8211; HYDRA PLUMP + BOOST LIFT\"}]},{\"@type\":\"WebSite\",\"@id\":\"https:\\\/\\\/pariderm.com\\\/fr\\\/#website\",\"url\":\"https:\\\/\\\/pariderm.com\\\/fr\\\/\",\"name\":\"PARIDERM\",\"description\":\"\",\"publisher\":{\"@id\":\"https:\\\/\\\/pariderm.com\\\/fr\\\/#organization\"},\"potentialAction\":[{\"@type\":\"SearchAction\",\"target\":{\"@type\":\"EntryPoint\",\"urlTemplate\":\"https:\\\/\\\/pariderm.com\\\/fr\\\/?s={search_term_string}\"},\"query-input\":{\"@type\":\"PropertyValueSpecification\",\"valueRequired\":true,\"valueName\":\"search_term_string\"}}],\"inLanguage\":\"fr-FR\"},{\"@type\":\"Organization\",\"@id\":\"https:\\\/\\\/pariderm.com\\\/fr\\\/#organization\",\"name\":\"PARIDERM\",\"url\":\"https:\\\/\\\/pariderm.com\\\/fr\\\/\",\"logo\":{\"@type\":\"ImageObject\",\"inLanguage\":\"fr-FR\",\"@id\":\"https:\\\/\\\/pariderm.com\\\/fr\\\/#\\\/schema\\\/logo\\\/image\\\/\",\"url\":\"https:\\\/\\\/pariderm.com\\\/wp-content\\\/uploads\\\/2024\\\/10\\\/header-logo1.png\",\"contentUrl\":\"https:\\\/\\\/pariderm.com\\\/wp-content\\\/uploads\\\/2024\\\/10\\\/header-logo1.png\",\"width\":343,\"height\":168,\"caption\":\"PARIDERM\"},\"image\":{\"@id\":\"https:\\\/\\\/pariderm.com\\\/fr\\\/#\\\/schema\\\/logo\\\/image\\\/\"},\"sameAs\":[\"https:\\\/\\\/www.instagram.com\\\/paridermofficial\\\/\",\"https:\\\/\\\/www.linkedin.com\\\/company\\\/pariderm\"]}]}<\/script>\n<!-- \/ Yoast SEO Premium plugin. -->","yoast_head_json":{"title":"DUO HYDRA+ - HYDRA PLUMP + BOOST LIFT - Pariderm","robots":{"index":"index","follow":"follow","max-snippet":"max-snippet:-1","max-image-preview":"max-image-preview:large","max-video-preview":"max-video-preview:-1"},"canonical":"https:\/\/pariderm.com\/fr\/product\/duo-hydra\/","og_locale":"fr_FR","og_type":"article","og_title":"DUO HYDRA+ - HYDRA PLUMP + BOOST LIFT","og_description":"Pack hydratation ultime Ce pack est con\u00e7u comme un duo puissant pour cibler les signes cl\u00e9s du vieillissement et de","og_url":"https:\/\/pariderm.com\/fr\/product\/duo-hydra\/","og_site_name":"Pariderm","article_modified_time":"2025-11-10T09:09:20+00:00","og_image":[{"width":2250,"height":2250,"url":"https:\/\/pariderm.com\/wp-content\/uploads\/2025\/11\/DUO-HYDRA-FR-1.png","type":"image\/png"}],"twitter_card":"summary_large_image","twitter_misc":{"Dur\u00e9e de lecture estim\u00e9e":"2 minutes"},"schema":{"@context":"https:\/\/schema.org","@graph":[{"@type":"WebPage","@id":"https:\/\/pariderm.com\/fr\/product\/duo-hydra\/","url":"https:\/\/pariderm.com\/fr\/product\/duo-hydra\/","name":"DUO HYDRA+ - HYDRA PLUMP + BOOST LIFT - Pariderm","isPartOf":{"@id":"https:\/\/pariderm.com\/fr\/#website"},"primaryImageOfPage":{"@id":"https:\/\/pariderm.com\/fr\/product\/duo-hydra\/#primaryimage"},"image":{"@id":"https:\/\/pariderm.com\/fr\/product\/duo-hydra\/#primaryimage"},"thumbnailUrl":"https:\/\/pariderm.com\/wp-content\/uploads\/2025\/11\/DUO-HYDRA-FR-1.png","datePublished":"2025-11-07T12:12:41+00:00","dateModified":"2025-11-10T09:09:20+00:00","breadcrumb":{"@id":"https:\/\/pariderm.com\/fr\/product\/duo-hydra\/#breadcrumb"},"inLanguage":"fr-FR","potentialAction":[{"@type":"ReadAction","target":["https:\/\/pariderm.com\/fr\/product\/duo-hydra\/"]}]},{"@type":"ImageObject","inLanguage":"fr-FR","@id":"https:\/\/pariderm.com\/fr\/product\/duo-hydra\/#primaryimage","url":"https:\/\/pariderm.com\/wp-content\/uploads\/2025\/11\/DUO-HYDRA-FR-1.png","contentUrl":"https:\/\/pariderm.com\/wp-content\/uploads\/2025\/11\/DUO-HYDRA-FR-1.png","width":2250,"height":2250},{"@type":"BreadcrumbList","@id":"https:\/\/pariderm.com\/fr\/product\/duo-hydra\/#breadcrumb","itemListElement":[{"@type":"ListItem","position":1,"name":"Home","item":"https:\/\/pariderm.com\/fr\/"},{"@type":"ListItem","position":2,"name":"Boutique","item":"https:\/\/pariderm.com\/shop\/"},{"@type":"ListItem","position":3,"name":"DUO HYDRA+ &#8211; HYDRA PLUMP + BOOST LIFT"}]},{"@type":"WebSite","@id":"https:\/\/pariderm.com\/fr\/#website","url":"https:\/\/pariderm.com\/fr\/","name":"PARIDERM","description":"","publisher":{"@id":"https:\/\/pariderm.com\/fr\/#organization"},"potentialAction":[{"@type":"SearchAction","target":{"@type":"EntryPoint","urlTemplate":"https:\/\/pariderm.com\/fr\/?s={search_term_string}"},"query-input":{"@type":"PropertyValueSpecification","valueRequired":true,"valueName":"search_term_string"}}],"inLanguage":"fr-FR"},{"@type":"Organization","@id":"https:\/\/pariderm.com\/fr\/#organization","name":"PARIDERM","url":"https:\/\/pariderm.com\/fr\/","logo":{"@type":"ImageObject","inLanguage":"fr-FR","@id":"https:\/\/pariderm.com\/fr\/#\/schema\/logo\/image\/","url":"https:\/\/pariderm.com\/wp-content\/uploads\/2024\/10\/header-logo1.png","contentUrl":"https:\/\/pariderm.com\/wp-content\/uploads\/2024\/10\/header-logo1.png","width":343,"height":168,"caption":"PARIDERM"},"image":{"@id":"https:\/\/pariderm.com\/fr\/#\/schema\/logo\/image\/"},"sameAs":["https:\/\/www.instagram.com\/paridermofficial\/","https:\/\/www.linkedin.com\/company\/pariderm"]}]}},"_links":{"self":[{"href":"https:\/\/pariderm.com\/fr\/wp-json\/wp\/v2\/product\/4891","targetHints":{"allow":["GET"]}}],"collection":[{"href":"https:\/\/pariderm.com\/fr\/wp-json\/wp\/v2\/product"}],"about":[{"href":"https:\/\/pariderm.com\/fr\/wp-json\/wp\/v2\/types\/product"}],"replies":[{"embeddable":true,"href":"https:\/\/pariderm.com\/fr\/wp-json\/wp\/v2\/comments?post=4891"}],"wp:featuredmedia":[{"embeddable":true,"href":"https:\/\/pariderm.com\/fr\/wp-json\/wp\/v2\/media\/4861"}],"wp:attachment":[{"href":"https:\/\/pariderm.com\/fr\/wp-json\/wp\/v2\/media?parent=4891"}],"wp:term":[{"taxonomy":"product_brand","embeddable":true,"href":"https:\/\/pariderm.com\/fr\/wp-json\/wp\/v2\/product_brand?post=4891"},{"taxonomy":"product_cat","embeddable":true,"href":"https:\/\/pariderm.com\/fr\/wp-json\/wp\/v2\/product_cat?post=4891"},{"taxonomy":"product_tag","embeddable":true,"href":"https:\/\/pariderm.com\/fr\/wp-json\/wp\/v2\/product_tag?post=4891"}],"curies":[{"name":"wp","href":"https:\/\/api.w.org\/{rel}","templated":true}]}}