{"id":4890,"date":"2025-11-07T12:12:48","date_gmt":"2025-11-07T12:12:48","guid":{"rendered":"https:\/\/pariderm.com\/product\/duo-defense\/"},"modified":"2025-11-10T09:09:05","modified_gmt":"2025-11-10T09:09:05","slug":"duo-defense","status":"publish","type":"product","link":"https:\/\/pariderm.com\/fr\/product\/duo-defense\/","title":{"rendered":"DUO DEFENSE &#8211; BOOST RELAX + BOOST C"},"content":{"rendered":"<h3><span class=\"\">D\u00e9fense de la Peau <\/span><\/h3>\n<p><span class=\"\">Ce pack combine notre s\u00e9rum aux peptides anti-rides avec les puissantes propri\u00e9t\u00e9s antioxydantes de<strong> BOOST C,<\/strong><\/span><span class=\"\"> cr\u00e9ant une approche compl\u00e8te pour s&rsquo;attaquer aux signes du vieillissement,<\/span><span class=\"\"> am\u00e9liorer la texture de la peau et stimuler l&rsquo;\u00e9clat.<\/span><\/p>\n<p>&nbsp;<\/p>\n<p class=\"product_title entry-title wd-entities-title\"><strong>BOOST RELAX \u2013 S\u00e9rum peptide quotidien pour un lissage imm\u00e9diat et durable des rides<\/strong><\/p>\n<ul>\n<li class=\"\\&quot;\\&quot;\">Lissage instantan\u00e9 des rides<\/li>\n<li class=\"\\&quot;\\&quot;\">Effet similaire au Botox<\/li>\n<li class=\"\\&quot;\\&quot;\">Durable et r\u00e9versible<\/li>\n<li class=\"\\&quot;\\&quot;\">Hydratation de la peau<\/li>\n<\/ul>\n<p><strong>BOOST C &#8211; S\u00e9rum tonifiant antioxydant quotidien<\/strong><\/p>\n<ul>\n<li>Propri\u00e9t\u00e9s antioxydantes<\/li>\n<li>\u00c9clat de la peau<\/li>\n<li>Fermet\u00e9 de la peau<\/li>\n<li>Hydratation de la peau<\/li>\n<\/ul>\n<p>&nbsp;<\/p>\n<h3 data-start=\"865\" data-end=\"897\"><strong data-start=\"872\" data-end=\"897\">BOOST RELAX<\/strong><\/h3>\n<p><strong>BOOST RELAX<\/strong>\u00a0est un s\u00e9rum peptide quotidien, relaxant imm\u00e9diat des rides, notamment les rides d\u2019expression. Il contient un tripeptide pour une action efficace, imm\u00e9diate et durable sur les ridules au niveau du front, les pattes d\u2019oie et les rides nasolabiales. Avec un effet anti-\u00e2ge, il r\u00e9duit l\u2019apparence des rides, apr\u00e8s un mois d\u2019application seulement. Texture l\u00e9g\u00e8re rapidement absorb\u00e9e, non grasse et non collante.<\/p>\n<hr data-start=\"1393\" data-end=\"1396\" \/>\n<h3 data-start=\"1398\" data-end=\"1433\"><strong data-start=\"1405\" data-end=\"1433\">BOOST C<\/strong><\/h3>\n<p><strong>BOOST C<\/strong> est un s\u00e9rum quotidien antioxydant et tonifiant associant 3% de vitamine C stabilis\u00e9e \u00e0 l\u2019acide hyaluronique. Il prot\u00e8ge la peau contre le stress oxydatif* qui favorise le vieillissement cutan\u00e9 pr\u00e9matur\u00e9. BOOST C maintient l\u2019\u00e9clat et la luminosit\u00e9 de la peau apportant ainsi une hydratation durable. Le grain de peau est affin\u00e9, le teint est plus uniforme, la peau est plus lisse et velout\u00e9e. Texture l\u00e9g\u00e8re rapidement absorb\u00e9e, non grasse et non collante. Adapt\u00e9 aux peaux jeunes.<br \/>\n*Test in vitro<\/p>\n<p>&nbsp;<\/p>\n<p><strong>MODE D&rsquo;EMPLOI<\/strong><\/p>\n<p>Commencez votre routine de soins de la peau en appliquant <strong>BOOST RELAX<\/strong> matin et soir.<\/p>\n<p>Appliquez 1 \u00e0 2 gouttes du s\u00e9rum sur le visage et le cou bien nettoy\u00e9s.<\/p>\n<p>Tapotez doucement jusqu&rsquo;\u00e0 absorption compl\u00e8te.<\/p>\n<p>Appliquez 3 \u00e0 4 gouttes de BOOST C.<\/p>\n<p>Tapotez doucement jusqu&rsquo;\u00e0 absorption compl\u00e8te.<\/p>\n<p>Appliquez votre \u00e9cran solaire et si besoin votre maquillage.<\/p>\n<p>&nbsp;<\/p>\n<p><strong>Convient \u00e0 :<\/strong><\/p>\n<p>Tous les types de peau, y compris les peaux sensibles<\/p>\n<h4 class=\"\\&quot;\\&quot;\"><strong>BOOST RELAX &#8211; Efficacit\u00e9 prouv\u00e9e<\/strong><\/h4>\n<ul>\n<li class=\"\\&quot;\\&quot;\">100% de diminution des rides d\\\u2019expression*.<\/li>\n<li class=\"\\&quot;\\&quot;\">100% disparition imm\u00e9diate des rides *.<\/li>\n<\/ul>\n<p class=\"\\&quot;\\&quot;\">Avis : *test d\u2019usage sur 21 hommes et femmes pendant 28 jours. % de satisfaction<\/p>\n<hr data-start=\"320\" data-end=\"323\" \/>\n<h3 data-start=\"325\" data-end=\"364\"><strong style=\"font-size: 18px;\">BOOST C- Efficacit\u00e9 prouv\u00e9e<\/strong><\/h3>\n<ul>\n<li>95% peau plus \u00e9clatante*.<\/li>\n<li>86% peau plus prot\u00e9g\u00e9e*.<\/li>\n<\/ul>\n<p>Avis : *test d\u2019usage sur 22 hommes et femmes pendant 28 jours d\u2019utilisation. % de satisfaction<\/p>\n","protected":false},"excerpt":{"rendered":"<p>D\u00e9fense de la Peau Ce pack combine notre s\u00e9rum aux peptides anti-rides avec les puissantes propri\u00e9t\u00e9s antioxydantes de BOOST C,<\/p>\n","protected":false},"featured_media":4853,"comment_status":"open","ping_status":"closed","template":"","meta":{"_acf_changed":false},"product_brand":[],"product_cat":[139],"product_tag":[137],"class_list":{"0":"post-4890","1":"product","2":"type-product","3":"status-publish","4":"has-post-thumbnail","6":"product_cat-offres","7":"product_tag-promo-youth-en-fr","9":"first","10":"instock","11":"taxable","12":"shipping-taxable","13":"purchasable","14":"product-type-simple"},"acf":[],"yoast_head":"<!-- This site is optimized with the Yoast SEO Premium plugin v27.4 (Yoast SEO v27.4) - https:\/\/yoast.com\/product\/yoast-seo-premium-wordpress\/ -->\n<title>DUO DEFENSE - BOOST RELAX + BOOST C - Pariderm<\/title>\n<meta name=\"robots\" content=\"index, follow, max-snippet:-1, max-image-preview:large, max-video-preview:-1\" \/>\n<link rel=\"canonical\" href=\"https:\/\/pariderm.com\/fr\/product\/duo-defense\/\" \/>\n<meta property=\"og:locale\" content=\"fr_FR\" \/>\n<meta property=\"og:type\" content=\"article\" \/>\n<meta property=\"og:title\" content=\"DUO DEFENSE - BOOST RELAX + BOOST C\" \/>\n<meta property=\"og:description\" content=\"D\u00e9fense de la Peau Ce pack combine notre s\u00e9rum aux peptides anti-rides avec les puissantes propri\u00e9t\u00e9s antioxydantes de BOOST C,\" \/>\n<meta property=\"og:url\" content=\"https:\/\/pariderm.com\/fr\/product\/duo-defense\/\" \/>\n<meta property=\"og:site_name\" content=\"Pariderm\" \/>\n<meta property=\"article:modified_time\" content=\"2025-11-10T09:09:05+00:00\" \/>\n<meta property=\"og:image\" content=\"https:\/\/pariderm.com\/wp-content\/uploads\/2025\/11\/DUO-DEFENSE-FR-1.png\" \/>\n\t<meta property=\"og:image:width\" content=\"2250\" \/>\n\t<meta property=\"og:image:height\" content=\"2250\" \/>\n\t<meta property=\"og:image:type\" content=\"image\/png\" \/>\n<meta name=\"twitter:card\" content=\"summary_large_image\" \/>\n<meta name=\"twitter:label1\" content=\"Dur\u00e9e de lecture estim\u00e9e\" \/>\n\t<meta name=\"twitter:data1\" content=\"2 minutes\" \/>\n<script type=\"application\/ld+json\" class=\"yoast-schema-graph\">{\"@context\":\"https:\\\/\\\/schema.org\",\"@graph\":[{\"@type\":\"WebPage\",\"@id\":\"https:\\\/\\\/pariderm.com\\\/fr\\\/product\\\/duo-defense\\\/\",\"url\":\"https:\\\/\\\/pariderm.com\\\/fr\\\/product\\\/duo-defense\\\/\",\"name\":\"DUO DEFENSE - BOOST RELAX + BOOST C - Pariderm\",\"isPartOf\":{\"@id\":\"https:\\\/\\\/pariderm.com\\\/fr\\\/#website\"},\"primaryImageOfPage\":{\"@id\":\"https:\\\/\\\/pariderm.com\\\/fr\\\/product\\\/duo-defense\\\/#primaryimage\"},\"image\":{\"@id\":\"https:\\\/\\\/pariderm.com\\\/fr\\\/product\\\/duo-defense\\\/#primaryimage\"},\"thumbnailUrl\":\"https:\\\/\\\/pariderm.com\\\/wp-content\\\/uploads\\\/2025\\\/11\\\/DUO-DEFENSE-FR-1.png\",\"datePublished\":\"2025-11-07T12:12:48+00:00\",\"dateModified\":\"2025-11-10T09:09:05+00:00\",\"breadcrumb\":{\"@id\":\"https:\\\/\\\/pariderm.com\\\/fr\\\/product\\\/duo-defense\\\/#breadcrumb\"},\"inLanguage\":\"fr-FR\",\"potentialAction\":[{\"@type\":\"ReadAction\",\"target\":[\"https:\\\/\\\/pariderm.com\\\/fr\\\/product\\\/duo-defense\\\/\"]}]},{\"@type\":\"ImageObject\",\"inLanguage\":\"fr-FR\",\"@id\":\"https:\\\/\\\/pariderm.com\\\/fr\\\/product\\\/duo-defense\\\/#primaryimage\",\"url\":\"https:\\\/\\\/pariderm.com\\\/wp-content\\\/uploads\\\/2025\\\/11\\\/DUO-DEFENSE-FR-1.png\",\"contentUrl\":\"https:\\\/\\\/pariderm.com\\\/wp-content\\\/uploads\\\/2025\\\/11\\\/DUO-DEFENSE-FR-1.png\",\"width\":2250,\"height\":2250},{\"@type\":\"BreadcrumbList\",\"@id\":\"https:\\\/\\\/pariderm.com\\\/fr\\\/product\\\/duo-defense\\\/#breadcrumb\",\"itemListElement\":[{\"@type\":\"ListItem\",\"position\":1,\"name\":\"Home\",\"item\":\"https:\\\/\\\/pariderm.com\\\/fr\\\/\"},{\"@type\":\"ListItem\",\"position\":2,\"name\":\"Boutique\",\"item\":\"https:\\\/\\\/pariderm.com\\\/shop\\\/\"},{\"@type\":\"ListItem\",\"position\":3,\"name\":\"DUO DEFENSE &#8211; BOOST RELAX + BOOST C\"}]},{\"@type\":\"WebSite\",\"@id\":\"https:\\\/\\\/pariderm.com\\\/fr\\\/#website\",\"url\":\"https:\\\/\\\/pariderm.com\\\/fr\\\/\",\"name\":\"PARIDERM\",\"description\":\"\",\"publisher\":{\"@id\":\"https:\\\/\\\/pariderm.com\\\/fr\\\/#organization\"},\"potentialAction\":[{\"@type\":\"SearchAction\",\"target\":{\"@type\":\"EntryPoint\",\"urlTemplate\":\"https:\\\/\\\/pariderm.com\\\/fr\\\/?s={search_term_string}\"},\"query-input\":{\"@type\":\"PropertyValueSpecification\",\"valueRequired\":true,\"valueName\":\"search_term_string\"}}],\"inLanguage\":\"fr-FR\"},{\"@type\":\"Organization\",\"@id\":\"https:\\\/\\\/pariderm.com\\\/fr\\\/#organization\",\"name\":\"PARIDERM\",\"url\":\"https:\\\/\\\/pariderm.com\\\/fr\\\/\",\"logo\":{\"@type\":\"ImageObject\",\"inLanguage\":\"fr-FR\",\"@id\":\"https:\\\/\\\/pariderm.com\\\/fr\\\/#\\\/schema\\\/logo\\\/image\\\/\",\"url\":\"https:\\\/\\\/pariderm.com\\\/wp-content\\\/uploads\\\/2024\\\/10\\\/header-logo1.png\",\"contentUrl\":\"https:\\\/\\\/pariderm.com\\\/wp-content\\\/uploads\\\/2024\\\/10\\\/header-logo1.png\",\"width\":343,\"height\":168,\"caption\":\"PARIDERM\"},\"image\":{\"@id\":\"https:\\\/\\\/pariderm.com\\\/fr\\\/#\\\/schema\\\/logo\\\/image\\\/\"},\"sameAs\":[\"https:\\\/\\\/www.instagram.com\\\/paridermofficial\\\/\",\"https:\\\/\\\/www.linkedin.com\\\/company\\\/pariderm\"]}]}<\/script>\n<!-- \/ Yoast SEO Premium plugin. -->","yoast_head_json":{"title":"DUO DEFENSE - BOOST RELAX + BOOST C - Pariderm","robots":{"index":"index","follow":"follow","max-snippet":"max-snippet:-1","max-image-preview":"max-image-preview:large","max-video-preview":"max-video-preview:-1"},"canonical":"https:\/\/pariderm.com\/fr\/product\/duo-defense\/","og_locale":"fr_FR","og_type":"article","og_title":"DUO DEFENSE - BOOST RELAX + BOOST C","og_description":"D\u00e9fense de la Peau Ce pack combine notre s\u00e9rum aux peptides anti-rides avec les puissantes propri\u00e9t\u00e9s antioxydantes de BOOST C,","og_url":"https:\/\/pariderm.com\/fr\/product\/duo-defense\/","og_site_name":"Pariderm","article_modified_time":"2025-11-10T09:09:05+00:00","og_image":[{"width":2250,"height":2250,"url":"https:\/\/pariderm.com\/wp-content\/uploads\/2025\/11\/DUO-DEFENSE-FR-1.png","type":"image\/png"}],"twitter_card":"summary_large_image","twitter_misc":{"Dur\u00e9e de lecture estim\u00e9e":"2 minutes"},"schema":{"@context":"https:\/\/schema.org","@graph":[{"@type":"WebPage","@id":"https:\/\/pariderm.com\/fr\/product\/duo-defense\/","url":"https:\/\/pariderm.com\/fr\/product\/duo-defense\/","name":"DUO DEFENSE - BOOST RELAX + BOOST C - Pariderm","isPartOf":{"@id":"https:\/\/pariderm.com\/fr\/#website"},"primaryImageOfPage":{"@id":"https:\/\/pariderm.com\/fr\/product\/duo-defense\/#primaryimage"},"image":{"@id":"https:\/\/pariderm.com\/fr\/product\/duo-defense\/#primaryimage"},"thumbnailUrl":"https:\/\/pariderm.com\/wp-content\/uploads\/2025\/11\/DUO-DEFENSE-FR-1.png","datePublished":"2025-11-07T12:12:48+00:00","dateModified":"2025-11-10T09:09:05+00:00","breadcrumb":{"@id":"https:\/\/pariderm.com\/fr\/product\/duo-defense\/#breadcrumb"},"inLanguage":"fr-FR","potentialAction":[{"@type":"ReadAction","target":["https:\/\/pariderm.com\/fr\/product\/duo-defense\/"]}]},{"@type":"ImageObject","inLanguage":"fr-FR","@id":"https:\/\/pariderm.com\/fr\/product\/duo-defense\/#primaryimage","url":"https:\/\/pariderm.com\/wp-content\/uploads\/2025\/11\/DUO-DEFENSE-FR-1.png","contentUrl":"https:\/\/pariderm.com\/wp-content\/uploads\/2025\/11\/DUO-DEFENSE-FR-1.png","width":2250,"height":2250},{"@type":"BreadcrumbList","@id":"https:\/\/pariderm.com\/fr\/product\/duo-defense\/#breadcrumb","itemListElement":[{"@type":"ListItem","position":1,"name":"Home","item":"https:\/\/pariderm.com\/fr\/"},{"@type":"ListItem","position":2,"name":"Boutique","item":"https:\/\/pariderm.com\/shop\/"},{"@type":"ListItem","position":3,"name":"DUO DEFENSE &#8211; BOOST RELAX + BOOST C"}]},{"@type":"WebSite","@id":"https:\/\/pariderm.com\/fr\/#website","url":"https:\/\/pariderm.com\/fr\/","name":"PARIDERM","description":"","publisher":{"@id":"https:\/\/pariderm.com\/fr\/#organization"},"potentialAction":[{"@type":"SearchAction","target":{"@type":"EntryPoint","urlTemplate":"https:\/\/pariderm.com\/fr\/?s={search_term_string}"},"query-input":{"@type":"PropertyValueSpecification","valueRequired":true,"valueName":"search_term_string"}}],"inLanguage":"fr-FR"},{"@type":"Organization","@id":"https:\/\/pariderm.com\/fr\/#organization","name":"PARIDERM","url":"https:\/\/pariderm.com\/fr\/","logo":{"@type":"ImageObject","inLanguage":"fr-FR","@id":"https:\/\/pariderm.com\/fr\/#\/schema\/logo\/image\/","url":"https:\/\/pariderm.com\/wp-content\/uploads\/2024\/10\/header-logo1.png","contentUrl":"https:\/\/pariderm.com\/wp-content\/uploads\/2024\/10\/header-logo1.png","width":343,"height":168,"caption":"PARIDERM"},"image":{"@id":"https:\/\/pariderm.com\/fr\/#\/schema\/logo\/image\/"},"sameAs":["https:\/\/www.instagram.com\/paridermofficial\/","https:\/\/www.linkedin.com\/company\/pariderm"]}]}},"_links":{"self":[{"href":"https:\/\/pariderm.com\/fr\/wp-json\/wp\/v2\/product\/4890","targetHints":{"allow":["GET"]}}],"collection":[{"href":"https:\/\/pariderm.com\/fr\/wp-json\/wp\/v2\/product"}],"about":[{"href":"https:\/\/pariderm.com\/fr\/wp-json\/wp\/v2\/types\/product"}],"replies":[{"embeddable":true,"href":"https:\/\/pariderm.com\/fr\/wp-json\/wp\/v2\/comments?post=4890"}],"wp:featuredmedia":[{"embeddable":true,"href":"https:\/\/pariderm.com\/fr\/wp-json\/wp\/v2\/media\/4853"}],"wp:attachment":[{"href":"https:\/\/pariderm.com\/fr\/wp-json\/wp\/v2\/media?parent=4890"}],"wp:term":[{"taxonomy":"product_brand","embeddable":true,"href":"https:\/\/pariderm.com\/fr\/wp-json\/wp\/v2\/product_brand?post=4890"},{"taxonomy":"product_cat","embeddable":true,"href":"https:\/\/pariderm.com\/fr\/wp-json\/wp\/v2\/product_cat?post=4890"},{"taxonomy":"product_tag","embeddable":true,"href":"https:\/\/pariderm.com\/fr\/wp-json\/wp\/v2\/product_tag?post=4890"}],"curies":[{"name":"wp","href":"https:\/\/api.w.org\/{rel}","templated":true}]}}