{"id":4889,"date":"2025-11-07T12:11:46","date_gmt":"2025-11-07T12:11:46","guid":{"rendered":"https:\/\/pariderm.com\/product\/duo-express\/"},"modified":"2025-11-10T09:10:05","modified_gmt":"2025-11-10T09:10:05","slug":"duo-express","status":"publish","type":"product","link":"https:\/\/pariderm.com\/fr\/product\/duo-express\/","title":{"rendered":"DUO EXPRESS &#8211; BOOST RELAX + BOOST EYE"},"content":{"rendered":"<p><strong><span class=\"\">Une routine quotidienne pour apaiser,<\/span><\/strong><span class=\"\"><strong> d\u00e9tendre et lisser les rides d&rsquo;expression<\/strong> <\/span><\/p>\n<p><span class=\"\">Ce pack anti-\u00e2ge avanc\u00e9 combine le s\u00e9rum pour le visage BOOST RELAX et BOOST EYE,<\/span><span class=\"\"> un contour des yeux cibl\u00e9 pour les rides du visage en g\u00e9n\u00e9ral et les pr\u00e9occupations sp\u00e9cifiques de la zone du contour des yeux telles que les rides d&rsquo;expression,<\/span><span class=\"\"> les poches et les cernes.<\/span><\/p>\n<p><b>BOOST RELAX &#8211; <\/b><strong>S\u00e9rum peptide quotidien pour un lissage imm\u00e9diat et durable des rides<\/strong><\/p>\n<ul>\n<li class=\"\\&quot;\\&quot;\">Lissage instantan\u00e9 des rides<\/li>\n<li class=\"\\&quot;\\&quot;\">Effet similaire au Botox<\/li>\n<li class=\"\\&quot;\\&quot;\">Durable et r\u00e9versible<\/li>\n<li class=\"\\&quot;\\&quot;\">Hydratation de la peau.<\/li>\n<\/ul>\n<p>&nbsp;<\/p>\n<p><b>BOOST EYE &#8211; <\/b><strong>Cr\u00e8me contour des yeux anti-rides<\/strong><\/p>\n<ul>\n<li>R\u00e9duit l&rsquo;apparence des rides et ridules<\/li>\n<li>Diminue visiblement les poches sous les yeux<\/li>\n<li>Hydrate et apaise le contour des yeux<\/li>\n<li>Texture l\u00e9g\u00e8re compatible avec le maquillage<\/li>\n<li>Test\u00e9 ophtalmologiquement<\/li>\n<\/ul>\n<h3 data-start=\"865\" data-end=\"897\"><\/h3>\n<h3 data-start=\"865\" data-end=\"897\"><strong data-start=\"872\" data-end=\"897\">BOOST RELAX<\/strong><\/h3>\n<p><strong>BOOST RELAX<\/strong> est un s\u00e9rum peptide quotidien, relaxant imm\u00e9diat des rides, notamment les rides d\u2019expression. Il contient un tripeptide pour une action efficace, imm\u00e9diate et durable sur les ridules au niveau du front, les pattes d\u2019oie et les rides nasolabiales. Avec un effet anti-\u00e2ge, il r\u00e9duit l\u2019apparence des rides, apr\u00e8s un mois d\u2019application seulement. Texture l\u00e9g\u00e8re rapidement absorb\u00e9e, non grasse et non collante.<\/p>\n<hr data-start=\"1393\" data-end=\"1396\" \/>\n<h3 data-start=\"1398\" data-end=\"1433\"><strong data-start=\"1405\" data-end=\"1433\">BOOST EYE<\/strong><\/h3>\n<p data-start=\"1435\" data-end=\"1804\"><strong>BOOST EYE<\/strong> est une cr\u00e8me contour des yeux anti-rides enrichie en acide hyaluronique et en peptides tels que Matrixyl\u00ae 3000 pour traiter le contour global des yeux. Les rides et les lignes d\u2019expression sont att\u00e9nu\u00e9es, l\u2019aspect des poches sous les yeux est visiblement r\u00e9duit. Le contour de l\u2019\u0153il est apais\u00e9 et visiblement hydrat\u00e9. Texture l\u00e9g\u00e8re compatible avec le maquillage. Test\u00e9 sous contr\u00f4le ophtalmologique.<\/p>\n<h3>MODE D&rsquo;EMPLOI<\/h3>\n<p>Commencez votre routine de soins de la peau en appliquant <strong>BOOST RELAX<\/strong> matin et soir.<\/p>\n<p>Appliquez 1 \u00e0 2 gouttes du s\u00e9rum sur le visage et le cou bien nettoy\u00e9s.<\/p>\n<p>Tapotez doucement jusqu&rsquo;\u00e0 absorption compl\u00e8te.<\/p>\n<p>Ensuite, massez d\u00e9licatement la cr\u00e8me <strong>BOOST EYE<\/strong> sur le contour des yeux.<\/p>\n<p>Massez doucement jusqu&rsquo;\u00e0 absorption compl\u00e8te.<\/p>\n<p>Appliquez un \u00e9cran solaire et du maquillage si n\u00e9cessaire.<\/p>\n<p>&nbsp;<\/p>\n<p><strong>Convient \u00e0 :<\/strong><\/p>\n<p>Tous les types de peau, y compris les peaux sensibles<\/p>\n<h3 data-start=\"113\" data-end=\"149\"><strong data-start=\"119\" data-end=\"147\">BOOST RELAX \u2013 Efficacit\u00e9 prouv\u00e9e<br \/>\n<\/strong><\/h3>\n<ul>\n<li>100% de diminution des rides d\\\u2019expression*.<\/li>\n<li>100% disparition imm\u00e9diate des rides *.\n<div class=\"woocommerce-product-details__short-description\">\n<p class=\"\\&quot;\\&quot;\">Avis : *test d\u2019usage sur 21 hommes et femmes pendant 28 jours. % de satisfaction<\/p>\n<\/div>\n<\/li>\n<li style=\"list-style-type: none;\"><\/li>\n<\/ul>\n<hr data-start=\"320\" data-end=\"323\" \/>\n<h3 data-start=\"325\" data-end=\"364\"><strong data-start=\"331\" data-end=\"362\">BOOST EYE \u2013 Efficacit\u00e9 prouv\u00e9e<br \/>\n<\/strong><\/h3>\n<ul data-start=\"365\" data-end=\"635\">\n<li>80% diminution des rides et ridules*.<\/li>\n<li>80% d\u2019am\u00e9lioration des poches sous les yeux*.\n<div class=\"woocommerce-product-details__short-description\">\n<p>Avis : *test d\u2019usage sur 10 femmes pendant 12 semaines d\u2019utilisation. % de satisfaction<\/p>\n<\/div>\n<\/li>\n<\/ul>\n","protected":false},"excerpt":{"rendered":"<p>Une routine quotidienne pour apaiser, d\u00e9tendre et lisser les rides d&rsquo;expression Ce pack anti-\u00e2ge avanc\u00e9 combine le s\u00e9rum pour le<\/p>\n","protected":false},"featured_media":4851,"comment_status":"open","ping_status":"closed","template":"","meta":{"_acf_changed":false},"product_brand":[],"product_cat":[139],"product_tag":[137],"class_list":{"0":"post-4889","1":"product","2":"type-product","3":"status-publish","4":"has-post-thumbnail","6":"product_cat-offres","7":"product_tag-promo-youth-en-fr","9":"first","10":"instock","11":"taxable","12":"shipping-taxable","13":"purchasable","14":"product-type-simple"},"acf":[],"yoast_head":"<!-- This site is optimized with the Yoast SEO Premium plugin v27.4 (Yoast SEO v27.4) - https:\/\/yoast.com\/product\/yoast-seo-premium-wordpress\/ -->\n<title>DUO EXPRESS - BOOST RELAX + BOOST EYE - Pariderm<\/title>\n<meta name=\"robots\" content=\"index, follow, max-snippet:-1, max-image-preview:large, max-video-preview:-1\" \/>\n<link rel=\"canonical\" href=\"https:\/\/pariderm.com\/fr\/product\/duo-express\/\" \/>\n<meta property=\"og:locale\" content=\"fr_FR\" \/>\n<meta property=\"og:type\" content=\"article\" \/>\n<meta property=\"og:title\" content=\"DUO EXPRESS - BOOST RELAX + BOOST EYE\" \/>\n<meta property=\"og:description\" content=\"Une routine quotidienne pour apaiser, d\u00e9tendre et lisser les rides d&rsquo;expression Ce pack anti-\u00e2ge avanc\u00e9 combine le s\u00e9rum pour le\" \/>\n<meta property=\"og:url\" content=\"https:\/\/pariderm.com\/fr\/product\/duo-express\/\" \/>\n<meta property=\"og:site_name\" content=\"Pariderm\" \/>\n<meta property=\"article:modified_time\" content=\"2025-11-10T09:10:05+00:00\" \/>\n<meta property=\"og:image\" content=\"https:\/\/pariderm.com\/wp-content\/uploads\/2025\/11\/DUO-EXPRESS-FR-2.png\" \/>\n\t<meta property=\"og:image:width\" content=\"2250\" \/>\n\t<meta property=\"og:image:height\" content=\"2250\" \/>\n\t<meta property=\"og:image:type\" content=\"image\/png\" \/>\n<meta name=\"twitter:card\" content=\"summary_large_image\" \/>\n<meta name=\"twitter:label1\" content=\"Dur\u00e9e de lecture estim\u00e9e\" \/>\n\t<meta name=\"twitter:data1\" content=\"2 minutes\" \/>\n<script type=\"application\/ld+json\" class=\"yoast-schema-graph\">{\"@context\":\"https:\\\/\\\/schema.org\",\"@graph\":[{\"@type\":\"WebPage\",\"@id\":\"https:\\\/\\\/pariderm.com\\\/fr\\\/product\\\/duo-express\\\/\",\"url\":\"https:\\\/\\\/pariderm.com\\\/fr\\\/product\\\/duo-express\\\/\",\"name\":\"DUO EXPRESS - BOOST RELAX + BOOST EYE - Pariderm\",\"isPartOf\":{\"@id\":\"https:\\\/\\\/pariderm.com\\\/fr\\\/#website\"},\"primaryImageOfPage\":{\"@id\":\"https:\\\/\\\/pariderm.com\\\/fr\\\/product\\\/duo-express\\\/#primaryimage\"},\"image\":{\"@id\":\"https:\\\/\\\/pariderm.com\\\/fr\\\/product\\\/duo-express\\\/#primaryimage\"},\"thumbnailUrl\":\"https:\\\/\\\/pariderm.com\\\/wp-content\\\/uploads\\\/2025\\\/11\\\/DUO-EXPRESS-FR-2.png\",\"datePublished\":\"2025-11-07T12:11:46+00:00\",\"dateModified\":\"2025-11-10T09:10:05+00:00\",\"breadcrumb\":{\"@id\":\"https:\\\/\\\/pariderm.com\\\/fr\\\/product\\\/duo-express\\\/#breadcrumb\"},\"inLanguage\":\"fr-FR\",\"potentialAction\":[{\"@type\":\"ReadAction\",\"target\":[\"https:\\\/\\\/pariderm.com\\\/fr\\\/product\\\/duo-express\\\/\"]}]},{\"@type\":\"ImageObject\",\"inLanguage\":\"fr-FR\",\"@id\":\"https:\\\/\\\/pariderm.com\\\/fr\\\/product\\\/duo-express\\\/#primaryimage\",\"url\":\"https:\\\/\\\/pariderm.com\\\/wp-content\\\/uploads\\\/2025\\\/11\\\/DUO-EXPRESS-FR-2.png\",\"contentUrl\":\"https:\\\/\\\/pariderm.com\\\/wp-content\\\/uploads\\\/2025\\\/11\\\/DUO-EXPRESS-FR-2.png\",\"width\":2250,\"height\":2250},{\"@type\":\"BreadcrumbList\",\"@id\":\"https:\\\/\\\/pariderm.com\\\/fr\\\/product\\\/duo-express\\\/#breadcrumb\",\"itemListElement\":[{\"@type\":\"ListItem\",\"position\":1,\"name\":\"Home\",\"item\":\"https:\\\/\\\/pariderm.com\\\/fr\\\/\"},{\"@type\":\"ListItem\",\"position\":2,\"name\":\"Boutique\",\"item\":\"https:\\\/\\\/pariderm.com\\\/shop\\\/\"},{\"@type\":\"ListItem\",\"position\":3,\"name\":\"DUO EXPRESS &#8211; BOOST RELAX + BOOST EYE\"}]},{\"@type\":\"WebSite\",\"@id\":\"https:\\\/\\\/pariderm.com\\\/fr\\\/#website\",\"url\":\"https:\\\/\\\/pariderm.com\\\/fr\\\/\",\"name\":\"PARIDERM\",\"description\":\"\",\"publisher\":{\"@id\":\"https:\\\/\\\/pariderm.com\\\/fr\\\/#organization\"},\"potentialAction\":[{\"@type\":\"SearchAction\",\"target\":{\"@type\":\"EntryPoint\",\"urlTemplate\":\"https:\\\/\\\/pariderm.com\\\/fr\\\/?s={search_term_string}\"},\"query-input\":{\"@type\":\"PropertyValueSpecification\",\"valueRequired\":true,\"valueName\":\"search_term_string\"}}],\"inLanguage\":\"fr-FR\"},{\"@type\":\"Organization\",\"@id\":\"https:\\\/\\\/pariderm.com\\\/fr\\\/#organization\",\"name\":\"PARIDERM\",\"url\":\"https:\\\/\\\/pariderm.com\\\/fr\\\/\",\"logo\":{\"@type\":\"ImageObject\",\"inLanguage\":\"fr-FR\",\"@id\":\"https:\\\/\\\/pariderm.com\\\/fr\\\/#\\\/schema\\\/logo\\\/image\\\/\",\"url\":\"https:\\\/\\\/pariderm.com\\\/wp-content\\\/uploads\\\/2024\\\/10\\\/header-logo1.png\",\"contentUrl\":\"https:\\\/\\\/pariderm.com\\\/wp-content\\\/uploads\\\/2024\\\/10\\\/header-logo1.png\",\"width\":343,\"height\":168,\"caption\":\"PARIDERM\"},\"image\":{\"@id\":\"https:\\\/\\\/pariderm.com\\\/fr\\\/#\\\/schema\\\/logo\\\/image\\\/\"},\"sameAs\":[\"https:\\\/\\\/www.instagram.com\\\/paridermofficial\\\/\",\"https:\\\/\\\/www.linkedin.com\\\/company\\\/pariderm\"]}]}<\/script>\n<!-- \/ Yoast SEO Premium plugin. -->","yoast_head_json":{"title":"DUO EXPRESS - BOOST RELAX + BOOST EYE - Pariderm","robots":{"index":"index","follow":"follow","max-snippet":"max-snippet:-1","max-image-preview":"max-image-preview:large","max-video-preview":"max-video-preview:-1"},"canonical":"https:\/\/pariderm.com\/fr\/product\/duo-express\/","og_locale":"fr_FR","og_type":"article","og_title":"DUO EXPRESS - BOOST RELAX + BOOST EYE","og_description":"Une routine quotidienne pour apaiser, d\u00e9tendre et lisser les rides d&rsquo;expression Ce pack anti-\u00e2ge avanc\u00e9 combine le s\u00e9rum pour le","og_url":"https:\/\/pariderm.com\/fr\/product\/duo-express\/","og_site_name":"Pariderm","article_modified_time":"2025-11-10T09:10:05+00:00","og_image":[{"width":2250,"height":2250,"url":"https:\/\/pariderm.com\/wp-content\/uploads\/2025\/11\/DUO-EXPRESS-FR-2.png","type":"image\/png"}],"twitter_card":"summary_large_image","twitter_misc":{"Dur\u00e9e de lecture estim\u00e9e":"2 minutes"},"schema":{"@context":"https:\/\/schema.org","@graph":[{"@type":"WebPage","@id":"https:\/\/pariderm.com\/fr\/product\/duo-express\/","url":"https:\/\/pariderm.com\/fr\/product\/duo-express\/","name":"DUO EXPRESS - BOOST RELAX + BOOST EYE - Pariderm","isPartOf":{"@id":"https:\/\/pariderm.com\/fr\/#website"},"primaryImageOfPage":{"@id":"https:\/\/pariderm.com\/fr\/product\/duo-express\/#primaryimage"},"image":{"@id":"https:\/\/pariderm.com\/fr\/product\/duo-express\/#primaryimage"},"thumbnailUrl":"https:\/\/pariderm.com\/wp-content\/uploads\/2025\/11\/DUO-EXPRESS-FR-2.png","datePublished":"2025-11-07T12:11:46+00:00","dateModified":"2025-11-10T09:10:05+00:00","breadcrumb":{"@id":"https:\/\/pariderm.com\/fr\/product\/duo-express\/#breadcrumb"},"inLanguage":"fr-FR","potentialAction":[{"@type":"ReadAction","target":["https:\/\/pariderm.com\/fr\/product\/duo-express\/"]}]},{"@type":"ImageObject","inLanguage":"fr-FR","@id":"https:\/\/pariderm.com\/fr\/product\/duo-express\/#primaryimage","url":"https:\/\/pariderm.com\/wp-content\/uploads\/2025\/11\/DUO-EXPRESS-FR-2.png","contentUrl":"https:\/\/pariderm.com\/wp-content\/uploads\/2025\/11\/DUO-EXPRESS-FR-2.png","width":2250,"height":2250},{"@type":"BreadcrumbList","@id":"https:\/\/pariderm.com\/fr\/product\/duo-express\/#breadcrumb","itemListElement":[{"@type":"ListItem","position":1,"name":"Home","item":"https:\/\/pariderm.com\/fr\/"},{"@type":"ListItem","position":2,"name":"Boutique","item":"https:\/\/pariderm.com\/shop\/"},{"@type":"ListItem","position":3,"name":"DUO EXPRESS &#8211; BOOST RELAX + BOOST EYE"}]},{"@type":"WebSite","@id":"https:\/\/pariderm.com\/fr\/#website","url":"https:\/\/pariderm.com\/fr\/","name":"PARIDERM","description":"","publisher":{"@id":"https:\/\/pariderm.com\/fr\/#organization"},"potentialAction":[{"@type":"SearchAction","target":{"@type":"EntryPoint","urlTemplate":"https:\/\/pariderm.com\/fr\/?s={search_term_string}"},"query-input":{"@type":"PropertyValueSpecification","valueRequired":true,"valueName":"search_term_string"}}],"inLanguage":"fr-FR"},{"@type":"Organization","@id":"https:\/\/pariderm.com\/fr\/#organization","name":"PARIDERM","url":"https:\/\/pariderm.com\/fr\/","logo":{"@type":"ImageObject","inLanguage":"fr-FR","@id":"https:\/\/pariderm.com\/fr\/#\/schema\/logo\/image\/","url":"https:\/\/pariderm.com\/wp-content\/uploads\/2024\/10\/header-logo1.png","contentUrl":"https:\/\/pariderm.com\/wp-content\/uploads\/2024\/10\/header-logo1.png","width":343,"height":168,"caption":"PARIDERM"},"image":{"@id":"https:\/\/pariderm.com\/fr\/#\/schema\/logo\/image\/"},"sameAs":["https:\/\/www.instagram.com\/paridermofficial\/","https:\/\/www.linkedin.com\/company\/pariderm"]}]}},"_links":{"self":[{"href":"https:\/\/pariderm.com\/fr\/wp-json\/wp\/v2\/product\/4889","targetHints":{"allow":["GET"]}}],"collection":[{"href":"https:\/\/pariderm.com\/fr\/wp-json\/wp\/v2\/product"}],"about":[{"href":"https:\/\/pariderm.com\/fr\/wp-json\/wp\/v2\/types\/product"}],"replies":[{"embeddable":true,"href":"https:\/\/pariderm.com\/fr\/wp-json\/wp\/v2\/comments?post=4889"}],"wp:featuredmedia":[{"embeddable":true,"href":"https:\/\/pariderm.com\/fr\/wp-json\/wp\/v2\/media\/4851"}],"wp:attachment":[{"href":"https:\/\/pariderm.com\/fr\/wp-json\/wp\/v2\/media?parent=4889"}],"wp:term":[{"taxonomy":"product_brand","embeddable":true,"href":"https:\/\/pariderm.com\/fr\/wp-json\/wp\/v2\/product_brand?post=4889"},{"taxonomy":"product_cat","embeddable":true,"href":"https:\/\/pariderm.com\/fr\/wp-json\/wp\/v2\/product_cat?post=4889"},{"taxonomy":"product_tag","embeddable":true,"href":"https:\/\/pariderm.com\/fr\/wp-json\/wp\/v2\/product_tag?post=4889"}],"curies":[{"name":"wp","href":"https:\/\/api.w.org\/{rel}","templated":true}]}}