{"id":4888,"date":"2025-11-07T12:12:57","date_gmt":"2025-11-07T12:12:57","guid":{"rendered":"https:\/\/pariderm.com\/product\/duo-jeune-en-anglais\/"},"modified":"2026-01-05T16:57:06","modified_gmt":"2026-01-05T16:57:06","slug":"duo-jeune-en-anglais","status":"publish","type":"product","link":"https:\/\/pariderm.com\/fr\/product\/duo-jeune-en-anglais\/","title":{"rendered":"DUO JEUNESSE+ BOOST RELAX + BOOST LIFT"},"content":{"rendered":"<h3>Le pack anti-\u00e2ge ultime<\/h3>\n<p>Ce pack est le syst\u00e8me de restauration de la jeunesse par excellence, con\u00e7u pour traiter simultan\u00e9ment les rides d&rsquo;expression dynamiques et le vieillissement structurel. Il cible tous les principaux signes visibles du vieillissement cutan\u00e9.<\/p>\n<p class=\"product_title entry-title wd-entities-title\"><strong>BOOST RELAX &#8211; S\u00e9rum peptide quotidien pour un lissage imm\u00e9diat et durable des rides<\/strong><\/p>\n<ul>\n<li class=\"\\&quot;\\&quot;\">Lissage instantan\u00e9 des rides<\/li>\n<li class=\"\\&quot;\\&quot;\">Effet similaire au Botox<\/li>\n<li class=\"\\&quot;\\&quot;\">Durable et r\u00e9versible<\/li>\n<li class=\"\\&quot;\\&quot;\">Hydratation de la peau<\/li>\n<\/ul>\n<p>&nbsp;<\/p>\n<p><strong>BOOST LIFT &#8211; Cr\u00e8me fermet\u00e9 pour r\u00e9duire instantan\u00e9ment la visibilit\u00e9 des ridules<\/strong><\/p>\n<ul>\n<li>Couverture imm\u00e9diate des rides<\/li>\n<li>Meilleure \u00e9lasticit\u00e9 de la peau<\/li>\n<li>Meilleure hydratation de la peau<\/li>\n<\/ul>\n<p>&nbsp;<\/p>\n<h3 data-start=\"865\" data-end=\"897\"><strong data-start=\"872\" data-end=\"897\">BOOST RELAX<\/strong><\/h3>\n<p><strong>BOOST RELAX<\/strong> est un s\u00e9rum peptide quotidien, relaxant imm\u00e9diat des rides, notamment les rides d\u2019expression. Il contient un tripeptide pour une action efficace, imm\u00e9diate et durable sur les ridules au niveau du front, les pattes d\u2019oie et les rides nasolabiales. Avec un effet anti-\u00e2ge, il r\u00e9duit l\u2019apparence des rides, apr\u00e8s un mois d\u2019application seulement. Texture l\u00e9g\u00e8re rapidement absorb\u00e9e, non grasse et non collante.<\/p>\n<hr data-start=\"1393\" data-end=\"1396\" \/>\n<h3 data-start=\"1398\" data-end=\"1433\"><strong data-start=\"1405\" data-end=\"1433\">BOOST LIFT<\/strong><\/h3>\n<p><strong>BOOST LIFT<\/strong> est une cr\u00e8me fermet\u00e9 qui hydrate la peau et maintient son \u00e9lasticit\u00e9. Elle am\u00e9liore le tonus de la peau et assure une hydratation optimale tout au long de la journ\u00e9e.<br \/>\nBOOST LIFT r\u00e9duit instantan\u00e9ment la visibilit\u00e9 des ridules et donne une apparence souple et plus radieuse.<br \/>\nTexture l\u00e9g\u00e8re, rapidement absorb\u00e9e, non grasse et non collante. Peut \u00eatre utilis\u00e9 comme base de maquillage.<br \/>\nNON COMEDOGENE<\/p>\n<p>&nbsp;<\/p>\n<div id=\"wd-671f6253d408e\" class=\"title-wrapper wd-wpb set-mb-s reset-last-child wd-rs-671f6253d408e wd-title-color-default wd-title-style-default text-left wd-underline-colored\">\n<div class=\"liner-continer\">\n<h4 class=\"woodmart-title-container title wd-font-weight-500 wd-fontsize-l\">MODE D&rsquo;EMPLOI<\/h4>\n<\/div>\n<\/div>\n<div id=\"wd-67ffa51f3e1d6\" class=\"wd-text-block wd-wpb reset-last-child wd-rs-67ffa51f3e1d6 text-left wd-font-weight-500 wd-fontsize-s font-primary vc_custom_1744807205749 skin-description\">\n<p>Commencez votre routine de soins par l&rsquo;application de <strong>BOOST RELAX<\/strong> matin et soir. Appliquez 1-2 gouttes du s\u00e9rum sur le visage et le cou bien nettoy\u00e9s. Tapotez doucement jusqu&rsquo;\u00e0 absorption compl\u00e8te.<\/p>\n<p>Appliquez ensuite <strong>BOOST LIFT<\/strong> en massant d\u00e9licatement la cr\u00e8me sur le visage et le cou bien nettoy\u00e9s. Massez doucement jusqu&rsquo;\u00e0 absorption compl\u00e8te.<\/p>\n<p>Appliquez votre \u00e9cran solaire et si besoin votre maquillage.<\/p>\n<p>&nbsp;<\/p>\n<p><strong>Convient \u00e0 :<\/strong><\/p>\n<p>Tous les types de peau, y compris les peaux sensibles<\/p>\n<h4 class=\"\\&quot;\\&quot;\"><strong>BOOST RELAX &#8211; Efficacit\u00e9 prouv\u00e9e<\/strong><\/h4>\n<ul>\n<li class=\"\\&quot;\\&quot;\">100% de diminution des rides d\\\u2019expression*.<\/li>\n<li class=\"\\&quot;\\&quot;\">100% disparition imm\u00e9diate des rides *.<\/li>\n<\/ul>\n<p class=\"\\&quot;\\&quot;\">Avis : *test d\u2019usage sur 21 hommes et femmes pendant 28 jours. % de satisfaction<\/p>\n<hr data-start=\"320\" data-end=\"323\" \/>\n<h3 data-start=\"325\" data-end=\"364\"><strong style=\"font-size: 18px;\">BOOST LIFT &#8211; Efficacit\u00e9 prouv\u00e9e<\/strong><\/h3>\n<\/div>\n<ul>\n<li>75% d\u2019augmentation de la fermet\u00e9 de la peau*<\/li>\n<li>100% d\u2019augmentation de l\u2019hydratation de la peau*.<\/li>\n<li>70% d\u2019am\u00e9lioration instantan\u00e9e des ridules*.<\/li>\n<\/ul>\n<p>Avis : *test d\u2019usage sur 20 femmes pendant 12 semaines d\u2019utilisation. % de satisfaction<\/p>\n","protected":false},"excerpt":{"rendered":"<p>Le pack anti-\u00e2ge ultime Ce pack est le syst\u00e8me de restauration de la jeunesse par excellence, con\u00e7u pour traiter simultan\u00e9ment<\/p>\n","protected":false},"featured_media":4885,"comment_status":"open","ping_status":"closed","template":"","meta":{"_acf_changed":false},"product_brand":[],"product_cat":[139],"product_tag":[137],"class_list":{"0":"post-4888","1":"product","2":"type-product","3":"status-publish","4":"has-post-thumbnail","6":"product_cat-offres","7":"product_tag-promo-youth-en-fr","9":"first","10":"instock","11":"taxable","12":"shipping-taxable","13":"purchasable","14":"product-type-simple"},"acf":[],"yoast_head":"<!-- This site is optimized with the Yoast SEO Premium plugin v27.4 (Yoast SEO v27.4) - https:\/\/yoast.com\/product\/yoast-seo-premium-wordpress\/ -->\n<title>DUO JEUNESSE+ BOOST RELAX + BOOST LIFT - Pariderm<\/title>\n<meta name=\"robots\" content=\"index, follow, max-snippet:-1, max-image-preview:large, max-video-preview:-1\" \/>\n<link rel=\"canonical\" href=\"https:\/\/pariderm.com\/fr\/product\/duo-jeune-en-anglais\/\" \/>\n<meta property=\"og:locale\" content=\"fr_FR\" \/>\n<meta property=\"og:type\" content=\"article\" \/>\n<meta property=\"og:title\" content=\"DUO JEUNESSE+ BOOST RELAX + BOOST LIFT\" \/>\n<meta property=\"og:description\" content=\"Le pack anti-\u00e2ge ultime Ce pack est le syst\u00e8me de restauration de la jeunesse par excellence, con\u00e7u pour traiter simultan\u00e9ment\" \/>\n<meta property=\"og:url\" content=\"https:\/\/pariderm.com\/fr\/product\/duo-jeune-en-anglais\/\" \/>\n<meta property=\"og:site_name\" content=\"Pariderm\" \/>\n<meta property=\"article:modified_time\" content=\"2026-01-05T16:57:06+00:00\" \/>\n<meta property=\"og:image\" content=\"https:\/\/pariderm.com\/wp-content\/uploads\/2025\/11\/20251105-PARIDERM-DUO-WEBSITE-OFFICE-06-FR-1024x1024.png\" \/>\n\t<meta property=\"og:image:width\" content=\"1024\" \/>\n\t<meta property=\"og:image:height\" content=\"1024\" \/>\n\t<meta property=\"og:image:type\" content=\"image\/png\" \/>\n<meta name=\"twitter:card\" content=\"summary_large_image\" \/>\n<meta name=\"twitter:label1\" content=\"Dur\u00e9e de lecture estim\u00e9e\" \/>\n\t<meta name=\"twitter:data1\" content=\"2 minutes\" \/>\n<script type=\"application\/ld+json\" class=\"yoast-schema-graph\">{\"@context\":\"https:\\\/\\\/schema.org\",\"@graph\":[{\"@type\":\"WebPage\",\"@id\":\"https:\\\/\\\/pariderm.com\\\/fr\\\/product\\\/duo-jeune-en-anglais\\\/\",\"url\":\"https:\\\/\\\/pariderm.com\\\/fr\\\/product\\\/duo-jeune-en-anglais\\\/\",\"name\":\"DUO JEUNESSE+ BOOST RELAX + BOOST LIFT - Pariderm\",\"isPartOf\":{\"@id\":\"https:\\\/\\\/pariderm.com\\\/fr\\\/#website\"},\"primaryImageOfPage\":{\"@id\":\"https:\\\/\\\/pariderm.com\\\/fr\\\/product\\\/duo-jeune-en-anglais\\\/#primaryimage\"},\"image\":{\"@id\":\"https:\\\/\\\/pariderm.com\\\/fr\\\/product\\\/duo-jeune-en-anglais\\\/#primaryimage\"},\"thumbnailUrl\":\"https:\\\/\\\/pariderm.com\\\/wp-content\\\/uploads\\\/2025\\\/11\\\/20251105-PARIDERM-DUO-WEBSITE-OFFICE-06-FR.png\",\"datePublished\":\"2025-11-07T12:12:57+00:00\",\"dateModified\":\"2026-01-05T16:57:06+00:00\",\"breadcrumb\":{\"@id\":\"https:\\\/\\\/pariderm.com\\\/fr\\\/product\\\/duo-jeune-en-anglais\\\/#breadcrumb\"},\"inLanguage\":\"fr-FR\",\"potentialAction\":[{\"@type\":\"ReadAction\",\"target\":[\"https:\\\/\\\/pariderm.com\\\/fr\\\/product\\\/duo-jeune-en-anglais\\\/\"]}]},{\"@type\":\"ImageObject\",\"inLanguage\":\"fr-FR\",\"@id\":\"https:\\\/\\\/pariderm.com\\\/fr\\\/product\\\/duo-jeune-en-anglais\\\/#primaryimage\",\"url\":\"https:\\\/\\\/pariderm.com\\\/wp-content\\\/uploads\\\/2025\\\/11\\\/20251105-PARIDERM-DUO-WEBSITE-OFFICE-06-FR.png\",\"contentUrl\":\"https:\\\/\\\/pariderm.com\\\/wp-content\\\/uploads\\\/2025\\\/11\\\/20251105-PARIDERM-DUO-WEBSITE-OFFICE-06-FR.png\",\"width\":2250,\"height\":2250},{\"@type\":\"BreadcrumbList\",\"@id\":\"https:\\\/\\\/pariderm.com\\\/fr\\\/product\\\/duo-jeune-en-anglais\\\/#breadcrumb\",\"itemListElement\":[{\"@type\":\"ListItem\",\"position\":1,\"name\":\"Home\",\"item\":\"https:\\\/\\\/pariderm.com\\\/fr\\\/\"},{\"@type\":\"ListItem\",\"position\":2,\"name\":\"Boutique\",\"item\":\"https:\\\/\\\/pariderm.com\\\/shop\\\/\"},{\"@type\":\"ListItem\",\"position\":3,\"name\":\"DUO JEUNESSE+ BOOST RELAX + BOOST LIFT\"}]},{\"@type\":\"WebSite\",\"@id\":\"https:\\\/\\\/pariderm.com\\\/fr\\\/#website\",\"url\":\"https:\\\/\\\/pariderm.com\\\/fr\\\/\",\"name\":\"PARIDERM\",\"description\":\"\",\"publisher\":{\"@id\":\"https:\\\/\\\/pariderm.com\\\/fr\\\/#organization\"},\"potentialAction\":[{\"@type\":\"SearchAction\",\"target\":{\"@type\":\"EntryPoint\",\"urlTemplate\":\"https:\\\/\\\/pariderm.com\\\/fr\\\/?s={search_term_string}\"},\"query-input\":{\"@type\":\"PropertyValueSpecification\",\"valueRequired\":true,\"valueName\":\"search_term_string\"}}],\"inLanguage\":\"fr-FR\"},{\"@type\":\"Organization\",\"@id\":\"https:\\\/\\\/pariderm.com\\\/fr\\\/#organization\",\"name\":\"PARIDERM\",\"url\":\"https:\\\/\\\/pariderm.com\\\/fr\\\/\",\"logo\":{\"@type\":\"ImageObject\",\"inLanguage\":\"fr-FR\",\"@id\":\"https:\\\/\\\/pariderm.com\\\/fr\\\/#\\\/schema\\\/logo\\\/image\\\/\",\"url\":\"https:\\\/\\\/pariderm.com\\\/wp-content\\\/uploads\\\/2024\\\/10\\\/header-logo1.png\",\"contentUrl\":\"https:\\\/\\\/pariderm.com\\\/wp-content\\\/uploads\\\/2024\\\/10\\\/header-logo1.png\",\"width\":343,\"height\":168,\"caption\":\"PARIDERM\"},\"image\":{\"@id\":\"https:\\\/\\\/pariderm.com\\\/fr\\\/#\\\/schema\\\/logo\\\/image\\\/\"},\"sameAs\":[\"https:\\\/\\\/www.instagram.com\\\/paridermofficial\\\/\",\"https:\\\/\\\/www.linkedin.com\\\/company\\\/pariderm\"]}]}<\/script>\n<!-- \/ Yoast SEO Premium plugin. -->","yoast_head_json":{"title":"DUO JEUNESSE+ BOOST RELAX + BOOST LIFT - Pariderm","robots":{"index":"index","follow":"follow","max-snippet":"max-snippet:-1","max-image-preview":"max-image-preview:large","max-video-preview":"max-video-preview:-1"},"canonical":"https:\/\/pariderm.com\/fr\/product\/duo-jeune-en-anglais\/","og_locale":"fr_FR","og_type":"article","og_title":"DUO JEUNESSE+ BOOST RELAX + BOOST LIFT","og_description":"Le pack anti-\u00e2ge ultime Ce pack est le syst\u00e8me de restauration de la jeunesse par excellence, con\u00e7u pour traiter simultan\u00e9ment","og_url":"https:\/\/pariderm.com\/fr\/product\/duo-jeune-en-anglais\/","og_site_name":"Pariderm","article_modified_time":"2026-01-05T16:57:06+00:00","og_image":[{"width":1024,"height":1024,"url":"https:\/\/pariderm.com\/wp-content\/uploads\/2025\/11\/20251105-PARIDERM-DUO-WEBSITE-OFFICE-06-FR-1024x1024.png","type":"image\/png"}],"twitter_card":"summary_large_image","twitter_misc":{"Dur\u00e9e de lecture estim\u00e9e":"2 minutes"},"schema":{"@context":"https:\/\/schema.org","@graph":[{"@type":"WebPage","@id":"https:\/\/pariderm.com\/fr\/product\/duo-jeune-en-anglais\/","url":"https:\/\/pariderm.com\/fr\/product\/duo-jeune-en-anglais\/","name":"DUO JEUNESSE+ BOOST RELAX + BOOST LIFT - Pariderm","isPartOf":{"@id":"https:\/\/pariderm.com\/fr\/#website"},"primaryImageOfPage":{"@id":"https:\/\/pariderm.com\/fr\/product\/duo-jeune-en-anglais\/#primaryimage"},"image":{"@id":"https:\/\/pariderm.com\/fr\/product\/duo-jeune-en-anglais\/#primaryimage"},"thumbnailUrl":"https:\/\/pariderm.com\/wp-content\/uploads\/2025\/11\/20251105-PARIDERM-DUO-WEBSITE-OFFICE-06-FR.png","datePublished":"2025-11-07T12:12:57+00:00","dateModified":"2026-01-05T16:57:06+00:00","breadcrumb":{"@id":"https:\/\/pariderm.com\/fr\/product\/duo-jeune-en-anglais\/#breadcrumb"},"inLanguage":"fr-FR","potentialAction":[{"@type":"ReadAction","target":["https:\/\/pariderm.com\/fr\/product\/duo-jeune-en-anglais\/"]}]},{"@type":"ImageObject","inLanguage":"fr-FR","@id":"https:\/\/pariderm.com\/fr\/product\/duo-jeune-en-anglais\/#primaryimage","url":"https:\/\/pariderm.com\/wp-content\/uploads\/2025\/11\/20251105-PARIDERM-DUO-WEBSITE-OFFICE-06-FR.png","contentUrl":"https:\/\/pariderm.com\/wp-content\/uploads\/2025\/11\/20251105-PARIDERM-DUO-WEBSITE-OFFICE-06-FR.png","width":2250,"height":2250},{"@type":"BreadcrumbList","@id":"https:\/\/pariderm.com\/fr\/product\/duo-jeune-en-anglais\/#breadcrumb","itemListElement":[{"@type":"ListItem","position":1,"name":"Home","item":"https:\/\/pariderm.com\/fr\/"},{"@type":"ListItem","position":2,"name":"Boutique","item":"https:\/\/pariderm.com\/shop\/"},{"@type":"ListItem","position":3,"name":"DUO JEUNESSE+ BOOST RELAX + BOOST LIFT"}]},{"@type":"WebSite","@id":"https:\/\/pariderm.com\/fr\/#website","url":"https:\/\/pariderm.com\/fr\/","name":"PARIDERM","description":"","publisher":{"@id":"https:\/\/pariderm.com\/fr\/#organization"},"potentialAction":[{"@type":"SearchAction","target":{"@type":"EntryPoint","urlTemplate":"https:\/\/pariderm.com\/fr\/?s={search_term_string}"},"query-input":{"@type":"PropertyValueSpecification","valueRequired":true,"valueName":"search_term_string"}}],"inLanguage":"fr-FR"},{"@type":"Organization","@id":"https:\/\/pariderm.com\/fr\/#organization","name":"PARIDERM","url":"https:\/\/pariderm.com\/fr\/","logo":{"@type":"ImageObject","inLanguage":"fr-FR","@id":"https:\/\/pariderm.com\/fr\/#\/schema\/logo\/image\/","url":"https:\/\/pariderm.com\/wp-content\/uploads\/2024\/10\/header-logo1.png","contentUrl":"https:\/\/pariderm.com\/wp-content\/uploads\/2024\/10\/header-logo1.png","width":343,"height":168,"caption":"PARIDERM"},"image":{"@id":"https:\/\/pariderm.com\/fr\/#\/schema\/logo\/image\/"},"sameAs":["https:\/\/www.instagram.com\/paridermofficial\/","https:\/\/www.linkedin.com\/company\/pariderm"]}]}},"_links":{"self":[{"href":"https:\/\/pariderm.com\/fr\/wp-json\/wp\/v2\/product\/4888","targetHints":{"allow":["GET"]}}],"collection":[{"href":"https:\/\/pariderm.com\/fr\/wp-json\/wp\/v2\/product"}],"about":[{"href":"https:\/\/pariderm.com\/fr\/wp-json\/wp\/v2\/types\/product"}],"replies":[{"embeddable":true,"href":"https:\/\/pariderm.com\/fr\/wp-json\/wp\/v2\/comments?post=4888"}],"wp:featuredmedia":[{"embeddable":true,"href":"https:\/\/pariderm.com\/fr\/wp-json\/wp\/v2\/media\/4885"}],"wp:attachment":[{"href":"https:\/\/pariderm.com\/fr\/wp-json\/wp\/v2\/media?parent=4888"}],"wp:term":[{"taxonomy":"product_brand","embeddable":true,"href":"https:\/\/pariderm.com\/fr\/wp-json\/wp\/v2\/product_brand?post=4888"},{"taxonomy":"product_cat","embeddable":true,"href":"https:\/\/pariderm.com\/fr\/wp-json\/wp\/v2\/product_cat?post=4888"},{"taxonomy":"product_tag","embeddable":true,"href":"https:\/\/pariderm.com\/fr\/wp-json\/wp\/v2\/product_tag?post=4888"}],"curies":[{"name":"wp","href":"https:\/\/api.w.org\/{rel}","templated":true}]}}