{"id":4138,"date":"2025-06-26T11:58:48","date_gmt":"2025-06-26T11:58:48","guid":{"rendered":"https:\/\/pariderm.com\/?post_type=product&#038;p=4138"},"modified":"2026-03-11T08:07:07","modified_gmt":"2026-03-11T08:07:07","slug":"dou-anti-taches","status":"publish","type":"product","link":"https:\/\/pariderm.com\/fr\/product\/dou-anti-taches\/","title":{"rendered":"DUO ANTI-TACHES"},"content":{"rendered":"<h3>BIENFAITS DU PACK<\/h3>\n<p>D\u00e9couvrez la synergie de deux traitements cibl\u00e9s et obtenez un teint visiblement plus lumineux, plus uniforme et \u00e9clatant, de jour comme de nuit.<\/p>\n<p>Riche en antioxydants puissants, il contribue \u00e0 :<\/p>\n<p>-Illuminer votre teint pour un \u00e9clat visible.<\/p>\n<p>-Uniformiser le teint en r\u00e9duisant l&rsquo;apparence des taches brunes et de l&rsquo;hyperpigmentation.<\/p>\n<p>-Prot\u00e9ger contre les dommages des radicaux libres, aidant ainsi \u00e0 pr\u00e9venir le vieillissement pr\u00e9matur\u00e9.<\/p>\n<p>La formule avanc\u00e9e de BOOST GLOW est con\u00e7ue pour :<\/p>\n<p>-Att\u00e9nuer l&rsquo;apparence des taches sombres et des d\u00e9colorations pour un teint plus uniforme.<\/p>\n<p>-Stimuler le processus de r\u00e9g\u00e9n\u00e9ration naturelle de la peau, r\u00e9v\u00e9lant une peau plus fra\u00eeche et plus lumineuse au r\u00e9veil.<\/p>\n<p>-Nourrir et hydrater, vous assurant de vous r\u00e9veiller avec une peau douce et souple.<\/p>\n<p>&nbsp;<\/p>\n<h3>DESCRIPTION BOOST C<\/h3>\n<p>BOOST C est un s\u00e9rum quotidien antioxydant et tonifiant associant 3% de vitamine C stabilis\u00e9e \u00e0 l\u2019acide hyaluronique. Il prot\u00e8ge la peau contre le stress oxydatif* qui favorise le vieillissement cutan\u00e9 pr\u00e9matur\u00e9. BOOST C maintient l\u2019\u00e9clat et la luminosit\u00e9 de la peau apportant ainsi une hydratation durable. Le grain de peau est affin\u00e9, le teint est plus uniforme, la peau est plus lisse et velout\u00e9e. Texture l\u00e9g\u00e8re rapidement absorb\u00e9e, non grasse et non collante. Adapt\u00e9 aux peaux jeunes.<br \/>\n*Test in vitro<\/p>\n<h3>DESCRIPTION BOOST GLOW<\/h3>\n<p>BOOST GLOW est un s\u00e9rum nuit \u00e9claircissant qui illumine la peau, am\u00e9liore son \u00e9clat et unifie le teint. Il r\u00e9duit les imperfections, combat les taches brunes et pr\u00e9vient l\u2019apparition de nouvelles taches. L\u2019acide glycolique exerce une l\u00e9g\u00e8re action exfoliante tandis que l\u2019extrait d\u2019AHA hydrate la peau en douceur. Texture \u00e0 absorption rapide, non grasse et non collante. Non com\u00e9dog\u00e8ne.<\/p>\n<h3>MODE D&rsquo;EMPLOI<\/h3>\n<p>Commencez votre routine de soins par l&rsquo;application de BOOST C le matin. Appliquez 3 \u00e0 4 gouttes de s\u00e9rum sur le visage et le cou bien nettoy\u00e9s. Tapotez doucement jusqu&rsquo;\u00e0 absorption compl\u00e8te.<\/p>\n<p>Appliquez 3 \u00e0 4 gouttes de BOOST C s\u00e9rum la nuit sur le visage et le cou bien nettoy\u00e9s et suivez par une application d\u2019une couche fine de BOOST GLOW en massant d\u00e9licatement le s\u00e9rum sur le visage et le cou bien nettoy\u00e9s jusqu&rsquo;\u00e0 absorption compl\u00e8te.<\/p>\n<p>Appliquez le lendemain votre \u00e9cran solaire et si besoin votre maquillage.<\/p>\n<p>&nbsp;<\/p>\n<h3>EFFICACIT\u00c9 BOOST C<\/h3>\n<p>95% peau plus \u00e9clatante*.<br \/>\n86% peau plus prot\u00e9g\u00e9e*.<br \/>\n*test d\u2019usage sur 22 hommes et femmes pendant 28 jours d\u2019utilisation. % de satisfaction<\/p>\n<p>&nbsp;<\/p>\n<h3>EFFICACIT\u00c9 BOOST GLOW<\/h3>\n<p>100% peau plus \u00e9clatante*<br \/>\n82% diminution de taches brunes *.<br \/>\n96% unification du teint*.<\/p>\n<p>*test d\u2019usage avec mesure de l\u2019indice de m\u00e9lanine et de l\u2019angle de typologie individuelle sur 22 femmes pendant 56 jours d\u2019utilisation. % de satisfaction<\/p>\n<p>&nbsp;<\/p>\n<div id=\"gtx-trans\" style=\"position: absolute; left: 178px; top: 57.2539px;\">\n<div class=\"gtx-trans-icon\"><\/div>\n<\/div>\n","protected":false},"excerpt":{"rendered":"<h3>Contenu du pack<\/h3>\n<p>R\u00e9v\u00e9lez une peau plus \u00e9clatante et unifi\u00e9e gr\u00e2ce \u00e0 notre puissant pack de s\u00e9rums, combinant\u00a0 notre S\u00e9rum Vitamine C stabilis\u00e9e pour la protection diurne et notre S\u00e9rum Nuit \u00c9claircissant qui agit pendant votre sommeil.<\/p>\n<p>Pendant la journ\u00e9e, BOOST C \u00e0 base de Vitamine C stabilis\u00e9e est votre bouclier contre les agressions environnementales.<\/p>\n<p>Pendant la nuit,\u00a0 BOOST GLOW prend le relais, pout le renouvellement\u00a0 de la peau et\u00a0 sa revitalisation.<\/p>\n<p>&nbsp;<\/p>\n","protected":false},"featured_media":4591,"comment_status":"open","ping_status":"closed","template":"","meta":{"_acf_changed":false},"product_brand":[],"product_cat":[99,97,95,96,98],"product_tag":[130],"class_list":{"0":"post-4138","1":"product","2":"type-product","3":"status-publish","4":"has-post-thumbnail","6":"product_cat-antioxydant","7":"product_cat-eclaircissement-et-eclaircissement","8":"product_cat-pour-femmes","9":"product_cat-pour-hommes","10":"product_cat-teste-dermatologiquement","11":"product_tag-promo-antitaches-fr-fr","13":"first","14":"instock","15":"taxable","16":"shipping-taxable","17":"purchasable","18":"product-type-simple"},"acf":[],"yoast_head":"<!-- This site is optimized with the Yoast SEO Premium plugin v27.4 (Yoast SEO v27.4) - https:\/\/yoast.com\/product\/yoast-seo-premium-wordpress\/ -->\n<title>DUO ANTI-TACHES - Pariderm<\/title>\n<meta name=\"robots\" content=\"index, follow, max-snippet:-1, max-image-preview:large, max-video-preview:-1\" \/>\n<link rel=\"canonical\" href=\"https:\/\/pariderm.com\/fr\/product\/dou-anti-taches\/\" \/>\n<meta property=\"og:locale\" content=\"fr_FR\" \/>\n<meta property=\"og:type\" content=\"article\" \/>\n<meta property=\"og:title\" content=\"DUO ANTI-TACHES\" \/>\n<meta property=\"og:description\" content=\"Contenu du pack R\u00e9v\u00e9lez une peau plus \u00e9clatante et unifi\u00e9e gr\u00e2ce \u00e0 notre puissant pack de s\u00e9rums, combinant\u00a0 notre S\u00e9rum Vitamine C stabilis\u00e9e pour la protection diurne et notre S\u00e9rum Nuit \u00c9claircissant qui agit pendant votre sommeil.  Pendant la journ\u00e9e, BOOST C \u00e0 base de Vitamine C stabilis\u00e9e est votre bouclier contre les agressions environnementales.  Pendant la nuit,\u00a0 BOOST GLOW prend le relais, pout le renouvellement\u00a0 de la peau et\u00a0 sa revitalisation.  &nbsp;\" \/>\n<meta property=\"og:url\" content=\"https:\/\/pariderm.com\/fr\/product\/dou-anti-taches\/\" \/>\n<meta property=\"og:site_name\" content=\"Pariderm\" \/>\n<meta property=\"article:modified_time\" content=\"2026-03-11T08:07:07+00:00\" \/>\n<meta property=\"og:image\" content=\"https:\/\/pariderm.com\/wp-content\/uploads\/2025\/06\/BOOST-C-BOOST-GLOW-01-scaled.webp\" \/>\n\t<meta property=\"og:image:width\" content=\"2048\" \/>\n\t<meta property=\"og:image:height\" content=\"2560\" \/>\n\t<meta property=\"og:image:type\" content=\"image\/webp\" \/>\n<meta name=\"twitter:card\" content=\"summary_large_image\" \/>\n<meta name=\"twitter:label1\" content=\"Dur\u00e9e de lecture estim\u00e9e\" \/>\n\t<meta name=\"twitter:data1\" content=\"3 minutes\" \/>\n<script type=\"application\/ld+json\" class=\"yoast-schema-graph\">{\"@context\":\"https:\\\/\\\/schema.org\",\"@graph\":[{\"@type\":\"WebPage\",\"@id\":\"https:\\\/\\\/pariderm.com\\\/fr\\\/product\\\/dou-anti-taches\\\/\",\"url\":\"https:\\\/\\\/pariderm.com\\\/fr\\\/product\\\/dou-anti-taches\\\/\",\"name\":\"DUO ANTI-TACHES - Pariderm\",\"isPartOf\":{\"@id\":\"https:\\\/\\\/pariderm.com\\\/fr\\\/#website\"},\"primaryImageOfPage\":{\"@id\":\"https:\\\/\\\/pariderm.com\\\/fr\\\/product\\\/dou-anti-taches\\\/#primaryimage\"},\"image\":{\"@id\":\"https:\\\/\\\/pariderm.com\\\/fr\\\/product\\\/dou-anti-taches\\\/#primaryimage\"},\"thumbnailUrl\":\"https:\\\/\\\/pariderm.com\\\/wp-content\\\/uploads\\\/2025\\\/06\\\/BOOST-C-BOOST-GLOW-01-scaled.webp\",\"datePublished\":\"2025-06-26T11:58:48+00:00\",\"dateModified\":\"2026-03-11T08:07:07+00:00\",\"breadcrumb\":{\"@id\":\"https:\\\/\\\/pariderm.com\\\/fr\\\/product\\\/dou-anti-taches\\\/#breadcrumb\"},\"inLanguage\":\"fr-FR\",\"potentialAction\":[{\"@type\":\"ReadAction\",\"target\":[\"https:\\\/\\\/pariderm.com\\\/fr\\\/product\\\/dou-anti-taches\\\/\"]}]},{\"@type\":\"ImageObject\",\"inLanguage\":\"fr-FR\",\"@id\":\"https:\\\/\\\/pariderm.com\\\/fr\\\/product\\\/dou-anti-taches\\\/#primaryimage\",\"url\":\"https:\\\/\\\/pariderm.com\\\/wp-content\\\/uploads\\\/2025\\\/06\\\/BOOST-C-BOOST-GLOW-01-scaled.webp\",\"contentUrl\":\"https:\\\/\\\/pariderm.com\\\/wp-content\\\/uploads\\\/2025\\\/06\\\/BOOST-C-BOOST-GLOW-01-scaled.webp\",\"width\":2048,\"height\":2560},{\"@type\":\"BreadcrumbList\",\"@id\":\"https:\\\/\\\/pariderm.com\\\/fr\\\/product\\\/dou-anti-taches\\\/#breadcrumb\",\"itemListElement\":[{\"@type\":\"ListItem\",\"position\":1,\"name\":\"Home\",\"item\":\"https:\\\/\\\/pariderm.com\\\/fr\\\/\"},{\"@type\":\"ListItem\",\"position\":2,\"name\":\"Boutique\",\"item\":\"https:\\\/\\\/pariderm.com\\\/shop\\\/\"},{\"@type\":\"ListItem\",\"position\":3,\"name\":\"DUO ANTI-TACHES\"}]},{\"@type\":\"WebSite\",\"@id\":\"https:\\\/\\\/pariderm.com\\\/fr\\\/#website\",\"url\":\"https:\\\/\\\/pariderm.com\\\/fr\\\/\",\"name\":\"PARIDERM\",\"description\":\"\",\"publisher\":{\"@id\":\"https:\\\/\\\/pariderm.com\\\/fr\\\/#organization\"},\"potentialAction\":[{\"@type\":\"SearchAction\",\"target\":{\"@type\":\"EntryPoint\",\"urlTemplate\":\"https:\\\/\\\/pariderm.com\\\/fr\\\/?s={search_term_string}\"},\"query-input\":{\"@type\":\"PropertyValueSpecification\",\"valueRequired\":true,\"valueName\":\"search_term_string\"}}],\"inLanguage\":\"fr-FR\"},{\"@type\":\"Organization\",\"@id\":\"https:\\\/\\\/pariderm.com\\\/fr\\\/#organization\",\"name\":\"PARIDERM\",\"url\":\"https:\\\/\\\/pariderm.com\\\/fr\\\/\",\"logo\":{\"@type\":\"ImageObject\",\"inLanguage\":\"fr-FR\",\"@id\":\"https:\\\/\\\/pariderm.com\\\/fr\\\/#\\\/schema\\\/logo\\\/image\\\/\",\"url\":\"https:\\\/\\\/pariderm.com\\\/wp-content\\\/uploads\\\/2024\\\/10\\\/header-logo1.png\",\"contentUrl\":\"https:\\\/\\\/pariderm.com\\\/wp-content\\\/uploads\\\/2024\\\/10\\\/header-logo1.png\",\"width\":343,\"height\":168,\"caption\":\"PARIDERM\"},\"image\":{\"@id\":\"https:\\\/\\\/pariderm.com\\\/fr\\\/#\\\/schema\\\/logo\\\/image\\\/\"},\"sameAs\":[\"https:\\\/\\\/www.instagram.com\\\/paridermofficial\\\/\",\"https:\\\/\\\/www.linkedin.com\\\/company\\\/pariderm\"]}]}<\/script>\n<!-- \/ Yoast SEO Premium plugin. -->","yoast_head_json":{"title":"DUO ANTI-TACHES - Pariderm","robots":{"index":"index","follow":"follow","max-snippet":"max-snippet:-1","max-image-preview":"max-image-preview:large","max-video-preview":"max-video-preview:-1"},"canonical":"https:\/\/pariderm.com\/fr\/product\/dou-anti-taches\/","og_locale":"fr_FR","og_type":"article","og_title":"DUO ANTI-TACHES","og_description":"Contenu du pack R\u00e9v\u00e9lez une peau plus \u00e9clatante et unifi\u00e9e gr\u00e2ce \u00e0 notre puissant pack de s\u00e9rums, combinant\u00a0 notre S\u00e9rum Vitamine C stabilis\u00e9e pour la protection diurne et notre S\u00e9rum Nuit \u00c9claircissant qui agit pendant votre sommeil.  Pendant la journ\u00e9e, BOOST C \u00e0 base de Vitamine C stabilis\u00e9e est votre bouclier contre les agressions environnementales.  Pendant la nuit,\u00a0 BOOST GLOW prend le relais, pout le renouvellement\u00a0 de la peau et\u00a0 sa revitalisation.  &nbsp;","og_url":"https:\/\/pariderm.com\/fr\/product\/dou-anti-taches\/","og_site_name":"Pariderm","article_modified_time":"2026-03-11T08:07:07+00:00","og_image":[{"width":2048,"height":2560,"url":"https:\/\/pariderm.com\/wp-content\/uploads\/2025\/06\/BOOST-C-BOOST-GLOW-01-scaled.webp","type":"image\/webp"}],"twitter_card":"summary_large_image","twitter_misc":{"Dur\u00e9e de lecture estim\u00e9e":"3 minutes"},"schema":{"@context":"https:\/\/schema.org","@graph":[{"@type":"WebPage","@id":"https:\/\/pariderm.com\/fr\/product\/dou-anti-taches\/","url":"https:\/\/pariderm.com\/fr\/product\/dou-anti-taches\/","name":"DUO ANTI-TACHES - Pariderm","isPartOf":{"@id":"https:\/\/pariderm.com\/fr\/#website"},"primaryImageOfPage":{"@id":"https:\/\/pariderm.com\/fr\/product\/dou-anti-taches\/#primaryimage"},"image":{"@id":"https:\/\/pariderm.com\/fr\/product\/dou-anti-taches\/#primaryimage"},"thumbnailUrl":"https:\/\/pariderm.com\/wp-content\/uploads\/2025\/06\/BOOST-C-BOOST-GLOW-01-scaled.webp","datePublished":"2025-06-26T11:58:48+00:00","dateModified":"2026-03-11T08:07:07+00:00","breadcrumb":{"@id":"https:\/\/pariderm.com\/fr\/product\/dou-anti-taches\/#breadcrumb"},"inLanguage":"fr-FR","potentialAction":[{"@type":"ReadAction","target":["https:\/\/pariderm.com\/fr\/product\/dou-anti-taches\/"]}]},{"@type":"ImageObject","inLanguage":"fr-FR","@id":"https:\/\/pariderm.com\/fr\/product\/dou-anti-taches\/#primaryimage","url":"https:\/\/pariderm.com\/wp-content\/uploads\/2025\/06\/BOOST-C-BOOST-GLOW-01-scaled.webp","contentUrl":"https:\/\/pariderm.com\/wp-content\/uploads\/2025\/06\/BOOST-C-BOOST-GLOW-01-scaled.webp","width":2048,"height":2560},{"@type":"BreadcrumbList","@id":"https:\/\/pariderm.com\/fr\/product\/dou-anti-taches\/#breadcrumb","itemListElement":[{"@type":"ListItem","position":1,"name":"Home","item":"https:\/\/pariderm.com\/fr\/"},{"@type":"ListItem","position":2,"name":"Boutique","item":"https:\/\/pariderm.com\/shop\/"},{"@type":"ListItem","position":3,"name":"DUO ANTI-TACHES"}]},{"@type":"WebSite","@id":"https:\/\/pariderm.com\/fr\/#website","url":"https:\/\/pariderm.com\/fr\/","name":"PARIDERM","description":"","publisher":{"@id":"https:\/\/pariderm.com\/fr\/#organization"},"potentialAction":[{"@type":"SearchAction","target":{"@type":"EntryPoint","urlTemplate":"https:\/\/pariderm.com\/fr\/?s={search_term_string}"},"query-input":{"@type":"PropertyValueSpecification","valueRequired":true,"valueName":"search_term_string"}}],"inLanguage":"fr-FR"},{"@type":"Organization","@id":"https:\/\/pariderm.com\/fr\/#organization","name":"PARIDERM","url":"https:\/\/pariderm.com\/fr\/","logo":{"@type":"ImageObject","inLanguage":"fr-FR","@id":"https:\/\/pariderm.com\/fr\/#\/schema\/logo\/image\/","url":"https:\/\/pariderm.com\/wp-content\/uploads\/2024\/10\/header-logo1.png","contentUrl":"https:\/\/pariderm.com\/wp-content\/uploads\/2024\/10\/header-logo1.png","width":343,"height":168,"caption":"PARIDERM"},"image":{"@id":"https:\/\/pariderm.com\/fr\/#\/schema\/logo\/image\/"},"sameAs":["https:\/\/www.instagram.com\/paridermofficial\/","https:\/\/www.linkedin.com\/company\/pariderm"]}]}},"_links":{"self":[{"href":"https:\/\/pariderm.com\/fr\/wp-json\/wp\/v2\/product\/4138","targetHints":{"allow":["GET"]}}],"collection":[{"href":"https:\/\/pariderm.com\/fr\/wp-json\/wp\/v2\/product"}],"about":[{"href":"https:\/\/pariderm.com\/fr\/wp-json\/wp\/v2\/types\/product"}],"replies":[{"embeddable":true,"href":"https:\/\/pariderm.com\/fr\/wp-json\/wp\/v2\/comments?post=4138"}],"wp:featuredmedia":[{"embeddable":true,"href":"https:\/\/pariderm.com\/fr\/wp-json\/wp\/v2\/media\/4591"}],"wp:attachment":[{"href":"https:\/\/pariderm.com\/fr\/wp-json\/wp\/v2\/media?parent=4138"}],"wp:term":[{"taxonomy":"product_brand","embeddable":true,"href":"https:\/\/pariderm.com\/fr\/wp-json\/wp\/v2\/product_brand?post=4138"},{"taxonomy":"product_cat","embeddable":true,"href":"https:\/\/pariderm.com\/fr\/wp-json\/wp\/v2\/product_cat?post=4138"},{"taxonomy":"product_tag","embeddable":true,"href":"https:\/\/pariderm.com\/fr\/wp-json\/wp\/v2\/product_tag?post=4138"}],"curies":[{"name":"wp","href":"https:\/\/api.w.org\/{rel}","templated":true}]}}