{"id":2735,"date":"2024-12-11T08:57:40","date_gmt":"2024-12-11T08:57:40","guid":{"rendered":"https:\/\/pariderm.com\/shop\/boost-eye-30-ml\/"},"modified":"2025-07-11T13:31:58","modified_gmt":"2025-07-11T13:31:58","slug":"boost-eye-30-ml","status":"publish","type":"product","link":"https:\/\/pariderm.com\/fr\/product\/boost-eye-30-ml\/","title":{"rendered":"BOOST EYE 15 ml"},"content":{"rendered":"<h3>DESCRIPTION<\/h3>\n<p>BOOST EYE est une cr\u00e8me contour des yeux anti-rides enrichie en acide hyaluronique et en peptides tels que Matrixyl\u00ae 3000 pour traiter le contour global des yeux. Les rides et les lignes d&rsquo;expression sont att\u00e9nu\u00e9es, l\u2019aspect des poches sous les yeux est visiblement r\u00e9duit. Le contour de l&rsquo;\u0153il est apais\u00e9 et visiblement hydrat\u00e9. Texture l\u00e9g\u00e8re compatible avec le maquillage. Test\u00e9 sous contr\u00f4le ophtalmologique.<\/p>\n<h4>MODE D&rsquo;EMPLOI<\/h4>\n<p>Appliquer, matin et\/ou soir, une goutte de cr\u00e8me sur les paupi\u00e8res bien nettoy\u00e9es et sur le contour des yeux. Tapoter doucement et masser lentement de l&rsquo;int\u00e9rieur vers le coin ext\u00e9rieur de l&rsquo;\u0153il jusqu&rsquo;\u00e0 absorption compl\u00e8te. \u00c9viter tout contact avec les yeux. Pour un usage externe.<\/p>\n<h5>EFFICACIT\u00c9<\/h5>\n<p>Une \u00e9tude \u00e9valuant l&rsquo;efficacit\u00e9 de BOOST EYE chez des volontaires a donn\u00e9 les % de satisfaction suivants :<br \/>\n-80% de r\u00e9duction des rides et ridules<br \/>\n-80% d\u2019am\u00e9lioration des poches sous les yeux chez<br \/>\n-90% yeux plus apais\u00e9s<br \/>\n-50% de r\u00e9duction de l&rsquo;apparence des cernes<br \/>\n-80% hydratation plus grande de la zone globale de l&rsquo;\u0153il<\/p>\n","protected":false},"excerpt":{"rendered":"<h2>Cr\u00e8me contour des yeux anti-rides<\/h2>\n<h3><strong>PROPRI\u00c9T\u00c9S DU PRODUIT<\/strong><\/h3>\n<ul>\n<li>R\u00e9duction des lignes d&rsquo;expression<\/li>\n<li>R\u00e9duction des poches oculaires<\/li>\n<\/ul>\n<h4><strong>Efficacit\u00e9 prouv\u00e9e<\/strong><\/h4>\n<ul>\n<li>80% diminution des rides et ridules*.<\/li>\n<li>80% d\u2019am\u00e9lioration des poches sous les yeux*.<\/li>\n<\/ul>\n<p>Avis : *test d\u2019usage sur 10 femmes pendant 12 semaines d&rsquo;utilisation. % de satisfaction<\/p>\n","protected":false},"featured_media":4332,"comment_status":"open","ping_status":"closed","template":"","meta":{"_acf_changed":false},"product_brand":[],"product_cat":[104,95,96,98],"product_tag":[],"class_list":{"0":"post-2735","1":"product","2":"type-product","3":"status-publish","4":"has-post-thumbnail","6":"product_cat-anti-age","7":"product_cat-pour-femmes","8":"product_cat-pour-hommes","9":"product_cat-teste-dermatologiquement","11":"first","12":"instock","13":"featured","14":"taxable","15":"shipping-taxable","16":"purchasable","17":"product-type-simple"},"acf":[],"yoast_head":"<!-- This site is optimized with the Yoast SEO Premium plugin v27.4 (Yoast SEO v27.4) - https:\/\/yoast.com\/product\/yoast-seo-premium-wordpress\/ -->\n<title>Boost Eye \u2013 Cr\u00e8me anti-rides &amp; poches yeux | Pariderm<\/title>\n<meta name=\"description\" content=\"Att\u00e9nue rides et poches sous les yeux. Contour apais\u00e9, hydrat\u00e9, texture l\u00e9g\u00e8re compatible maquillage. Test\u00e9 ophtalmologiquement.\" \/>\n<meta name=\"robots\" content=\"index, follow, max-snippet:-1, max-image-preview:large, max-video-preview:-1\" \/>\n<link rel=\"canonical\" href=\"https:\/\/pariderm.com\/fr\/product\/boost-eye-30-ml\/\" \/>\n<meta property=\"og:locale\" content=\"fr_FR\" \/>\n<meta property=\"og:type\" content=\"article\" \/>\n<meta property=\"og:title\" content=\"BOOST EYE 15 ml\" \/>\n<meta property=\"og:description\" content=\"Att\u00e9nue rides et poches sous les yeux. Contour apais\u00e9, hydrat\u00e9, texture l\u00e9g\u00e8re compatible maquillage. Test\u00e9 ophtalmologiquement.\" \/>\n<meta property=\"og:url\" content=\"https:\/\/pariderm.com\/fr\/product\/boost-eye-30-ml\/\" \/>\n<meta property=\"og:site_name\" content=\"Pariderm\" \/>\n<meta property=\"article:modified_time\" content=\"2025-07-11T13:31:58+00:00\" \/>\n<meta property=\"og:image\" content=\"https:\/\/pariderm.com\/wp-content\/uploads\/2024\/12\/BOOST-EYE-BOX.webp\" \/>\n\t<meta property=\"og:image:width\" content=\"2250\" \/>\n\t<meta property=\"og:image:height\" content=\"2250\" \/>\n\t<meta property=\"og:image:type\" content=\"image\/webp\" \/>\n<meta name=\"twitter:card\" content=\"summary_large_image\" \/>\n<meta name=\"twitter:label1\" content=\"Dur\u00e9e de lecture estim\u00e9e\" \/>\n\t<meta name=\"twitter:data1\" content=\"1 minute\" \/>\n<script type=\"application\/ld+json\" class=\"yoast-schema-graph\">{\"@context\":\"https:\\\/\\\/schema.org\",\"@graph\":[{\"@type\":\"WebPage\",\"@id\":\"https:\\\/\\\/pariderm.com\\\/fr\\\/product\\\/boost-eye-30-ml\\\/\",\"url\":\"https:\\\/\\\/pariderm.com\\\/fr\\\/product\\\/boost-eye-30-ml\\\/\",\"name\":\"Boost Eye \u2013 Cr\u00e8me anti-rides & poches yeux | Pariderm\",\"isPartOf\":{\"@id\":\"https:\\\/\\\/pariderm.com\\\/fr\\\/#website\"},\"primaryImageOfPage\":{\"@id\":\"https:\\\/\\\/pariderm.com\\\/fr\\\/product\\\/boost-eye-30-ml\\\/#primaryimage\"},\"image\":{\"@id\":\"https:\\\/\\\/pariderm.com\\\/fr\\\/product\\\/boost-eye-30-ml\\\/#primaryimage\"},\"thumbnailUrl\":\"https:\\\/\\\/pariderm.com\\\/wp-content\\\/uploads\\\/2024\\\/12\\\/BOOST-EYE-BOX.webp\",\"datePublished\":\"2024-12-11T08:57:40+00:00\",\"dateModified\":\"2025-07-11T13:31:58+00:00\",\"description\":\"Att\u00e9nue rides et poches sous les yeux. Contour apais\u00e9, hydrat\u00e9, texture l\u00e9g\u00e8re compatible maquillage. Test\u00e9 ophtalmologiquement.\",\"breadcrumb\":{\"@id\":\"https:\\\/\\\/pariderm.com\\\/fr\\\/product\\\/boost-eye-30-ml\\\/#breadcrumb\"},\"inLanguage\":\"fr-FR\",\"potentialAction\":[{\"@type\":\"ReadAction\",\"target\":[\"https:\\\/\\\/pariderm.com\\\/fr\\\/product\\\/boost-eye-30-ml\\\/\"]}]},{\"@type\":\"ImageObject\",\"inLanguage\":\"fr-FR\",\"@id\":\"https:\\\/\\\/pariderm.com\\\/fr\\\/product\\\/boost-eye-30-ml\\\/#primaryimage\",\"url\":\"https:\\\/\\\/pariderm.com\\\/wp-content\\\/uploads\\\/2024\\\/12\\\/BOOST-EYE-BOX.webp\",\"contentUrl\":\"https:\\\/\\\/pariderm.com\\\/wp-content\\\/uploads\\\/2024\\\/12\\\/BOOST-EYE-BOX.webp\",\"width\":2250,\"height\":2250,\"caption\":\"BOOST EYE PARIDERM, Anti Wrinkle Eye Contour\"},{\"@type\":\"BreadcrumbList\",\"@id\":\"https:\\\/\\\/pariderm.com\\\/fr\\\/product\\\/boost-eye-30-ml\\\/#breadcrumb\",\"itemListElement\":[{\"@type\":\"ListItem\",\"position\":1,\"name\":\"Home\",\"item\":\"https:\\\/\\\/pariderm.com\\\/fr\\\/\"},{\"@type\":\"ListItem\",\"position\":2,\"name\":\"Boutique\",\"item\":\"https:\\\/\\\/pariderm.com\\\/shop\\\/\"},{\"@type\":\"ListItem\",\"position\":3,\"name\":\"BOOST EYE 15 ml\"}]},{\"@type\":\"WebSite\",\"@id\":\"https:\\\/\\\/pariderm.com\\\/fr\\\/#website\",\"url\":\"https:\\\/\\\/pariderm.com\\\/fr\\\/\",\"name\":\"PARIDERM\",\"description\":\"\",\"publisher\":{\"@id\":\"https:\\\/\\\/pariderm.com\\\/fr\\\/#organization\"},\"potentialAction\":[{\"@type\":\"SearchAction\",\"target\":{\"@type\":\"EntryPoint\",\"urlTemplate\":\"https:\\\/\\\/pariderm.com\\\/fr\\\/?s={search_term_string}\"},\"query-input\":{\"@type\":\"PropertyValueSpecification\",\"valueRequired\":true,\"valueName\":\"search_term_string\"}}],\"inLanguage\":\"fr-FR\"},{\"@type\":\"Organization\",\"@id\":\"https:\\\/\\\/pariderm.com\\\/fr\\\/#organization\",\"name\":\"PARIDERM\",\"url\":\"https:\\\/\\\/pariderm.com\\\/fr\\\/\",\"logo\":{\"@type\":\"ImageObject\",\"inLanguage\":\"fr-FR\",\"@id\":\"https:\\\/\\\/pariderm.com\\\/fr\\\/#\\\/schema\\\/logo\\\/image\\\/\",\"url\":\"https:\\\/\\\/pariderm.com\\\/wp-content\\\/uploads\\\/2024\\\/10\\\/header-logo1.png\",\"contentUrl\":\"https:\\\/\\\/pariderm.com\\\/wp-content\\\/uploads\\\/2024\\\/10\\\/header-logo1.png\",\"width\":343,\"height\":168,\"caption\":\"PARIDERM\"},\"image\":{\"@id\":\"https:\\\/\\\/pariderm.com\\\/fr\\\/#\\\/schema\\\/logo\\\/image\\\/\"},\"sameAs\":[\"https:\\\/\\\/www.instagram.com\\\/paridermofficial\\\/\",\"https:\\\/\\\/www.linkedin.com\\\/company\\\/pariderm\"]}]}<\/script>\n<!-- \/ Yoast SEO Premium plugin. -->","yoast_head_json":{"title":"Boost Eye \u2013 Cr\u00e8me anti-rides & poches yeux | Pariderm","description":"Att\u00e9nue rides et poches sous les yeux. Contour apais\u00e9, hydrat\u00e9, texture l\u00e9g\u00e8re compatible maquillage. Test\u00e9 ophtalmologiquement.","robots":{"index":"index","follow":"follow","max-snippet":"max-snippet:-1","max-image-preview":"max-image-preview:large","max-video-preview":"max-video-preview:-1"},"canonical":"https:\/\/pariderm.com\/fr\/product\/boost-eye-30-ml\/","og_locale":"fr_FR","og_type":"article","og_title":"BOOST EYE 15 ml","og_description":"Att\u00e9nue rides et poches sous les yeux. Contour apais\u00e9, hydrat\u00e9, texture l\u00e9g\u00e8re compatible maquillage. Test\u00e9 ophtalmologiquement.","og_url":"https:\/\/pariderm.com\/fr\/product\/boost-eye-30-ml\/","og_site_name":"Pariderm","article_modified_time":"2025-07-11T13:31:58+00:00","og_image":[{"width":2250,"height":2250,"url":"https:\/\/pariderm.com\/wp-content\/uploads\/2024\/12\/BOOST-EYE-BOX.webp","type":"image\/webp"}],"twitter_card":"summary_large_image","twitter_misc":{"Dur\u00e9e de lecture estim\u00e9e":"1 minute"},"schema":{"@context":"https:\/\/schema.org","@graph":[{"@type":"WebPage","@id":"https:\/\/pariderm.com\/fr\/product\/boost-eye-30-ml\/","url":"https:\/\/pariderm.com\/fr\/product\/boost-eye-30-ml\/","name":"Boost Eye \u2013 Cr\u00e8me anti-rides & poches yeux | Pariderm","isPartOf":{"@id":"https:\/\/pariderm.com\/fr\/#website"},"primaryImageOfPage":{"@id":"https:\/\/pariderm.com\/fr\/product\/boost-eye-30-ml\/#primaryimage"},"image":{"@id":"https:\/\/pariderm.com\/fr\/product\/boost-eye-30-ml\/#primaryimage"},"thumbnailUrl":"https:\/\/pariderm.com\/wp-content\/uploads\/2024\/12\/BOOST-EYE-BOX.webp","datePublished":"2024-12-11T08:57:40+00:00","dateModified":"2025-07-11T13:31:58+00:00","description":"Att\u00e9nue rides et poches sous les yeux. Contour apais\u00e9, hydrat\u00e9, texture l\u00e9g\u00e8re compatible maquillage. Test\u00e9 ophtalmologiquement.","breadcrumb":{"@id":"https:\/\/pariderm.com\/fr\/product\/boost-eye-30-ml\/#breadcrumb"},"inLanguage":"fr-FR","potentialAction":[{"@type":"ReadAction","target":["https:\/\/pariderm.com\/fr\/product\/boost-eye-30-ml\/"]}]},{"@type":"ImageObject","inLanguage":"fr-FR","@id":"https:\/\/pariderm.com\/fr\/product\/boost-eye-30-ml\/#primaryimage","url":"https:\/\/pariderm.com\/wp-content\/uploads\/2024\/12\/BOOST-EYE-BOX.webp","contentUrl":"https:\/\/pariderm.com\/wp-content\/uploads\/2024\/12\/BOOST-EYE-BOX.webp","width":2250,"height":2250,"caption":"BOOST EYE PARIDERM, Anti Wrinkle Eye Contour"},{"@type":"BreadcrumbList","@id":"https:\/\/pariderm.com\/fr\/product\/boost-eye-30-ml\/#breadcrumb","itemListElement":[{"@type":"ListItem","position":1,"name":"Home","item":"https:\/\/pariderm.com\/fr\/"},{"@type":"ListItem","position":2,"name":"Boutique","item":"https:\/\/pariderm.com\/shop\/"},{"@type":"ListItem","position":3,"name":"BOOST EYE 15 ml"}]},{"@type":"WebSite","@id":"https:\/\/pariderm.com\/fr\/#website","url":"https:\/\/pariderm.com\/fr\/","name":"PARIDERM","description":"","publisher":{"@id":"https:\/\/pariderm.com\/fr\/#organization"},"potentialAction":[{"@type":"SearchAction","target":{"@type":"EntryPoint","urlTemplate":"https:\/\/pariderm.com\/fr\/?s={search_term_string}"},"query-input":{"@type":"PropertyValueSpecification","valueRequired":true,"valueName":"search_term_string"}}],"inLanguage":"fr-FR"},{"@type":"Organization","@id":"https:\/\/pariderm.com\/fr\/#organization","name":"PARIDERM","url":"https:\/\/pariderm.com\/fr\/","logo":{"@type":"ImageObject","inLanguage":"fr-FR","@id":"https:\/\/pariderm.com\/fr\/#\/schema\/logo\/image\/","url":"https:\/\/pariderm.com\/wp-content\/uploads\/2024\/10\/header-logo1.png","contentUrl":"https:\/\/pariderm.com\/wp-content\/uploads\/2024\/10\/header-logo1.png","width":343,"height":168,"caption":"PARIDERM"},"image":{"@id":"https:\/\/pariderm.com\/fr\/#\/schema\/logo\/image\/"},"sameAs":["https:\/\/www.instagram.com\/paridermofficial\/","https:\/\/www.linkedin.com\/company\/pariderm"]}]}},"_links":{"self":[{"href":"https:\/\/pariderm.com\/fr\/wp-json\/wp\/v2\/product\/2735","targetHints":{"allow":["GET"]}}],"collection":[{"href":"https:\/\/pariderm.com\/fr\/wp-json\/wp\/v2\/product"}],"about":[{"href":"https:\/\/pariderm.com\/fr\/wp-json\/wp\/v2\/types\/product"}],"replies":[{"embeddable":true,"href":"https:\/\/pariderm.com\/fr\/wp-json\/wp\/v2\/comments?post=2735"}],"wp:featuredmedia":[{"embeddable":true,"href":"https:\/\/pariderm.com\/fr\/wp-json\/wp\/v2\/media\/4332"}],"wp:attachment":[{"href":"https:\/\/pariderm.com\/fr\/wp-json\/wp\/v2\/media?parent=2735"}],"wp:term":[{"taxonomy":"product_brand","embeddable":true,"href":"https:\/\/pariderm.com\/fr\/wp-json\/wp\/v2\/product_brand?post=2735"},{"taxonomy":"product_cat","embeddable":true,"href":"https:\/\/pariderm.com\/fr\/wp-json\/wp\/v2\/product_cat?post=2735"},{"taxonomy":"product_tag","embeddable":true,"href":"https:\/\/pariderm.com\/fr\/wp-json\/wp\/v2\/product_tag?post=2735"}],"curies":[{"name":"wp","href":"https:\/\/api.w.org\/{rel}","templated":true}]}}