{"id":2734,"date":"2024-12-11T08:58:39","date_gmt":"2024-12-11T08:58:39","guid":{"rendered":"https:\/\/pariderm.com\/shop\/boost-glow-50-ml\/"},"modified":"2025-07-11T13:49:01","modified_gmt":"2025-07-11T13:49:01","slug":"boost-glow-50-ml","status":"publish","type":"product","link":"https:\/\/pariderm.com\/fr\/product\/boost-glow-50-ml\/","title":{"rendered":"BOOST GLOW 50 ml"},"content":{"rendered":"<h3>DESCRIPTION<\/h3>\n<p>BOOST GLOW est un s\u00e9rum nuit \u00e9claircissant qui illumine la peau, am\u00e9liore son \u00e9clat et unifie le teint. Il r\u00e9duit les imperfections, combat les taches brunes et pr\u00e9vient l&rsquo;apparition de nouvelles taches. L&rsquo;acide glycolique exerce une l\u00e9g\u00e8re action exfoliante tandis que l&rsquo;extrait d&rsquo;AHA hydrate la peau en douceur. Texture \u00e0 absorption rapide, non grasse et non collante. Non com\u00e9dog\u00e8ne.<\/p>\n<h4>MODE D&rsquo;EMPLOI<\/h4>\n<p>Appliquer, le soir, en couche fine sur le visage, le cou et les mains bien nettoy\u00e9s, masser doucement pour une absorption optimale. Eviter le contour des yeux et tout contact avec les yeux. En cas d&rsquo;irritation, espacer les applications ou consulter votre m\u00e9decin. Utiliser une protection solaire minimale SPF30 avant toute exposition au soleil, pendant l&rsquo;utilisation de ce produit et une semaine apr\u00e8s. Pour usage externe.<\/p>\n<h5 class=\"beclean elementor-heading-title elementor-size-default text-center pt-3\" style=\"text-align: left;\">EFFICACIT\u00c9<\/h5>\n<p>Une \u00e9tude \u00e9valuant l&rsquo;efficacit\u00e9 de BOOST GLOW chez des volontaires a donn\u00e9 les % de satisfaction suivants :<br \/>\n-100% peau plus lumineuse<br \/>\n-96% peau plus unifi\u00e9e<br \/>\n-100% peau plus douce<br \/>\n-100% peau nourrie<br \/>\n-100% peau confortable<br \/>\n-95% peau hydrat\u00e9e<\/p>\n<div id=\"gtx-trans\" style=\"position: absolute; left: 37px; top: 127.215px;\">\n<div class=\"gtx-trans-icon\"><\/div>\n<\/div>\n","protected":false},"excerpt":{"rendered":"<h2>S\u00e9rum nuit \u00e9claircissant pour un teint uniforme et la correction des taches brunes<\/h2>\n<h3><strong>PROPRI\u00c9T\u00c9S DU PRODUIT<\/strong><\/h3>\n<ul>\n<li>Moins d&rsquo;imperfections<\/li>\n<li>Teint \u00e9clairci et unifi\u00e9<\/li>\n<\/ul>\n<h4><strong>Efficacit\u00e9 prouv\u00e9e<\/strong><\/h4>\n<ul>\n<li>100% peau plus \u00e9clatante*<\/li>\n<li>82% diminution de taches brunes *.<\/li>\n<li>96% unification du teint*.<\/li>\n<\/ul>\n<p>Avis : *test d\u2019usage avec mesure de l&rsquo;indice de m\u00e9lanine et de l&rsquo;angle de typologie individuelle sur 22 femmes pendant 56 jours d&rsquo;utilisation. % de satisfaction<\/p>\n","protected":false},"featured_media":4340,"comment_status":"open","ping_status":"closed","template":"","meta":{"_acf_changed":false},"product_brand":[],"product_cat":[97,95,96,98],"product_tag":[],"class_list":{"0":"post-2734","1":"product","2":"type-product","3":"status-publish","4":"has-post-thumbnail","6":"product_cat-eclaircissement-et-eclaircissement","7":"product_cat-pour-femmes","8":"product_cat-pour-hommes","9":"product_cat-teste-dermatologiquement","11":"first","12":"instock","13":"featured","14":"taxable","15":"shipping-taxable","16":"purchasable","17":"product-type-simple"},"acf":[],"yoast_head":"<!-- This site is optimized with the Yoast SEO Premium plugin v27.4 (Yoast SEO v27.4) - https:\/\/yoast.com\/product\/yoast-seo-premium-wordpress\/ -->\n<title>Boost Glow \u2013 S\u00e9rum nuit \u00e9clat &amp; anti-taches | Pariderm<\/title>\n<meta name=\"description\" content=\"S\u00e9rum \u00e9claircissant de nuit. Unifie le teint, r\u00e9duit les taches brunes et redonne de l\u2019\u00e9clat \u00e0 votre peau. Test\u00e9 cliniquement\" \/>\n<meta name=\"robots\" content=\"index, follow, max-snippet:-1, max-image-preview:large, max-video-preview:-1\" \/>\n<link rel=\"canonical\" href=\"https:\/\/pariderm.com\/fr\/product\/boost-glow-50-ml\/\" \/>\n<meta property=\"og:locale\" content=\"fr_FR\" \/>\n<meta property=\"og:type\" content=\"article\" \/>\n<meta property=\"og:title\" content=\"BOOST GLOW 50 ml\" \/>\n<meta property=\"og:description\" content=\"S\u00e9rum \u00e9claircissant de nuit. Unifie le teint, r\u00e9duit les taches brunes et redonne de l\u2019\u00e9clat \u00e0 votre peau. Test\u00e9 cliniquement\" \/>\n<meta property=\"og:url\" content=\"https:\/\/pariderm.com\/fr\/product\/boost-glow-50-ml\/\" \/>\n<meta property=\"og:site_name\" content=\"Pariderm\" \/>\n<meta property=\"article:modified_time\" content=\"2025-07-11T13:49:01+00:00\" \/>\n<meta property=\"og:image\" content=\"https:\/\/pariderm.com\/wp-content\/uploads\/2024\/12\/BOOST-GLOW-BOX.webp\" \/>\n\t<meta property=\"og:image:width\" content=\"2250\" \/>\n\t<meta property=\"og:image:height\" content=\"2250\" \/>\n\t<meta property=\"og:image:type\" content=\"image\/webp\" \/>\n<meta name=\"twitter:card\" content=\"summary_large_image\" \/>\n<meta name=\"twitter:label1\" content=\"Dur\u00e9e de lecture estim\u00e9e\" \/>\n\t<meta name=\"twitter:data1\" content=\"1 minute\" \/>\n<script type=\"application\/ld+json\" class=\"yoast-schema-graph\">{\"@context\":\"https:\\\/\\\/schema.org\",\"@graph\":[{\"@type\":\"WebPage\",\"@id\":\"https:\\\/\\\/pariderm.com\\\/fr\\\/product\\\/boost-glow-50-ml\\\/\",\"url\":\"https:\\\/\\\/pariderm.com\\\/fr\\\/product\\\/boost-glow-50-ml\\\/\",\"name\":\"Boost Glow \u2013 S\u00e9rum nuit \u00e9clat & anti-taches | Pariderm\",\"isPartOf\":{\"@id\":\"https:\\\/\\\/pariderm.com\\\/fr\\\/#website\"},\"primaryImageOfPage\":{\"@id\":\"https:\\\/\\\/pariderm.com\\\/fr\\\/product\\\/boost-glow-50-ml\\\/#primaryimage\"},\"image\":{\"@id\":\"https:\\\/\\\/pariderm.com\\\/fr\\\/product\\\/boost-glow-50-ml\\\/#primaryimage\"},\"thumbnailUrl\":\"https:\\\/\\\/pariderm.com\\\/wp-content\\\/uploads\\\/2024\\\/12\\\/BOOST-GLOW-BOX.webp\",\"datePublished\":\"2024-12-11T08:58:39+00:00\",\"dateModified\":\"2025-07-11T13:49:01+00:00\",\"description\":\"S\u00e9rum \u00e9claircissant de nuit. Unifie le teint, r\u00e9duit les taches brunes et redonne de l\u2019\u00e9clat \u00e0 votre peau. Test\u00e9 cliniquement\",\"breadcrumb\":{\"@id\":\"https:\\\/\\\/pariderm.com\\\/fr\\\/product\\\/boost-glow-50-ml\\\/#breadcrumb\"},\"inLanguage\":\"fr-FR\",\"potentialAction\":[{\"@type\":\"ReadAction\",\"target\":[\"https:\\\/\\\/pariderm.com\\\/fr\\\/product\\\/boost-glow-50-ml\\\/\"]}]},{\"@type\":\"ImageObject\",\"inLanguage\":\"fr-FR\",\"@id\":\"https:\\\/\\\/pariderm.com\\\/fr\\\/product\\\/boost-glow-50-ml\\\/#primaryimage\",\"url\":\"https:\\\/\\\/pariderm.com\\\/wp-content\\\/uploads\\\/2024\\\/12\\\/BOOST-GLOW-BOX.webp\",\"contentUrl\":\"https:\\\/\\\/pariderm.com\\\/wp-content\\\/uploads\\\/2024\\\/12\\\/BOOST-GLOW-BOX.webp\",\"width\":2250,\"height\":2250,\"caption\":\"BOOST GLOW PARIDERM Skin Tone Unifier\"},{\"@type\":\"BreadcrumbList\",\"@id\":\"https:\\\/\\\/pariderm.com\\\/fr\\\/product\\\/boost-glow-50-ml\\\/#breadcrumb\",\"itemListElement\":[{\"@type\":\"ListItem\",\"position\":1,\"name\":\"Home\",\"item\":\"https:\\\/\\\/pariderm.com\\\/fr\\\/\"},{\"@type\":\"ListItem\",\"position\":2,\"name\":\"Boutique\",\"item\":\"https:\\\/\\\/pariderm.com\\\/shop\\\/\"},{\"@type\":\"ListItem\",\"position\":3,\"name\":\"BOOST GLOW 50 ml\"}]},{\"@type\":\"WebSite\",\"@id\":\"https:\\\/\\\/pariderm.com\\\/fr\\\/#website\",\"url\":\"https:\\\/\\\/pariderm.com\\\/fr\\\/\",\"name\":\"PARIDERM\",\"description\":\"\",\"publisher\":{\"@id\":\"https:\\\/\\\/pariderm.com\\\/fr\\\/#organization\"},\"potentialAction\":[{\"@type\":\"SearchAction\",\"target\":{\"@type\":\"EntryPoint\",\"urlTemplate\":\"https:\\\/\\\/pariderm.com\\\/fr\\\/?s={search_term_string}\"},\"query-input\":{\"@type\":\"PropertyValueSpecification\",\"valueRequired\":true,\"valueName\":\"search_term_string\"}}],\"inLanguage\":\"fr-FR\"},{\"@type\":\"Organization\",\"@id\":\"https:\\\/\\\/pariderm.com\\\/fr\\\/#organization\",\"name\":\"PARIDERM\",\"url\":\"https:\\\/\\\/pariderm.com\\\/fr\\\/\",\"logo\":{\"@type\":\"ImageObject\",\"inLanguage\":\"fr-FR\",\"@id\":\"https:\\\/\\\/pariderm.com\\\/fr\\\/#\\\/schema\\\/logo\\\/image\\\/\",\"url\":\"https:\\\/\\\/pariderm.com\\\/wp-content\\\/uploads\\\/2024\\\/10\\\/header-logo1.png\",\"contentUrl\":\"https:\\\/\\\/pariderm.com\\\/wp-content\\\/uploads\\\/2024\\\/10\\\/header-logo1.png\",\"width\":343,\"height\":168,\"caption\":\"PARIDERM\"},\"image\":{\"@id\":\"https:\\\/\\\/pariderm.com\\\/fr\\\/#\\\/schema\\\/logo\\\/image\\\/\"},\"sameAs\":[\"https:\\\/\\\/www.instagram.com\\\/paridermofficial\\\/\",\"https:\\\/\\\/www.linkedin.com\\\/company\\\/pariderm\"]}]}<\/script>\n<!-- \/ Yoast SEO Premium plugin. -->","yoast_head_json":{"title":"Boost Glow \u2013 S\u00e9rum nuit \u00e9clat & anti-taches | Pariderm","description":"S\u00e9rum \u00e9claircissant de nuit. Unifie le teint, r\u00e9duit les taches brunes et redonne de l\u2019\u00e9clat \u00e0 votre peau. Test\u00e9 cliniquement","robots":{"index":"index","follow":"follow","max-snippet":"max-snippet:-1","max-image-preview":"max-image-preview:large","max-video-preview":"max-video-preview:-1"},"canonical":"https:\/\/pariderm.com\/fr\/product\/boost-glow-50-ml\/","og_locale":"fr_FR","og_type":"article","og_title":"BOOST GLOW 50 ml","og_description":"S\u00e9rum \u00e9claircissant de nuit. Unifie le teint, r\u00e9duit les taches brunes et redonne de l\u2019\u00e9clat \u00e0 votre peau. Test\u00e9 cliniquement","og_url":"https:\/\/pariderm.com\/fr\/product\/boost-glow-50-ml\/","og_site_name":"Pariderm","article_modified_time":"2025-07-11T13:49:01+00:00","og_image":[{"width":2250,"height":2250,"url":"https:\/\/pariderm.com\/wp-content\/uploads\/2024\/12\/BOOST-GLOW-BOX.webp","type":"image\/webp"}],"twitter_card":"summary_large_image","twitter_misc":{"Dur\u00e9e de lecture estim\u00e9e":"1 minute"},"schema":{"@context":"https:\/\/schema.org","@graph":[{"@type":"WebPage","@id":"https:\/\/pariderm.com\/fr\/product\/boost-glow-50-ml\/","url":"https:\/\/pariderm.com\/fr\/product\/boost-glow-50-ml\/","name":"Boost Glow \u2013 S\u00e9rum nuit \u00e9clat & anti-taches | Pariderm","isPartOf":{"@id":"https:\/\/pariderm.com\/fr\/#website"},"primaryImageOfPage":{"@id":"https:\/\/pariderm.com\/fr\/product\/boost-glow-50-ml\/#primaryimage"},"image":{"@id":"https:\/\/pariderm.com\/fr\/product\/boost-glow-50-ml\/#primaryimage"},"thumbnailUrl":"https:\/\/pariderm.com\/wp-content\/uploads\/2024\/12\/BOOST-GLOW-BOX.webp","datePublished":"2024-12-11T08:58:39+00:00","dateModified":"2025-07-11T13:49:01+00:00","description":"S\u00e9rum \u00e9claircissant de nuit. Unifie le teint, r\u00e9duit les taches brunes et redonne de l\u2019\u00e9clat \u00e0 votre peau. Test\u00e9 cliniquement","breadcrumb":{"@id":"https:\/\/pariderm.com\/fr\/product\/boost-glow-50-ml\/#breadcrumb"},"inLanguage":"fr-FR","potentialAction":[{"@type":"ReadAction","target":["https:\/\/pariderm.com\/fr\/product\/boost-glow-50-ml\/"]}]},{"@type":"ImageObject","inLanguage":"fr-FR","@id":"https:\/\/pariderm.com\/fr\/product\/boost-glow-50-ml\/#primaryimage","url":"https:\/\/pariderm.com\/wp-content\/uploads\/2024\/12\/BOOST-GLOW-BOX.webp","contentUrl":"https:\/\/pariderm.com\/wp-content\/uploads\/2024\/12\/BOOST-GLOW-BOX.webp","width":2250,"height":2250,"caption":"BOOST GLOW PARIDERM Skin Tone Unifier"},{"@type":"BreadcrumbList","@id":"https:\/\/pariderm.com\/fr\/product\/boost-glow-50-ml\/#breadcrumb","itemListElement":[{"@type":"ListItem","position":1,"name":"Home","item":"https:\/\/pariderm.com\/fr\/"},{"@type":"ListItem","position":2,"name":"Boutique","item":"https:\/\/pariderm.com\/shop\/"},{"@type":"ListItem","position":3,"name":"BOOST GLOW 50 ml"}]},{"@type":"WebSite","@id":"https:\/\/pariderm.com\/fr\/#website","url":"https:\/\/pariderm.com\/fr\/","name":"PARIDERM","description":"","publisher":{"@id":"https:\/\/pariderm.com\/fr\/#organization"},"potentialAction":[{"@type":"SearchAction","target":{"@type":"EntryPoint","urlTemplate":"https:\/\/pariderm.com\/fr\/?s={search_term_string}"},"query-input":{"@type":"PropertyValueSpecification","valueRequired":true,"valueName":"search_term_string"}}],"inLanguage":"fr-FR"},{"@type":"Organization","@id":"https:\/\/pariderm.com\/fr\/#organization","name":"PARIDERM","url":"https:\/\/pariderm.com\/fr\/","logo":{"@type":"ImageObject","inLanguage":"fr-FR","@id":"https:\/\/pariderm.com\/fr\/#\/schema\/logo\/image\/","url":"https:\/\/pariderm.com\/wp-content\/uploads\/2024\/10\/header-logo1.png","contentUrl":"https:\/\/pariderm.com\/wp-content\/uploads\/2024\/10\/header-logo1.png","width":343,"height":168,"caption":"PARIDERM"},"image":{"@id":"https:\/\/pariderm.com\/fr\/#\/schema\/logo\/image\/"},"sameAs":["https:\/\/www.instagram.com\/paridermofficial\/","https:\/\/www.linkedin.com\/company\/pariderm"]}]}},"_links":{"self":[{"href":"https:\/\/pariderm.com\/fr\/wp-json\/wp\/v2\/product\/2734","targetHints":{"allow":["GET"]}}],"collection":[{"href":"https:\/\/pariderm.com\/fr\/wp-json\/wp\/v2\/product"}],"about":[{"href":"https:\/\/pariderm.com\/fr\/wp-json\/wp\/v2\/types\/product"}],"replies":[{"embeddable":true,"href":"https:\/\/pariderm.com\/fr\/wp-json\/wp\/v2\/comments?post=2734"}],"wp:featuredmedia":[{"embeddable":true,"href":"https:\/\/pariderm.com\/fr\/wp-json\/wp\/v2\/media\/4340"}],"wp:attachment":[{"href":"https:\/\/pariderm.com\/fr\/wp-json\/wp\/v2\/media?parent=2734"}],"wp:term":[{"taxonomy":"product_brand","embeddable":true,"href":"https:\/\/pariderm.com\/fr\/wp-json\/wp\/v2\/product_brand?post=2734"},{"taxonomy":"product_cat","embeddable":true,"href":"https:\/\/pariderm.com\/fr\/wp-json\/wp\/v2\/product_cat?post=2734"},{"taxonomy":"product_tag","embeddable":true,"href":"https:\/\/pariderm.com\/fr\/wp-json\/wp\/v2\/product_tag?post=2734"}],"curies":[{"name":"wp","href":"https:\/\/api.w.org\/{rel}","templated":true}]}}