{"id":2733,"date":"2024-12-11T08:59:44","date_gmt":"2024-12-11T08:59:44","guid":{"rendered":"https:\/\/pariderm.com\/shop\/boost-lift-50-ml\/"},"modified":"2025-07-11T13:51:05","modified_gmt":"2025-07-11T13:51:05","slug":"boost-lift-50-ml","status":"publish","type":"product","link":"https:\/\/pariderm.com\/fr\/product\/boost-lift-50-ml\/","title":{"rendered":"BOOST LIFT 50 ml"},"content":{"rendered":"<h3>DESCRIPTION<\/h3>\n<p>BOOST LIFT est une cr\u00e8me fermet\u00e9 qui hydrate la peau et maintient son \u00e9lasticit\u00e9. Elle am\u00e9liore le tonus de la peau et assure une hydratation optimale tout au long de la journ\u00e9e.<br \/>\nBOOST LIFT r\u00e9duit instantan\u00e9ment la visibilit\u00e9 des ridules et donne une apparence souple et plus radieuse.<br \/>\nTexture l\u00e9g\u00e8re, rapidement absorb\u00e9e, non grasse et non collante. Peut \u00eatre utilis\u00e9 comme base de maquillage.<br \/>\nNON COMEDOGENE<\/p>\n<h4>MODE D&rsquo;EMPLOI<\/h4>\n<p>Appliquer matin et soir sur le visage et le cou bien nettoy\u00e9s.<br \/>\nMasser doucement jusqu&rsquo;\u00e0 absorption compl\u00e8te.<\/p>\n<p>\u00c9viter le contact avec les yeux. Pour usage externe.<\/p>\n<h5>EFFICACIT\u00c9<\/h5>\n<p>Une \u00e9tude \u00e9valuant l&rsquo;efficacit\u00e9 de BOOST LIFT chez des volontaires a donn\u00e9 les % de satisfaction suivants :<br \/>\n-75% augmentation de la fermet\u00e9 de la peau<br \/>\n-100% meilleure hydratation de la peau<br \/>\n-75% am\u00e9lioration du tonus de la peau<br \/>\n-70% am\u00e9lioration instantan\u00e9e des ridules<br \/>\n-90% am\u00e9lioration de l&rsquo;\u00e9clat de la peau<\/p>\n","protected":false},"excerpt":{"rendered":"<h2>Cr\u00e8me fermet\u00e9 pour r\u00e9duire instantan\u00e9ment la visibilit\u00e9 des ridules<\/h2>\n<h3><strong>PROPRI\u00c9T\u00c9S DU PRODUIT<\/strong><\/h3>\n<ul>\n<li>Couverture imm\u00e9diate des rides<\/li>\n<li>Meilleure \u00e9lasticit\u00e9 de la peau<\/li>\n<li>Meilleure hydratation de la peau<\/li>\n<\/ul>\n<h4><strong>Efficacit\u00e9 prouv\u00e9e<\/strong><\/h4>\n<ul>\n<li>75% d\u2019augmentation de la fermet\u00e9 de la peau*<\/li>\n<li>100% d\u2019augmentation de l\u2019hydratation de la peau*.<\/li>\n<li>70% d\u2019am\u00e9lioration instantan\u00e9e des ridules*.<\/li>\n<\/ul>\n<p>Avis : *test d\u2019usage sur 20 femmes pendant 12 semaines d&rsquo;utilisation. % de satisfaction<\/p>\n","protected":false},"featured_media":4349,"comment_status":"open","ping_status":"closed","template":"","meta":{"_acf_changed":false},"product_brand":[],"product_cat":[104,95,96,98],"product_tag":[],"class_list":{"0":"post-2733","1":"product","2":"type-product","3":"status-publish","4":"has-post-thumbnail","6":"product_cat-anti-age","7":"product_cat-pour-femmes","8":"product_cat-pour-hommes","9":"product_cat-teste-dermatologiquement","11":"first","12":"instock","13":"featured","14":"taxable","15":"shipping-taxable","16":"purchasable","17":"product-type-simple"},"acf":[],"yoast_head":"<!-- This site is optimized with the Yoast SEO Premium plugin v27.4 (Yoast SEO v27.4) - https:\/\/yoast.com\/product\/yoast-seo-premium-wordpress\/ -->\n<title>Boost Lift \u2013 Soin anti-\u00e2ge tonus &amp; ridules | Pariderm<\/title>\n<meta name=\"description\" content=\"Soin anti-\u00e2ge cliniquement test\u00e9. Att\u00e9nue les ridules, am\u00e9liore le tonus de la peau et offre une hydratation optimale d\u00e8s la premi\u00e8re application.\" \/>\n<meta name=\"robots\" content=\"index, follow, max-snippet:-1, max-image-preview:large, max-video-preview:-1\" \/>\n<link rel=\"canonical\" href=\"https:\/\/pariderm.com\/fr\/product\/boost-lift-50-ml\/\" \/>\n<meta property=\"og:locale\" content=\"fr_FR\" \/>\n<meta property=\"og:type\" content=\"article\" \/>\n<meta property=\"og:title\" content=\"BOOST LIFT 50 ml\" \/>\n<meta property=\"og:description\" content=\"Soin anti-\u00e2ge cliniquement test\u00e9. Att\u00e9nue les ridules, am\u00e9liore le tonus de la peau et offre une hydratation optimale d\u00e8s la premi\u00e8re application.\" \/>\n<meta property=\"og:url\" content=\"https:\/\/pariderm.com\/fr\/product\/boost-lift-50-ml\/\" \/>\n<meta property=\"og:site_name\" content=\"Pariderm\" \/>\n<meta property=\"article:modified_time\" content=\"2025-07-11T13:51:05+00:00\" \/>\n<meta property=\"og:image\" content=\"https:\/\/pariderm.com\/wp-content\/uploads\/2024\/12\/BOOST-LIFT-BOX.webp\" \/>\n\t<meta property=\"og:image:width\" content=\"2250\" \/>\n\t<meta property=\"og:image:height\" content=\"2250\" \/>\n\t<meta property=\"og:image:type\" content=\"image\/webp\" \/>\n<meta name=\"twitter:card\" content=\"summary_large_image\" \/>\n<meta name=\"twitter:label1\" content=\"Dur\u00e9e de lecture estim\u00e9e\" \/>\n\t<meta name=\"twitter:data1\" content=\"1 minute\" \/>\n<script type=\"application\/ld+json\" class=\"yoast-schema-graph\">{\"@context\":\"https:\\\/\\\/schema.org\",\"@graph\":[{\"@type\":\"WebPage\",\"@id\":\"https:\\\/\\\/pariderm.com\\\/fr\\\/product\\\/boost-lift-50-ml\\\/\",\"url\":\"https:\\\/\\\/pariderm.com\\\/fr\\\/product\\\/boost-lift-50-ml\\\/\",\"name\":\"Boost Lift \u2013 Soin anti-\u00e2ge tonus & ridules | Pariderm\",\"isPartOf\":{\"@id\":\"https:\\\/\\\/pariderm.com\\\/fr\\\/#website\"},\"primaryImageOfPage\":{\"@id\":\"https:\\\/\\\/pariderm.com\\\/fr\\\/product\\\/boost-lift-50-ml\\\/#primaryimage\"},\"image\":{\"@id\":\"https:\\\/\\\/pariderm.com\\\/fr\\\/product\\\/boost-lift-50-ml\\\/#primaryimage\"},\"thumbnailUrl\":\"https:\\\/\\\/pariderm.com\\\/wp-content\\\/uploads\\\/2024\\\/12\\\/BOOST-LIFT-BOX.webp\",\"datePublished\":\"2024-12-11T08:59:44+00:00\",\"dateModified\":\"2025-07-11T13:51:05+00:00\",\"description\":\"Soin anti-\u00e2ge cliniquement test\u00e9. Att\u00e9nue les ridules, am\u00e9liore le tonus de la peau et offre une hydratation optimale d\u00e8s la premi\u00e8re application.\",\"breadcrumb\":{\"@id\":\"https:\\\/\\\/pariderm.com\\\/fr\\\/product\\\/boost-lift-50-ml\\\/#breadcrumb\"},\"inLanguage\":\"fr-FR\",\"potentialAction\":[{\"@type\":\"ReadAction\",\"target\":[\"https:\\\/\\\/pariderm.com\\\/fr\\\/product\\\/boost-lift-50-ml\\\/\"]}]},{\"@type\":\"ImageObject\",\"inLanguage\":\"fr-FR\",\"@id\":\"https:\\\/\\\/pariderm.com\\\/fr\\\/product\\\/boost-lift-50-ml\\\/#primaryimage\",\"url\":\"https:\\\/\\\/pariderm.com\\\/wp-content\\\/uploads\\\/2024\\\/12\\\/BOOST-LIFT-BOX.webp\",\"contentUrl\":\"https:\\\/\\\/pariderm.com\\\/wp-content\\\/uploads\\\/2024\\\/12\\\/BOOST-LIFT-BOX.webp\",\"width\":2250,\"height\":2250,\"caption\":\"BOOST LIFT PARIDERM ANTIAGE CREAM\"},{\"@type\":\"BreadcrumbList\",\"@id\":\"https:\\\/\\\/pariderm.com\\\/fr\\\/product\\\/boost-lift-50-ml\\\/#breadcrumb\",\"itemListElement\":[{\"@type\":\"ListItem\",\"position\":1,\"name\":\"Home\",\"item\":\"https:\\\/\\\/pariderm.com\\\/fr\\\/\"},{\"@type\":\"ListItem\",\"position\":2,\"name\":\"Boutique\",\"item\":\"https:\\\/\\\/pariderm.com\\\/shop\\\/\"},{\"@type\":\"ListItem\",\"position\":3,\"name\":\"BOOST LIFT 50 ml\"}]},{\"@type\":\"WebSite\",\"@id\":\"https:\\\/\\\/pariderm.com\\\/fr\\\/#website\",\"url\":\"https:\\\/\\\/pariderm.com\\\/fr\\\/\",\"name\":\"PARIDERM\",\"description\":\"\",\"publisher\":{\"@id\":\"https:\\\/\\\/pariderm.com\\\/fr\\\/#organization\"},\"potentialAction\":[{\"@type\":\"SearchAction\",\"target\":{\"@type\":\"EntryPoint\",\"urlTemplate\":\"https:\\\/\\\/pariderm.com\\\/fr\\\/?s={search_term_string}\"},\"query-input\":{\"@type\":\"PropertyValueSpecification\",\"valueRequired\":true,\"valueName\":\"search_term_string\"}}],\"inLanguage\":\"fr-FR\"},{\"@type\":\"Organization\",\"@id\":\"https:\\\/\\\/pariderm.com\\\/fr\\\/#organization\",\"name\":\"PARIDERM\",\"url\":\"https:\\\/\\\/pariderm.com\\\/fr\\\/\",\"logo\":{\"@type\":\"ImageObject\",\"inLanguage\":\"fr-FR\",\"@id\":\"https:\\\/\\\/pariderm.com\\\/fr\\\/#\\\/schema\\\/logo\\\/image\\\/\",\"url\":\"https:\\\/\\\/pariderm.com\\\/wp-content\\\/uploads\\\/2024\\\/10\\\/header-logo1.png\",\"contentUrl\":\"https:\\\/\\\/pariderm.com\\\/wp-content\\\/uploads\\\/2024\\\/10\\\/header-logo1.png\",\"width\":343,\"height\":168,\"caption\":\"PARIDERM\"},\"image\":{\"@id\":\"https:\\\/\\\/pariderm.com\\\/fr\\\/#\\\/schema\\\/logo\\\/image\\\/\"},\"sameAs\":[\"https:\\\/\\\/www.instagram.com\\\/paridermofficial\\\/\",\"https:\\\/\\\/www.linkedin.com\\\/company\\\/pariderm\"]}]}<\/script>\n<!-- \/ Yoast SEO Premium plugin. -->","yoast_head_json":{"title":"Boost Lift \u2013 Soin anti-\u00e2ge tonus & ridules | Pariderm","description":"Soin anti-\u00e2ge cliniquement test\u00e9. Att\u00e9nue les ridules, am\u00e9liore le tonus de la peau et offre une hydratation optimale d\u00e8s la premi\u00e8re application.","robots":{"index":"index","follow":"follow","max-snippet":"max-snippet:-1","max-image-preview":"max-image-preview:large","max-video-preview":"max-video-preview:-1"},"canonical":"https:\/\/pariderm.com\/fr\/product\/boost-lift-50-ml\/","og_locale":"fr_FR","og_type":"article","og_title":"BOOST LIFT 50 ml","og_description":"Soin anti-\u00e2ge cliniquement test\u00e9. Att\u00e9nue les ridules, am\u00e9liore le tonus de la peau et offre une hydratation optimale d\u00e8s la premi\u00e8re application.","og_url":"https:\/\/pariderm.com\/fr\/product\/boost-lift-50-ml\/","og_site_name":"Pariderm","article_modified_time":"2025-07-11T13:51:05+00:00","og_image":[{"width":2250,"height":2250,"url":"https:\/\/pariderm.com\/wp-content\/uploads\/2024\/12\/BOOST-LIFT-BOX.webp","type":"image\/webp"}],"twitter_card":"summary_large_image","twitter_misc":{"Dur\u00e9e de lecture estim\u00e9e":"1 minute"},"schema":{"@context":"https:\/\/schema.org","@graph":[{"@type":"WebPage","@id":"https:\/\/pariderm.com\/fr\/product\/boost-lift-50-ml\/","url":"https:\/\/pariderm.com\/fr\/product\/boost-lift-50-ml\/","name":"Boost Lift \u2013 Soin anti-\u00e2ge tonus & ridules | Pariderm","isPartOf":{"@id":"https:\/\/pariderm.com\/fr\/#website"},"primaryImageOfPage":{"@id":"https:\/\/pariderm.com\/fr\/product\/boost-lift-50-ml\/#primaryimage"},"image":{"@id":"https:\/\/pariderm.com\/fr\/product\/boost-lift-50-ml\/#primaryimage"},"thumbnailUrl":"https:\/\/pariderm.com\/wp-content\/uploads\/2024\/12\/BOOST-LIFT-BOX.webp","datePublished":"2024-12-11T08:59:44+00:00","dateModified":"2025-07-11T13:51:05+00:00","description":"Soin anti-\u00e2ge cliniquement test\u00e9. Att\u00e9nue les ridules, am\u00e9liore le tonus de la peau et offre une hydratation optimale d\u00e8s la premi\u00e8re application.","breadcrumb":{"@id":"https:\/\/pariderm.com\/fr\/product\/boost-lift-50-ml\/#breadcrumb"},"inLanguage":"fr-FR","potentialAction":[{"@type":"ReadAction","target":["https:\/\/pariderm.com\/fr\/product\/boost-lift-50-ml\/"]}]},{"@type":"ImageObject","inLanguage":"fr-FR","@id":"https:\/\/pariderm.com\/fr\/product\/boost-lift-50-ml\/#primaryimage","url":"https:\/\/pariderm.com\/wp-content\/uploads\/2024\/12\/BOOST-LIFT-BOX.webp","contentUrl":"https:\/\/pariderm.com\/wp-content\/uploads\/2024\/12\/BOOST-LIFT-BOX.webp","width":2250,"height":2250,"caption":"BOOST LIFT PARIDERM ANTIAGE CREAM"},{"@type":"BreadcrumbList","@id":"https:\/\/pariderm.com\/fr\/product\/boost-lift-50-ml\/#breadcrumb","itemListElement":[{"@type":"ListItem","position":1,"name":"Home","item":"https:\/\/pariderm.com\/fr\/"},{"@type":"ListItem","position":2,"name":"Boutique","item":"https:\/\/pariderm.com\/shop\/"},{"@type":"ListItem","position":3,"name":"BOOST LIFT 50 ml"}]},{"@type":"WebSite","@id":"https:\/\/pariderm.com\/fr\/#website","url":"https:\/\/pariderm.com\/fr\/","name":"PARIDERM","description":"","publisher":{"@id":"https:\/\/pariderm.com\/fr\/#organization"},"potentialAction":[{"@type":"SearchAction","target":{"@type":"EntryPoint","urlTemplate":"https:\/\/pariderm.com\/fr\/?s={search_term_string}"},"query-input":{"@type":"PropertyValueSpecification","valueRequired":true,"valueName":"search_term_string"}}],"inLanguage":"fr-FR"},{"@type":"Organization","@id":"https:\/\/pariderm.com\/fr\/#organization","name":"PARIDERM","url":"https:\/\/pariderm.com\/fr\/","logo":{"@type":"ImageObject","inLanguage":"fr-FR","@id":"https:\/\/pariderm.com\/fr\/#\/schema\/logo\/image\/","url":"https:\/\/pariderm.com\/wp-content\/uploads\/2024\/10\/header-logo1.png","contentUrl":"https:\/\/pariderm.com\/wp-content\/uploads\/2024\/10\/header-logo1.png","width":343,"height":168,"caption":"PARIDERM"},"image":{"@id":"https:\/\/pariderm.com\/fr\/#\/schema\/logo\/image\/"},"sameAs":["https:\/\/www.instagram.com\/paridermofficial\/","https:\/\/www.linkedin.com\/company\/pariderm"]}]}},"_links":{"self":[{"href":"https:\/\/pariderm.com\/fr\/wp-json\/wp\/v2\/product\/2733","targetHints":{"allow":["GET"]}}],"collection":[{"href":"https:\/\/pariderm.com\/fr\/wp-json\/wp\/v2\/product"}],"about":[{"href":"https:\/\/pariderm.com\/fr\/wp-json\/wp\/v2\/types\/product"}],"replies":[{"embeddable":true,"href":"https:\/\/pariderm.com\/fr\/wp-json\/wp\/v2\/comments?post=2733"}],"wp:featuredmedia":[{"embeddable":true,"href":"https:\/\/pariderm.com\/fr\/wp-json\/wp\/v2\/media\/4349"}],"wp:attachment":[{"href":"https:\/\/pariderm.com\/fr\/wp-json\/wp\/v2\/media?parent=2733"}],"wp:term":[{"taxonomy":"product_brand","embeddable":true,"href":"https:\/\/pariderm.com\/fr\/wp-json\/wp\/v2\/product_brand?post=2733"},{"taxonomy":"product_cat","embeddable":true,"href":"https:\/\/pariderm.com\/fr\/wp-json\/wp\/v2\/product_cat?post=2733"},{"taxonomy":"product_tag","embeddable":true,"href":"https:\/\/pariderm.com\/fr\/wp-json\/wp\/v2\/product_tag?post=2733"}],"curies":[{"name":"wp","href":"https:\/\/api.w.org\/{rel}","templated":true}]}}