{"id":2732,"date":"2024-12-11T09:05:38","date_gmt":"2024-12-11T09:05:38","guid":{"rendered":"https:\/\/pariderm.com\/shop\/hydraplump-30-ml\/"},"modified":"2025-07-11T13:53:38","modified_gmt":"2025-07-11T13:53:38","slug":"hydraplump","status":"publish","type":"product","link":"https:\/\/pariderm.com\/fr\/product\/hydraplump\/","title":{"rendered":"HYDRA PLUMP 30 ml"},"content":{"rendered":"<h3>DESCRIPTION<\/h3>\n<p>HYDRA PLUMP est un s\u00e9rum hydra-repulpant quotidien enrichi en acide hyaluronique et en vitamine B5 pour un effet hydratant optimal. L&rsquo;acide hyaluronique de bas poids mol\u00e9culaire stimule l&rsquo;activit\u00e9 de la peau pour lutter contre les rides et favorise une hydratation prolong\u00e9e Alors que l&rsquo;acide hyaluronique de haut poids mol\u00e9culaire agit en surface, repulpe la peau et am\u00e9liore son \u00e9lasticit\u00e9. La vitamine B5 maintient la peau bien hydrat\u00e9e en emp\u00eachant la perte d&rsquo;eau trans\u00e9pidermique. Texture l\u00e9g\u00e8re rapidement absorb\u00e9e, non grasse, non collante.<br \/>\nNON COMEDOGENE.<\/p>\n<h4>MODE D&rsquo;EMPLOI<\/h4>\n<p>Appliquer, matin et soir, 3 \u00e0 5 gouttes de s\u00e9rum sur le visage et le cou bien nettoy\u00e9s. Tapoter doucement jusqu&rsquo;\u00e0 absorption totale, laisser s\u00e9cher. \u00c9viter tout contact avec les yeux. En cas de contact, rincer abondamment \u00e0 l&rsquo;eau courante. Peut \u00eatre utilis\u00e9 seul ou avec d&rsquo;autres cr\u00e8mes de soin. Ne pas utiliser sur des peaux irrit\u00e9es. Pour usage externe.<\/p>\n<h5>EFFICACIT\u00c9<\/h5>\n<p>Dans les \u00e9tudes cliniques, HYDRA PLUMP a donn\u00e9 les % de satisfaction suivants chez les volontaires :<br \/>\n-95% d\u2019augmentation de la fermet\u00e9 de la peau<br \/>\n-82% augmentation de la fermet\u00e9 de la peau<br \/>\n-91% prolongation de l\u2019hydratation<br \/>\n-Compatible avec tous les types de peau<\/p>\n","protected":false},"excerpt":{"rendered":"<h2>S\u00e9rum quotidien hydratant et repulpant.<\/h2>\n<h3><strong>PROPRI\u00c9T\u00c9S DU PRODUIT<\/strong><\/h3>\n<ul>\n<li>Effet repulpant<\/li>\n<li>Hydratation multi-niveaux : en surface et en profondeur<\/li>\n<li>Estompe des ridules<\/li>\n<\/ul>\n<h4><strong>Efficacit\u00e9 prouv\u00e9e<\/strong><\/h4>\n<ul>\n<li>91% d\u2019hydratation durable*<\/li>\n<li>95% d\u2019augmentation de la fermet\u00e9 de la peau*.<\/li>\n<li>82% d\u2019augmentation du volume de la peau*.<\/li>\n<\/ul>\n<p>Avis : *test d\u2019usage sur 22 hommes et femmes pendant 28 jours. % de satisfaction<\/p>\n","protected":false},"featured_media":4088,"comment_status":"open","ping_status":"closed","template":"","meta":{"_acf_changed":false},"product_brand":[],"product_cat":[105,95,96,98],"product_tag":[],"class_list":{"0":"post-2732","1":"product","2":"type-product","3":"status-publish","4":"has-post-thumbnail","6":"product_cat-hydratant","7":"product_cat-pour-femmes","8":"product_cat-pour-hommes","9":"product_cat-teste-dermatologiquement","11":"first","12":"instock","13":"featured","14":"taxable","15":"shipping-taxable","16":"purchasable","17":"product-type-simple"},"acf":[],"yoast_head":"<!-- This site is optimized with the Yoast SEO Premium plugin v27.4 (Yoast SEO v27.4) - https:\/\/yoast.com\/product\/yoast-seo-premium-wordpress\/ -->\n<title>HYDRA PLUMP \u2013 S\u00e9rum hydratant et repulpant | Pariderm<\/title>\n<meta name=\"description\" content=\"S\u00e9rum hydratant quotidien pour repulper la peau et am\u00e9liorer son \u00e9lasticit\u00e9. Hydratation durable, peau souple et confortable au quotidien.\" \/>\n<meta name=\"robots\" content=\"index, follow, max-snippet:-1, max-image-preview:large, max-video-preview:-1\" \/>\n<link rel=\"canonical\" href=\"https:\/\/pariderm.com\/fr\/product\/hydraplump\/\" \/>\n<meta property=\"og:locale\" content=\"fr_FR\" \/>\n<meta property=\"og:type\" content=\"article\" \/>\n<meta property=\"og:title\" content=\"HYDRA PLUMP 30 ml\" \/>\n<meta property=\"og:description\" content=\"S\u00e9rum hydratant quotidien pour repulper la peau et am\u00e9liorer son \u00e9lasticit\u00e9. Hydratation durable, peau souple et confortable au quotidien.\" \/>\n<meta property=\"og:url\" content=\"https:\/\/pariderm.com\/fr\/product\/hydraplump\/\" \/>\n<meta property=\"og:site_name\" content=\"Pariderm\" \/>\n<meta property=\"article:modified_time\" content=\"2025-07-11T13:53:38+00:00\" \/>\n<meta property=\"og:image\" content=\"https:\/\/pariderm.com\/wp-content\/uploads\/2025\/06\/HYDRA-PLUMP-BOX.webp\" \/>\n\t<meta property=\"og:image:width\" content=\"2250\" \/>\n\t<meta property=\"og:image:height\" content=\"2250\" \/>\n\t<meta property=\"og:image:type\" content=\"image\/webp\" \/>\n<meta name=\"twitter:card\" content=\"summary_large_image\" \/>\n<meta name=\"twitter:label1\" content=\"Dur\u00e9e de lecture estim\u00e9e\" \/>\n\t<meta name=\"twitter:data1\" content=\"2 minutes\" \/>\n<script type=\"application\/ld+json\" class=\"yoast-schema-graph\">{\"@context\":\"https:\\\/\\\/schema.org\",\"@graph\":[{\"@type\":\"WebPage\",\"@id\":\"https:\\\/\\\/pariderm.com\\\/fr\\\/product\\\/hydraplump\\\/\",\"url\":\"https:\\\/\\\/pariderm.com\\\/fr\\\/product\\\/hydraplump\\\/\",\"name\":\"HYDRA PLUMP \u2013 S\u00e9rum hydratant et repulpant | Pariderm\",\"isPartOf\":{\"@id\":\"https:\\\/\\\/pariderm.com\\\/fr\\\/#website\"},\"primaryImageOfPage\":{\"@id\":\"https:\\\/\\\/pariderm.com\\\/fr\\\/product\\\/hydraplump\\\/#primaryimage\"},\"image\":{\"@id\":\"https:\\\/\\\/pariderm.com\\\/fr\\\/product\\\/hydraplump\\\/#primaryimage\"},\"thumbnailUrl\":\"https:\\\/\\\/pariderm.com\\\/wp-content\\\/uploads\\\/2025\\\/06\\\/HYDRA-PLUMP-BOX.webp\",\"datePublished\":\"2024-12-11T09:05:38+00:00\",\"dateModified\":\"2025-07-11T13:53:38+00:00\",\"description\":\"S\u00e9rum hydratant quotidien pour repulper la peau et am\u00e9liorer son \u00e9lasticit\u00e9. Hydratation durable, peau souple et confortable au quotidien.\",\"breadcrumb\":{\"@id\":\"https:\\\/\\\/pariderm.com\\\/fr\\\/product\\\/hydraplump\\\/#breadcrumb\"},\"inLanguage\":\"fr-FR\",\"potentialAction\":[{\"@type\":\"ReadAction\",\"target\":[\"https:\\\/\\\/pariderm.com\\\/fr\\\/product\\\/hydraplump\\\/\"]}]},{\"@type\":\"ImageObject\",\"inLanguage\":\"fr-FR\",\"@id\":\"https:\\\/\\\/pariderm.com\\\/fr\\\/product\\\/hydraplump\\\/#primaryimage\",\"url\":\"https:\\\/\\\/pariderm.com\\\/wp-content\\\/uploads\\\/2025\\\/06\\\/HYDRA-PLUMP-BOX.webp\",\"contentUrl\":\"https:\\\/\\\/pariderm.com\\\/wp-content\\\/uploads\\\/2025\\\/06\\\/HYDRA-PLUMP-BOX.webp\",\"width\":2250,\"height\":2250,\"caption\":\"Pariderm hydrating face serum\"},{\"@type\":\"BreadcrumbList\",\"@id\":\"https:\\\/\\\/pariderm.com\\\/fr\\\/product\\\/hydraplump\\\/#breadcrumb\",\"itemListElement\":[{\"@type\":\"ListItem\",\"position\":1,\"name\":\"Home\",\"item\":\"https:\\\/\\\/pariderm.com\\\/fr\\\/\"},{\"@type\":\"ListItem\",\"position\":2,\"name\":\"Boutique\",\"item\":\"https:\\\/\\\/pariderm.com\\\/shop\\\/\"},{\"@type\":\"ListItem\",\"position\":3,\"name\":\"HYDRA PLUMP 30 ml\"}]},{\"@type\":\"WebSite\",\"@id\":\"https:\\\/\\\/pariderm.com\\\/fr\\\/#website\",\"url\":\"https:\\\/\\\/pariderm.com\\\/fr\\\/\",\"name\":\"PARIDERM\",\"description\":\"\",\"publisher\":{\"@id\":\"https:\\\/\\\/pariderm.com\\\/fr\\\/#organization\"},\"potentialAction\":[{\"@type\":\"SearchAction\",\"target\":{\"@type\":\"EntryPoint\",\"urlTemplate\":\"https:\\\/\\\/pariderm.com\\\/fr\\\/?s={search_term_string}\"},\"query-input\":{\"@type\":\"PropertyValueSpecification\",\"valueRequired\":true,\"valueName\":\"search_term_string\"}}],\"inLanguage\":\"fr-FR\"},{\"@type\":\"Organization\",\"@id\":\"https:\\\/\\\/pariderm.com\\\/fr\\\/#organization\",\"name\":\"PARIDERM\",\"url\":\"https:\\\/\\\/pariderm.com\\\/fr\\\/\",\"logo\":{\"@type\":\"ImageObject\",\"inLanguage\":\"fr-FR\",\"@id\":\"https:\\\/\\\/pariderm.com\\\/fr\\\/#\\\/schema\\\/logo\\\/image\\\/\",\"url\":\"https:\\\/\\\/pariderm.com\\\/wp-content\\\/uploads\\\/2024\\\/10\\\/header-logo1.png\",\"contentUrl\":\"https:\\\/\\\/pariderm.com\\\/wp-content\\\/uploads\\\/2024\\\/10\\\/header-logo1.png\",\"width\":343,\"height\":168,\"caption\":\"PARIDERM\"},\"image\":{\"@id\":\"https:\\\/\\\/pariderm.com\\\/fr\\\/#\\\/schema\\\/logo\\\/image\\\/\"},\"sameAs\":[\"https:\\\/\\\/www.instagram.com\\\/paridermofficial\\\/\",\"https:\\\/\\\/www.linkedin.com\\\/company\\\/pariderm\"]}]}<\/script>\n<!-- \/ Yoast SEO Premium plugin. -->","yoast_head_json":{"title":"HYDRA PLUMP \u2013 S\u00e9rum hydratant et repulpant | Pariderm","description":"S\u00e9rum hydratant quotidien pour repulper la peau et am\u00e9liorer son \u00e9lasticit\u00e9. Hydratation durable, peau souple et confortable au quotidien.","robots":{"index":"index","follow":"follow","max-snippet":"max-snippet:-1","max-image-preview":"max-image-preview:large","max-video-preview":"max-video-preview:-1"},"canonical":"https:\/\/pariderm.com\/fr\/product\/hydraplump\/","og_locale":"fr_FR","og_type":"article","og_title":"HYDRA PLUMP 30 ml","og_description":"S\u00e9rum hydratant quotidien pour repulper la peau et am\u00e9liorer son \u00e9lasticit\u00e9. Hydratation durable, peau souple et confortable au quotidien.","og_url":"https:\/\/pariderm.com\/fr\/product\/hydraplump\/","og_site_name":"Pariderm","article_modified_time":"2025-07-11T13:53:38+00:00","og_image":[{"width":2250,"height":2250,"url":"https:\/\/pariderm.com\/wp-content\/uploads\/2025\/06\/HYDRA-PLUMP-BOX.webp","type":"image\/webp"}],"twitter_card":"summary_large_image","twitter_misc":{"Dur\u00e9e de lecture estim\u00e9e":"2 minutes"},"schema":{"@context":"https:\/\/schema.org","@graph":[{"@type":"WebPage","@id":"https:\/\/pariderm.com\/fr\/product\/hydraplump\/","url":"https:\/\/pariderm.com\/fr\/product\/hydraplump\/","name":"HYDRA PLUMP \u2013 S\u00e9rum hydratant et repulpant | Pariderm","isPartOf":{"@id":"https:\/\/pariderm.com\/fr\/#website"},"primaryImageOfPage":{"@id":"https:\/\/pariderm.com\/fr\/product\/hydraplump\/#primaryimage"},"image":{"@id":"https:\/\/pariderm.com\/fr\/product\/hydraplump\/#primaryimage"},"thumbnailUrl":"https:\/\/pariderm.com\/wp-content\/uploads\/2025\/06\/HYDRA-PLUMP-BOX.webp","datePublished":"2024-12-11T09:05:38+00:00","dateModified":"2025-07-11T13:53:38+00:00","description":"S\u00e9rum hydratant quotidien pour repulper la peau et am\u00e9liorer son \u00e9lasticit\u00e9. Hydratation durable, peau souple et confortable au quotidien.","breadcrumb":{"@id":"https:\/\/pariderm.com\/fr\/product\/hydraplump\/#breadcrumb"},"inLanguage":"fr-FR","potentialAction":[{"@type":"ReadAction","target":["https:\/\/pariderm.com\/fr\/product\/hydraplump\/"]}]},{"@type":"ImageObject","inLanguage":"fr-FR","@id":"https:\/\/pariderm.com\/fr\/product\/hydraplump\/#primaryimage","url":"https:\/\/pariderm.com\/wp-content\/uploads\/2025\/06\/HYDRA-PLUMP-BOX.webp","contentUrl":"https:\/\/pariderm.com\/wp-content\/uploads\/2025\/06\/HYDRA-PLUMP-BOX.webp","width":2250,"height":2250,"caption":"Pariderm hydrating face serum"},{"@type":"BreadcrumbList","@id":"https:\/\/pariderm.com\/fr\/product\/hydraplump\/#breadcrumb","itemListElement":[{"@type":"ListItem","position":1,"name":"Home","item":"https:\/\/pariderm.com\/fr\/"},{"@type":"ListItem","position":2,"name":"Boutique","item":"https:\/\/pariderm.com\/shop\/"},{"@type":"ListItem","position":3,"name":"HYDRA PLUMP 30 ml"}]},{"@type":"WebSite","@id":"https:\/\/pariderm.com\/fr\/#website","url":"https:\/\/pariderm.com\/fr\/","name":"PARIDERM","description":"","publisher":{"@id":"https:\/\/pariderm.com\/fr\/#organization"},"potentialAction":[{"@type":"SearchAction","target":{"@type":"EntryPoint","urlTemplate":"https:\/\/pariderm.com\/fr\/?s={search_term_string}"},"query-input":{"@type":"PropertyValueSpecification","valueRequired":true,"valueName":"search_term_string"}}],"inLanguage":"fr-FR"},{"@type":"Organization","@id":"https:\/\/pariderm.com\/fr\/#organization","name":"PARIDERM","url":"https:\/\/pariderm.com\/fr\/","logo":{"@type":"ImageObject","inLanguage":"fr-FR","@id":"https:\/\/pariderm.com\/fr\/#\/schema\/logo\/image\/","url":"https:\/\/pariderm.com\/wp-content\/uploads\/2024\/10\/header-logo1.png","contentUrl":"https:\/\/pariderm.com\/wp-content\/uploads\/2024\/10\/header-logo1.png","width":343,"height":168,"caption":"PARIDERM"},"image":{"@id":"https:\/\/pariderm.com\/fr\/#\/schema\/logo\/image\/"},"sameAs":["https:\/\/www.instagram.com\/paridermofficial\/","https:\/\/www.linkedin.com\/company\/pariderm"]}]}},"_links":{"self":[{"href":"https:\/\/pariderm.com\/fr\/wp-json\/wp\/v2\/product\/2732","targetHints":{"allow":["GET"]}}],"collection":[{"href":"https:\/\/pariderm.com\/fr\/wp-json\/wp\/v2\/product"}],"about":[{"href":"https:\/\/pariderm.com\/fr\/wp-json\/wp\/v2\/types\/product"}],"replies":[{"embeddable":true,"href":"https:\/\/pariderm.com\/fr\/wp-json\/wp\/v2\/comments?post=2732"}],"wp:featuredmedia":[{"embeddable":true,"href":"https:\/\/pariderm.com\/fr\/wp-json\/wp\/v2\/media\/4088"}],"wp:attachment":[{"href":"https:\/\/pariderm.com\/fr\/wp-json\/wp\/v2\/media?parent=2732"}],"wp:term":[{"taxonomy":"product_brand","embeddable":true,"href":"https:\/\/pariderm.com\/fr\/wp-json\/wp\/v2\/product_brand?post=2732"},{"taxonomy":"product_cat","embeddable":true,"href":"https:\/\/pariderm.com\/fr\/wp-json\/wp\/v2\/product_cat?post=2732"},{"taxonomy":"product_tag","embeddable":true,"href":"https:\/\/pariderm.com\/fr\/wp-json\/wp\/v2\/product_tag?post=2732"}],"curies":[{"name":"wp","href":"https:\/\/api.w.org\/{rel}","templated":true}]}}