{"id":2721,"date":"2024-11-01T13:52:34","date_gmt":"2024-11-01T13:52:34","guid":{"rendered":"https:\/\/pariderm.com\/shop\/boost-relax-30-ml\/"},"modified":"2026-01-15T14:17:39","modified_gmt":"2026-01-15T14:17:39","slug":"boost-relax-30-ml","status":"publish","type":"product","link":"https:\/\/pariderm.com\/fr\/product\/boost-relax-30-ml\/","title":{"rendered":"BOOST RELAX 30 ml"},"content":{"rendered":"<div class=\"wpb-content-wrapper\"><p>[vc_row][vc_column][vc_column_text css=\u00a0\u00bb\u00a0\u00bb woodmart_inline=\u00a0\u00bbno\u00a0\u00bb text_larger=\u00a0\u00bbno\u00a0\u00bb]<\/p>\n<h3>DESCRIPTION<\/h3>\n<p>BOOST RELAX est un s\u00e9rum peptide quotidien, relaxant imm\u00e9diat des rides, notamment les rides d\u2019expression. Il contient un tripeptide pour une action efficace, imm\u00e9diate et durable sur les ridules au niveau du front, les pattes d&rsquo;oie et les rides nasolabiales. Avec un effet anti-\u00e2ge, il r\u00e9duit l&rsquo;apparence des rides, apr\u00e8s un mois d&rsquo;application seulement. Texture l\u00e9g\u00e8re rapidement absorb\u00e9e, non grasse et non collante.<\/p>\n<h3>MODE D&rsquo;EMPLOI<\/h3>\n<p>Appliquer, matin et soir, 1 \u00e0 2 gouttes de s\u00e9rum sur le visage et le cou bien nettoy\u00e9s, avant la cr\u00e8me de soin. Tapoter doucement jusqu&rsquo;\u00e0 absorption compl\u00e8te. \u00c9viter tout contact avec les yeux. En cas de contact, rincer abondamment \u00e0 l&rsquo;eau. Utiliser un \u00e9cran solaire avant toute exposition au soleil, pendant l\u2019utilisation de ce produit. Ne pas utiliser sur des peaux irrit\u00e9es. Usage externe.<\/p>\n<h3>EFFICACIT\u00c9<\/h3>\n<p>Lors des tests cliniques, BOOST RELAX a d\u00e9montr\u00e9 son efficacit\u00e9 aupr\u00e8s des volontaires mesur\u00e9e par son % de satisfaction :<\/p>\n<ul>\n<li>100% moins de lignes d&rsquo;expression<\/li>\n<li>100% peau plus lisse<\/li>\n<li>95% d\u2019am\u00e9lioration de l&rsquo;apparence des rides et ridules<\/li>\n<li>95% r\u00e9duction des signes du vieillissement<\/li>\n<li>Compatible avec tous les types de peau<\/li>\n<\/ul>\n<p>[\/vc_column_text][\/vc_column][\/vc_row]<\/p>\n<\/div>","protected":false},"excerpt":{"rendered":"<h2 class=\"\\&quot;ai-optimize-6\\&quot;\">S\u00e9rum peptide quotidien pour un lissage imm\u00e9diat et durable des rides<\/h2>\n<h3 class=\"\\&quot;ai-optimize-7\\&quot;\"><strong>PROPRI\u00c9T\u00c9S DU PRODUIT<\/strong><\/h3>\n<ul>\n<li class=\"\\&quot;ai-optimize-8\\&quot;\">Lissage instantan\u00e9 des rides<\/li>\n<li class=\"\\&quot;ai-optimize-9\\&quot;\">Effet similaire au Botox<\/li>\n<li class=\"\\&quot;ai-optimize-10\\&quot;\">Durable<\/li>\n<li class=\"\\&quot;ai-optimize-11\\&quot;\">Hydratation de la peau<\/li>\n<\/ul>\n<h4 class=\"\\&quot;ai-optimize-12\\&quot;\"><strong>Efficacit\u00e9 prouv\u00e9e<\/strong><\/h4>\n<ul>\n<li class=\"\\&quot;ai-optimize-13\\&quot;\">100% de diminution des rides d&rsquo;expression*.<\/li>\n<li class=\"\\&quot;ai-optimize-14\\&quot;\">100% disparition imm\u00e9diate des rides *.<\/li>\n<\/ul>\n<p class=\"\\&quot;ai-optimize-15\\&quot;\">Avis : *test d\u2019usage sur 21 hommes et femmes pendant 28 jours. % de satisfaction<\/p>\n<div id=\"gtx-trans\" style=\"position: absolute; left: 166px; top: 148.297px;\">\n<div class=\"gtx-trans-icon\"><\/div>\n<\/div>\n","protected":false},"featured_media":5061,"comment_status":"open","ping_status":"closed","template":"","meta":{"_acf_changed":false},"product_brand":[],"product_cat":[104,95,96,98],"product_tag":[],"class_list":{"0":"post-2721","1":"product","2":"type-product","3":"status-publish","4":"has-post-thumbnail","6":"product_cat-anti-age","7":"product_cat-pour-femmes","8":"product_cat-pour-hommes","9":"product_cat-teste-dermatologiquement","11":"first","12":"instock","13":"featured","14":"taxable","15":"shipping-taxable","16":"purchasable","17":"product-type-simple"},"acf":[],"yoast_head":"<!-- This site is optimized with the Yoast SEO Premium plugin v27.4 (Yoast SEO v27.4) - https:\/\/yoast.com\/product\/yoast-seo-premium-wordpress\/ -->\n<title>Boost Relax \u2013 S\u00e9rum anti-rides effet lissant imm\u00e9diat | Pariderm<\/title>\n<meta name=\"description\" content=\"S\u00e9rum quotidien aux peptides pour un effet lissant imm\u00e9diat et durable. R\u00e9duit visiblement les rides, hydrate et d\u00e9tend la peau. Test\u00e9 cliniquement\" \/>\n<meta name=\"robots\" content=\"index, follow, max-snippet:-1, max-image-preview:large, max-video-preview:-1\" \/>\n<link rel=\"canonical\" href=\"https:\/\/pariderm.com\/fr\/product\/boost-relax-30-ml\/\" \/>\n<meta property=\"og:locale\" content=\"fr_FR\" \/>\n<meta property=\"og:type\" content=\"article\" \/>\n<meta property=\"og:title\" content=\"BOOST RELAX 30 ml\" \/>\n<meta property=\"og:description\" content=\"S\u00e9rum quotidien aux peptides pour un effet lissant imm\u00e9diat et durable. R\u00e9duit visiblement les rides, hydrate et d\u00e9tend la peau. Test\u00e9 cliniquement\" \/>\n<meta property=\"og:url\" content=\"https:\/\/pariderm.com\/fr\/product\/boost-relax-30-ml\/\" \/>\n<meta property=\"og:site_name\" content=\"Pariderm\" \/>\n<meta property=\"article:modified_time\" content=\"2026-01-15T14:17:39+00:00\" \/>\n<meta property=\"og:image\" content=\"https:\/\/pariderm.com\/wp-content\/uploads\/2024\/11\/BOOST-RELAX-BOX-MEILLEUR-PRODUIT-PHARMA-01-01.png\" \/>\n\t<meta property=\"og:image:width\" content=\"1288\" \/>\n\t<meta property=\"og:image:height\" content=\"1667\" \/>\n\t<meta property=\"og:image:type\" content=\"image\/png\" \/>\n<meta name=\"twitter:card\" content=\"summary_large_image\" \/>\n<meta name=\"twitter:label1\" content=\"Dur\u00e9e de lecture estim\u00e9e\" \/>\n\t<meta name=\"twitter:data1\" content=\"2 minutes\" \/>\n<script type=\"application\/ld+json\" class=\"yoast-schema-graph\">{\"@context\":\"https:\\\/\\\/schema.org\",\"@graph\":[{\"@type\":\"WebPage\",\"@id\":\"https:\\\/\\\/pariderm.com\\\/fr\\\/product\\\/boost-relax-30-ml\\\/\",\"url\":\"https:\\\/\\\/pariderm.com\\\/fr\\\/product\\\/boost-relax-30-ml\\\/\",\"name\":\"Boost Relax \u2013 S\u00e9rum anti-rides effet lissant imm\u00e9diat | Pariderm\",\"isPartOf\":{\"@id\":\"https:\\\/\\\/pariderm.com\\\/fr\\\/#website\"},\"primaryImageOfPage\":{\"@id\":\"https:\\\/\\\/pariderm.com\\\/fr\\\/product\\\/boost-relax-30-ml\\\/#primaryimage\"},\"image\":{\"@id\":\"https:\\\/\\\/pariderm.com\\\/fr\\\/product\\\/boost-relax-30-ml\\\/#primaryimage\"},\"thumbnailUrl\":\"https:\\\/\\\/pariderm.com\\\/wp-content\\\/uploads\\\/2024\\\/11\\\/BOOST-RELAX-BOX-MEILLEUR-PRODUIT-PHARMA-01-01.png\",\"datePublished\":\"2024-11-01T13:52:34+00:00\",\"dateModified\":\"2026-01-15T14:17:39+00:00\",\"description\":\"S\u00e9rum quotidien aux peptides pour un effet lissant imm\u00e9diat et durable. R\u00e9duit visiblement les rides, hydrate et d\u00e9tend la peau. Test\u00e9 cliniquement\",\"breadcrumb\":{\"@id\":\"https:\\\/\\\/pariderm.com\\\/fr\\\/product\\\/boost-relax-30-ml\\\/#breadcrumb\"},\"inLanguage\":\"fr-FR\",\"potentialAction\":[{\"@type\":\"ReadAction\",\"target\":[\"https:\\\/\\\/pariderm.com\\\/fr\\\/product\\\/boost-relax-30-ml\\\/\"]}]},{\"@type\":\"ImageObject\",\"inLanguage\":\"fr-FR\",\"@id\":\"https:\\\/\\\/pariderm.com\\\/fr\\\/product\\\/boost-relax-30-ml\\\/#primaryimage\",\"url\":\"https:\\\/\\\/pariderm.com\\\/wp-content\\\/uploads\\\/2024\\\/11\\\/BOOST-RELAX-BOX-MEILLEUR-PRODUIT-PHARMA-01-01.png\",\"contentUrl\":\"https:\\\/\\\/pariderm.com\\\/wp-content\\\/uploads\\\/2024\\\/11\\\/BOOST-RELAX-BOX-MEILLEUR-PRODUIT-PHARMA-01-01.png\",\"width\":1288,\"height\":1667},{\"@type\":\"BreadcrumbList\",\"@id\":\"https:\\\/\\\/pariderm.com\\\/fr\\\/product\\\/boost-relax-30-ml\\\/#breadcrumb\",\"itemListElement\":[{\"@type\":\"ListItem\",\"position\":1,\"name\":\"Home\",\"item\":\"https:\\\/\\\/pariderm.com\\\/fr\\\/\"},{\"@type\":\"ListItem\",\"position\":2,\"name\":\"Boutique\",\"item\":\"https:\\\/\\\/pariderm.com\\\/shop\\\/\"},{\"@type\":\"ListItem\",\"position\":3,\"name\":\"BOOST RELAX 30 ml\"}]},{\"@type\":\"WebSite\",\"@id\":\"https:\\\/\\\/pariderm.com\\\/fr\\\/#website\",\"url\":\"https:\\\/\\\/pariderm.com\\\/fr\\\/\",\"name\":\"PARIDERM\",\"description\":\"\",\"publisher\":{\"@id\":\"https:\\\/\\\/pariderm.com\\\/fr\\\/#organization\"},\"potentialAction\":[{\"@type\":\"SearchAction\",\"target\":{\"@type\":\"EntryPoint\",\"urlTemplate\":\"https:\\\/\\\/pariderm.com\\\/fr\\\/?s={search_term_string}\"},\"query-input\":{\"@type\":\"PropertyValueSpecification\",\"valueRequired\":true,\"valueName\":\"search_term_string\"}}],\"inLanguage\":\"fr-FR\"},{\"@type\":\"Organization\",\"@id\":\"https:\\\/\\\/pariderm.com\\\/fr\\\/#organization\",\"name\":\"PARIDERM\",\"url\":\"https:\\\/\\\/pariderm.com\\\/fr\\\/\",\"logo\":{\"@type\":\"ImageObject\",\"inLanguage\":\"fr-FR\",\"@id\":\"https:\\\/\\\/pariderm.com\\\/fr\\\/#\\\/schema\\\/logo\\\/image\\\/\",\"url\":\"https:\\\/\\\/pariderm.com\\\/wp-content\\\/uploads\\\/2024\\\/10\\\/header-logo1.png\",\"contentUrl\":\"https:\\\/\\\/pariderm.com\\\/wp-content\\\/uploads\\\/2024\\\/10\\\/header-logo1.png\",\"width\":343,\"height\":168,\"caption\":\"PARIDERM\"},\"image\":{\"@id\":\"https:\\\/\\\/pariderm.com\\\/fr\\\/#\\\/schema\\\/logo\\\/image\\\/\"},\"sameAs\":[\"https:\\\/\\\/www.instagram.com\\\/paridermofficial\\\/\",\"https:\\\/\\\/www.linkedin.com\\\/company\\\/pariderm\"]}]}<\/script>\n<!-- \/ Yoast SEO Premium plugin. -->","yoast_head_json":{"title":"Boost Relax \u2013 S\u00e9rum anti-rides effet lissant imm\u00e9diat | Pariderm","description":"S\u00e9rum quotidien aux peptides pour un effet lissant imm\u00e9diat et durable. R\u00e9duit visiblement les rides, hydrate et d\u00e9tend la peau. Test\u00e9 cliniquement","robots":{"index":"index","follow":"follow","max-snippet":"max-snippet:-1","max-image-preview":"max-image-preview:large","max-video-preview":"max-video-preview:-1"},"canonical":"https:\/\/pariderm.com\/fr\/product\/boost-relax-30-ml\/","og_locale":"fr_FR","og_type":"article","og_title":"BOOST RELAX 30 ml","og_description":"S\u00e9rum quotidien aux peptides pour un effet lissant imm\u00e9diat et durable. R\u00e9duit visiblement les rides, hydrate et d\u00e9tend la peau. Test\u00e9 cliniquement","og_url":"https:\/\/pariderm.com\/fr\/product\/boost-relax-30-ml\/","og_site_name":"Pariderm","article_modified_time":"2026-01-15T14:17:39+00:00","og_image":[{"width":1288,"height":1667,"url":"https:\/\/pariderm.com\/wp-content\/uploads\/2024\/11\/BOOST-RELAX-BOX-MEILLEUR-PRODUIT-PHARMA-01-01.png","type":"image\/png"}],"twitter_card":"summary_large_image","twitter_misc":{"Dur\u00e9e de lecture estim\u00e9e":"2 minutes"},"schema":{"@context":"https:\/\/schema.org","@graph":[{"@type":"WebPage","@id":"https:\/\/pariderm.com\/fr\/product\/boost-relax-30-ml\/","url":"https:\/\/pariderm.com\/fr\/product\/boost-relax-30-ml\/","name":"Boost Relax \u2013 S\u00e9rum anti-rides effet lissant imm\u00e9diat | Pariderm","isPartOf":{"@id":"https:\/\/pariderm.com\/fr\/#website"},"primaryImageOfPage":{"@id":"https:\/\/pariderm.com\/fr\/product\/boost-relax-30-ml\/#primaryimage"},"image":{"@id":"https:\/\/pariderm.com\/fr\/product\/boost-relax-30-ml\/#primaryimage"},"thumbnailUrl":"https:\/\/pariderm.com\/wp-content\/uploads\/2024\/11\/BOOST-RELAX-BOX-MEILLEUR-PRODUIT-PHARMA-01-01.png","datePublished":"2024-11-01T13:52:34+00:00","dateModified":"2026-01-15T14:17:39+00:00","description":"S\u00e9rum quotidien aux peptides pour un effet lissant imm\u00e9diat et durable. R\u00e9duit visiblement les rides, hydrate et d\u00e9tend la peau. Test\u00e9 cliniquement","breadcrumb":{"@id":"https:\/\/pariderm.com\/fr\/product\/boost-relax-30-ml\/#breadcrumb"},"inLanguage":"fr-FR","potentialAction":[{"@type":"ReadAction","target":["https:\/\/pariderm.com\/fr\/product\/boost-relax-30-ml\/"]}]},{"@type":"ImageObject","inLanguage":"fr-FR","@id":"https:\/\/pariderm.com\/fr\/product\/boost-relax-30-ml\/#primaryimage","url":"https:\/\/pariderm.com\/wp-content\/uploads\/2024\/11\/BOOST-RELAX-BOX-MEILLEUR-PRODUIT-PHARMA-01-01.png","contentUrl":"https:\/\/pariderm.com\/wp-content\/uploads\/2024\/11\/BOOST-RELAX-BOX-MEILLEUR-PRODUIT-PHARMA-01-01.png","width":1288,"height":1667},{"@type":"BreadcrumbList","@id":"https:\/\/pariderm.com\/fr\/product\/boost-relax-30-ml\/#breadcrumb","itemListElement":[{"@type":"ListItem","position":1,"name":"Home","item":"https:\/\/pariderm.com\/fr\/"},{"@type":"ListItem","position":2,"name":"Boutique","item":"https:\/\/pariderm.com\/shop\/"},{"@type":"ListItem","position":3,"name":"BOOST RELAX 30 ml"}]},{"@type":"WebSite","@id":"https:\/\/pariderm.com\/fr\/#website","url":"https:\/\/pariderm.com\/fr\/","name":"PARIDERM","description":"","publisher":{"@id":"https:\/\/pariderm.com\/fr\/#organization"},"potentialAction":[{"@type":"SearchAction","target":{"@type":"EntryPoint","urlTemplate":"https:\/\/pariderm.com\/fr\/?s={search_term_string}"},"query-input":{"@type":"PropertyValueSpecification","valueRequired":true,"valueName":"search_term_string"}}],"inLanguage":"fr-FR"},{"@type":"Organization","@id":"https:\/\/pariderm.com\/fr\/#organization","name":"PARIDERM","url":"https:\/\/pariderm.com\/fr\/","logo":{"@type":"ImageObject","inLanguage":"fr-FR","@id":"https:\/\/pariderm.com\/fr\/#\/schema\/logo\/image\/","url":"https:\/\/pariderm.com\/wp-content\/uploads\/2024\/10\/header-logo1.png","contentUrl":"https:\/\/pariderm.com\/wp-content\/uploads\/2024\/10\/header-logo1.png","width":343,"height":168,"caption":"PARIDERM"},"image":{"@id":"https:\/\/pariderm.com\/fr\/#\/schema\/logo\/image\/"},"sameAs":["https:\/\/www.instagram.com\/paridermofficial\/","https:\/\/www.linkedin.com\/company\/pariderm"]}]}},"_links":{"self":[{"href":"https:\/\/pariderm.com\/fr\/wp-json\/wp\/v2\/product\/2721","targetHints":{"allow":["GET"]}}],"collection":[{"href":"https:\/\/pariderm.com\/fr\/wp-json\/wp\/v2\/product"}],"about":[{"href":"https:\/\/pariderm.com\/fr\/wp-json\/wp\/v2\/types\/product"}],"replies":[{"embeddable":true,"href":"https:\/\/pariderm.com\/fr\/wp-json\/wp\/v2\/comments?post=2721"}],"wp:featuredmedia":[{"embeddable":true,"href":"https:\/\/pariderm.com\/fr\/wp-json\/wp\/v2\/media\/5061"}],"wp:attachment":[{"href":"https:\/\/pariderm.com\/fr\/wp-json\/wp\/v2\/media?parent=2721"}],"wp:term":[{"taxonomy":"product_brand","embeddable":true,"href":"https:\/\/pariderm.com\/fr\/wp-json\/wp\/v2\/product_brand?post=2721"},{"taxonomy":"product_cat","embeddable":true,"href":"https:\/\/pariderm.com\/fr\/wp-json\/wp\/v2\/product_cat?post=2721"},{"taxonomy":"product_tag","embeddable":true,"href":"https:\/\/pariderm.com\/fr\/wp-json\/wp\/v2\/product_tag?post=2721"}],"curies":[{"name":"wp","href":"https:\/\/api.w.org\/{rel}","templated":true}]}}