{"id":2719,"date":"2024-12-11T08:50:09","date_gmt":"2024-12-11T08:50:09","guid":{"rendered":"https:\/\/pariderm.com\/shop\/beclean\/"},"modified":"2026-01-09T16:52:01","modified_gmt":"2026-01-09T16:52:01","slug":"beclean","status":"publish","type":"product","link":"https:\/\/pariderm.com\/fr\/product\/beclean\/","title":{"rendered":"BECLEAN"},"content":{"rendered":"<h3>DESCRIPTION<\/h3>\n<p>BECLEAN est un gel nettoyant moussant sans savon pour le visage qui purifie en douceur les peaux mixtes, grasses et \u00e0 tendance acn\u00e9ique sans les dess\u00e9cher. Il \u00e9limine les impuret\u00e9s et les cellules mortes, d\u00e9sobstrue les pores gr\u00e2ce \u00e0 la pr\u00e9sence de microbilles de silice. Le grain de peau est affin\u00e9, les pores sont resserr\u00e9s. La peau est propre et purifi\u00e9e, nette et sans imperfections. Bonne tol\u00e9rance. Respecte l&rsquo;\u00e9quilibre de la peau.<\/p>\n<h4 class=\"beclean elementor-heading-title elementor-size-default text-center pt-3\" style=\"text-align: left;\">MODE D&rsquo;EMPLOI<\/h4>\n<p>Appliquer, matin et\/ou soir, une petite quantit\u00e9 de produit nettoyant sur le visage mouill\u00e9.<br \/>\nFaire mousser et masser du bout des doigts en insistant sur la zone T (front, nez et menton) pendant 1 \u00e0 2 minutes.<br \/>\nRincer abondamment \u00e0 l&rsquo;eau ti\u00e8de et s\u00e9cher le visage en le tamponnant d\u00e9licatement avec une serviette. Eviter le contact avec les yeux<\/p>\n<h4 class=\"beclean elementor-heading-title elementor-size-default text-center pt-3\" style=\"text-align: left;\">EFFICACIT\u00c9<\/h4>\n<p>Une \u00e9tude \u00e9valuant l&rsquo;efficacit\u00e9 de BECLEAN chez des volontaires a donn\u00e9 les % de satisfaction suivants :<\/p>\n<p>-100% nettoyage m\u00e9canique efficace<br \/>\n-Effet exfoliant doux<br \/>\n-75% peau plus affin\u00e9e et pores plus resserr\u00e9s<br \/>\n-100% peau propre et purifi\u00e9e, sans huile ni brillance<br \/>\n-95% peau claire et sans imperfections<\/p>\n","protected":false},"excerpt":{"rendered":"<h2 class=\"ai-optimize-6\">Nettoyant pour le visage sans savon pour un usage quotidien.<\/h2>\n<h3 class=\"ai-optimize-7\"><strong>PROPRI\u00c9T\u00c9S DU PRODUIT<\/strong><\/h3>\n<ul>\n<li class=\"ai-optimize-8\">\u00c9limine l&rsquo;exc\u00e8s de s\u00e9bum<\/li>\n<li class=\"ai-optimize-9\">R\u00e9duit les impuret\u00e9s<\/li>\n<li class=\"ai-optimize-10\">Affine le grain de peau<\/li>\n<li class=\"ai-optimize-11\">Resserre les pores de la peau<\/li>\n<\/ul>\n<h4 class=\"ai-optimize-12\"><strong>Efficacit\u00e9 prouv\u00e9e<\/strong><\/h4>\n<ul>\n<li class=\"ai-optimize-13\">100% peau plus propre et purifi\u00e9e, sans huile ni brillance*.<\/li>\n<li class=\"ai-optimize-14\">100% peau efficacement nettoy\u00e9e*.<\/li>\n<li class=\"ai-optimize-15\">95% peau sans imperfections*.<\/li>\n<\/ul>\n<p class=\"ai-optimize-16\">*Test d\u2019usage sur 20 femmes pendant 28 jours. % de satisfaction<\/p>\n<div id=\"gtx-trans\" style=\"position: absolute; left: 170px; top: 118.426px;\">\n<div class=\"gtx-trans-icon\"><\/div>\n<\/div>\n","protected":false},"featured_media":4272,"comment_status":"open","ping_status":"closed","template":"","meta":{"_acf_changed":false},"product_brand":[],"product_cat":[101,103,95,96,98],"product_tag":[],"class_list":{"0":"post-2719","1":"product","2":"type-product","3":"status-publish","4":"has-post-thumbnail","6":"product_cat-anti-imperfections-fr","7":"product_cat-nettoyage","8":"product_cat-pour-femmes","9":"product_cat-pour-hommes","10":"product_cat-teste-dermatologiquement","12":"first","13":"instock","14":"featured","15":"taxable","16":"shipping-taxable","17":"purchasable","18":"product-type-variable"},"acf":[],"yoast_head":"<!-- This site is optimized with the Yoast SEO Premium plugin v27.4 (Yoast SEO v27.4) - https:\/\/yoast.com\/product\/yoast-seo-premium-wordpress\/ -->\n<title>BeClean \u2013 Nettoyant visage doux sans savon | Pariderm<\/title>\n<meta name=\"description\" content=\"Nettoyant quotidien sans savon. \u00c9limine l\u2019exc\u00e8s de s\u00e9bum, r\u00e9duit les impuret\u00e9s, affine le grain de peau et resserre les pores. Test\u00e9 cliniquement\" \/>\n<meta name=\"robots\" content=\"index, follow, max-snippet:-1, max-image-preview:large, max-video-preview:-1\" \/>\n<link rel=\"canonical\" href=\"https:\/\/pariderm.com\/fr\/product\/beclean\/\" \/>\n<meta property=\"og:locale\" content=\"fr_FR\" \/>\n<meta property=\"og:type\" content=\"article\" \/>\n<meta property=\"og:title\" content=\"BECLEAN\" \/>\n<meta property=\"og:description\" content=\"Nettoyant quotidien sans savon. \u00c9limine l\u2019exc\u00e8s de s\u00e9bum, r\u00e9duit les impuret\u00e9s, affine le grain de peau et resserre les pores. Test\u00e9 cliniquement\" \/>\n<meta property=\"og:url\" content=\"https:\/\/pariderm.com\/fr\/product\/beclean\/\" \/>\n<meta property=\"og:site_name\" content=\"Pariderm\" \/>\n<meta property=\"article:modified_time\" content=\"2026-01-09T16:52:01+00:00\" \/>\n<meta property=\"og:image\" content=\"https:\/\/pariderm.com\/wp-content\/uploads\/2024\/12\/BECLEAN-01-scaled.webp\" \/>\n\t<meta property=\"og:image:width\" content=\"2259\" \/>\n\t<meta property=\"og:image:height\" content=\"2560\" \/>\n\t<meta property=\"og:image:type\" content=\"image\/webp\" \/>\n<meta name=\"twitter:card\" content=\"summary_large_image\" \/>\n<meta name=\"twitter:label1\" content=\"Dur\u00e9e de lecture estim\u00e9e\" \/>\n\t<meta name=\"twitter:data1\" content=\"1 minute\" \/>\n<script type=\"application\/ld+json\" class=\"yoast-schema-graph\">{\"@context\":\"https:\\\/\\\/schema.org\",\"@graph\":[{\"@type\":\"WebPage\",\"@id\":\"https:\\\/\\\/pariderm.com\\\/fr\\\/product\\\/beclean\\\/\",\"url\":\"https:\\\/\\\/pariderm.com\\\/fr\\\/product\\\/beclean\\\/\",\"name\":\"BeClean \u2013 Nettoyant visage doux sans savon | Pariderm\",\"isPartOf\":{\"@id\":\"https:\\\/\\\/pariderm.com\\\/fr\\\/#website\"},\"primaryImageOfPage\":{\"@id\":\"https:\\\/\\\/pariderm.com\\\/fr\\\/product\\\/beclean\\\/#primaryimage\"},\"image\":{\"@id\":\"https:\\\/\\\/pariderm.com\\\/fr\\\/product\\\/beclean\\\/#primaryimage\"},\"thumbnailUrl\":\"https:\\\/\\\/pariderm.com\\\/wp-content\\\/uploads\\\/2024\\\/12\\\/BECLEAN-01-scaled.webp\",\"datePublished\":\"2024-12-11T08:50:09+00:00\",\"dateModified\":\"2026-01-09T16:52:01+00:00\",\"description\":\"Nettoyant quotidien sans savon. \u00c9limine l\u2019exc\u00e8s de s\u00e9bum, r\u00e9duit les impuret\u00e9s, affine le grain de peau et resserre les pores. Test\u00e9 cliniquement\",\"breadcrumb\":{\"@id\":\"https:\\\/\\\/pariderm.com\\\/fr\\\/product\\\/beclean\\\/#breadcrumb\"},\"inLanguage\":\"fr-FR\",\"potentialAction\":[{\"@type\":\"ReadAction\",\"target\":[\"https:\\\/\\\/pariderm.com\\\/fr\\\/product\\\/beclean\\\/\"]}]},{\"@type\":\"ImageObject\",\"inLanguage\":\"fr-FR\",\"@id\":\"https:\\\/\\\/pariderm.com\\\/fr\\\/product\\\/beclean\\\/#primaryimage\",\"url\":\"https:\\\/\\\/pariderm.com\\\/wp-content\\\/uploads\\\/2024\\\/12\\\/BECLEAN-01-scaled.webp\",\"contentUrl\":\"https:\\\/\\\/pariderm.com\\\/wp-content\\\/uploads\\\/2024\\\/12\\\/BECLEAN-01-scaled.webp\",\"width\":2259,\"height\":2560,\"caption\":\"BECLEAN Face Cleanser PARIDERM\"},{\"@type\":\"BreadcrumbList\",\"@id\":\"https:\\\/\\\/pariderm.com\\\/fr\\\/product\\\/beclean\\\/#breadcrumb\",\"itemListElement\":[{\"@type\":\"ListItem\",\"position\":1,\"name\":\"Home\",\"item\":\"https:\\\/\\\/pariderm.com\\\/fr\\\/\"},{\"@type\":\"ListItem\",\"position\":2,\"name\":\"Boutique\",\"item\":\"https:\\\/\\\/pariderm.com\\\/shop\\\/\"},{\"@type\":\"ListItem\",\"position\":3,\"name\":\"BECLEAN\"}]},{\"@type\":\"WebSite\",\"@id\":\"https:\\\/\\\/pariderm.com\\\/fr\\\/#website\",\"url\":\"https:\\\/\\\/pariderm.com\\\/fr\\\/\",\"name\":\"PARIDERM\",\"description\":\"\",\"publisher\":{\"@id\":\"https:\\\/\\\/pariderm.com\\\/fr\\\/#organization\"},\"potentialAction\":[{\"@type\":\"SearchAction\",\"target\":{\"@type\":\"EntryPoint\",\"urlTemplate\":\"https:\\\/\\\/pariderm.com\\\/fr\\\/?s={search_term_string}\"},\"query-input\":{\"@type\":\"PropertyValueSpecification\",\"valueRequired\":true,\"valueName\":\"search_term_string\"}}],\"inLanguage\":\"fr-FR\"},{\"@type\":\"Organization\",\"@id\":\"https:\\\/\\\/pariderm.com\\\/fr\\\/#organization\",\"name\":\"PARIDERM\",\"url\":\"https:\\\/\\\/pariderm.com\\\/fr\\\/\",\"logo\":{\"@type\":\"ImageObject\",\"inLanguage\":\"fr-FR\",\"@id\":\"https:\\\/\\\/pariderm.com\\\/fr\\\/#\\\/schema\\\/logo\\\/image\\\/\",\"url\":\"https:\\\/\\\/pariderm.com\\\/wp-content\\\/uploads\\\/2024\\\/10\\\/header-logo1.png\",\"contentUrl\":\"https:\\\/\\\/pariderm.com\\\/wp-content\\\/uploads\\\/2024\\\/10\\\/header-logo1.png\",\"width\":343,\"height\":168,\"caption\":\"PARIDERM\"},\"image\":{\"@id\":\"https:\\\/\\\/pariderm.com\\\/fr\\\/#\\\/schema\\\/logo\\\/image\\\/\"},\"sameAs\":[\"https:\\\/\\\/www.instagram.com\\\/paridermofficial\\\/\",\"https:\\\/\\\/www.linkedin.com\\\/company\\\/pariderm\"]}]}<\/script>\n<!-- \/ Yoast SEO Premium plugin. -->","yoast_head_json":{"title":"BeClean \u2013 Nettoyant visage doux sans savon | Pariderm","description":"Nettoyant quotidien sans savon. \u00c9limine l\u2019exc\u00e8s de s\u00e9bum, r\u00e9duit les impuret\u00e9s, affine le grain de peau et resserre les pores. Test\u00e9 cliniquement","robots":{"index":"index","follow":"follow","max-snippet":"max-snippet:-1","max-image-preview":"max-image-preview:large","max-video-preview":"max-video-preview:-1"},"canonical":"https:\/\/pariderm.com\/fr\/product\/beclean\/","og_locale":"fr_FR","og_type":"article","og_title":"BECLEAN","og_description":"Nettoyant quotidien sans savon. \u00c9limine l\u2019exc\u00e8s de s\u00e9bum, r\u00e9duit les impuret\u00e9s, affine le grain de peau et resserre les pores. Test\u00e9 cliniquement","og_url":"https:\/\/pariderm.com\/fr\/product\/beclean\/","og_site_name":"Pariderm","article_modified_time":"2026-01-09T16:52:01+00:00","og_image":[{"width":2259,"height":2560,"url":"https:\/\/pariderm.com\/wp-content\/uploads\/2024\/12\/BECLEAN-01-scaled.webp","type":"image\/webp"}],"twitter_card":"summary_large_image","twitter_misc":{"Dur\u00e9e de lecture estim\u00e9e":"1 minute"},"schema":{"@context":"https:\/\/schema.org","@graph":[{"@type":"WebPage","@id":"https:\/\/pariderm.com\/fr\/product\/beclean\/","url":"https:\/\/pariderm.com\/fr\/product\/beclean\/","name":"BeClean \u2013 Nettoyant visage doux sans savon | Pariderm","isPartOf":{"@id":"https:\/\/pariderm.com\/fr\/#website"},"primaryImageOfPage":{"@id":"https:\/\/pariderm.com\/fr\/product\/beclean\/#primaryimage"},"image":{"@id":"https:\/\/pariderm.com\/fr\/product\/beclean\/#primaryimage"},"thumbnailUrl":"https:\/\/pariderm.com\/wp-content\/uploads\/2024\/12\/BECLEAN-01-scaled.webp","datePublished":"2024-12-11T08:50:09+00:00","dateModified":"2026-01-09T16:52:01+00:00","description":"Nettoyant quotidien sans savon. \u00c9limine l\u2019exc\u00e8s de s\u00e9bum, r\u00e9duit les impuret\u00e9s, affine le grain de peau et resserre les pores. Test\u00e9 cliniquement","breadcrumb":{"@id":"https:\/\/pariderm.com\/fr\/product\/beclean\/#breadcrumb"},"inLanguage":"fr-FR","potentialAction":[{"@type":"ReadAction","target":["https:\/\/pariderm.com\/fr\/product\/beclean\/"]}]},{"@type":"ImageObject","inLanguage":"fr-FR","@id":"https:\/\/pariderm.com\/fr\/product\/beclean\/#primaryimage","url":"https:\/\/pariderm.com\/wp-content\/uploads\/2024\/12\/BECLEAN-01-scaled.webp","contentUrl":"https:\/\/pariderm.com\/wp-content\/uploads\/2024\/12\/BECLEAN-01-scaled.webp","width":2259,"height":2560,"caption":"BECLEAN Face Cleanser PARIDERM"},{"@type":"BreadcrumbList","@id":"https:\/\/pariderm.com\/fr\/product\/beclean\/#breadcrumb","itemListElement":[{"@type":"ListItem","position":1,"name":"Home","item":"https:\/\/pariderm.com\/fr\/"},{"@type":"ListItem","position":2,"name":"Boutique","item":"https:\/\/pariderm.com\/shop\/"},{"@type":"ListItem","position":3,"name":"BECLEAN"}]},{"@type":"WebSite","@id":"https:\/\/pariderm.com\/fr\/#website","url":"https:\/\/pariderm.com\/fr\/","name":"PARIDERM","description":"","publisher":{"@id":"https:\/\/pariderm.com\/fr\/#organization"},"potentialAction":[{"@type":"SearchAction","target":{"@type":"EntryPoint","urlTemplate":"https:\/\/pariderm.com\/fr\/?s={search_term_string}"},"query-input":{"@type":"PropertyValueSpecification","valueRequired":true,"valueName":"search_term_string"}}],"inLanguage":"fr-FR"},{"@type":"Organization","@id":"https:\/\/pariderm.com\/fr\/#organization","name":"PARIDERM","url":"https:\/\/pariderm.com\/fr\/","logo":{"@type":"ImageObject","inLanguage":"fr-FR","@id":"https:\/\/pariderm.com\/fr\/#\/schema\/logo\/image\/","url":"https:\/\/pariderm.com\/wp-content\/uploads\/2024\/10\/header-logo1.png","contentUrl":"https:\/\/pariderm.com\/wp-content\/uploads\/2024\/10\/header-logo1.png","width":343,"height":168,"caption":"PARIDERM"},"image":{"@id":"https:\/\/pariderm.com\/fr\/#\/schema\/logo\/image\/"},"sameAs":["https:\/\/www.instagram.com\/paridermofficial\/","https:\/\/www.linkedin.com\/company\/pariderm"]}]}},"_links":{"self":[{"href":"https:\/\/pariderm.com\/fr\/wp-json\/wp\/v2\/product\/2719","targetHints":{"allow":["GET"]}}],"collection":[{"href":"https:\/\/pariderm.com\/fr\/wp-json\/wp\/v2\/product"}],"about":[{"href":"https:\/\/pariderm.com\/fr\/wp-json\/wp\/v2\/types\/product"}],"replies":[{"embeddable":true,"href":"https:\/\/pariderm.com\/fr\/wp-json\/wp\/v2\/comments?post=2719"}],"wp:featuredmedia":[{"embeddable":true,"href":"https:\/\/pariderm.com\/fr\/wp-json\/wp\/v2\/media\/4272"}],"wp:attachment":[{"href":"https:\/\/pariderm.com\/fr\/wp-json\/wp\/v2\/media?parent=2719"}],"wp:term":[{"taxonomy":"product_brand","embeddable":true,"href":"https:\/\/pariderm.com\/fr\/wp-json\/wp\/v2\/product_brand?post=2719"},{"taxonomy":"product_cat","embeddable":true,"href":"https:\/\/pariderm.com\/fr\/wp-json\/wp\/v2\/product_cat?post=2719"},{"taxonomy":"product_tag","embeddable":true,"href":"https:\/\/pariderm.com\/fr\/wp-json\/wp\/v2\/product_tag?post=2719"}],"curies":[{"name":"wp","href":"https:\/\/api.w.org\/{rel}","templated":true}]}}