{"id":2718,"date":"2024-12-11T08:55:00","date_gmt":"2024-12-11T08:55:00","guid":{"rendered":"https:\/\/pariderm.com\/shop\/beclean-mat-50-ml\/"},"modified":"2025-10-23T07:04:52","modified_gmt":"2025-10-23T07:04:52","slug":"beclean-mat-50-ml","status":"publish","type":"product","link":"https:\/\/pariderm.com\/fr\/product\/beclean-mat-50-ml\/","title":{"rendered":"BECLEAN MAT 50 ml"},"content":{"rendered":"<h4>DESCRIPTION<\/h4>\n<p>BECLEAN MAT est un gel aqueux invisible, matifiant et s\u00e9bor\u00e9gulateur pour les peaux mixtes, grasses et \u00e0 tendance acn\u00e9ique.<br \/>\nGr\u00e2ce \u00e0 sa texture l\u00e9g\u00e8re, non grasse et facile \u00e0 absorber, BECLEAN MAT absorbe l&rsquo;exc\u00e8s de s\u00e9bum, purifie la peau et procure une sensation de fra\u00eecheur instantan\u00e9e, un effet matifiant anti-brillant imm\u00e9diat et durable. Bonne tol\u00e9rance. Peut \u00eatre utilis\u00e9 comme base de maquillage.<br \/>\nNON COM\u00c9DOG\u00c8NE.<\/p>\n<h4>MODE D&rsquo;EMPLOI<\/h4>\n<p>Appliquer matin et\/ou soir sur le visage bien nettoy\u00e9. Masser d\u00e9licatement jusqu&rsquo;\u00e0 absorption compl\u00e8te. Ne pas rincer. \u00c9viter le contact avec les yeux.<\/p>\n<h4>EFFICACIT\u00c9<\/h4>\n<p>Une \u00e9tude \u00e9valuant l&rsquo;efficacit\u00e9 de BECLEAN MAT chez des volontaires a donn\u00e9 les % de satisfaction suivants :<\/p>\n<ul>\n<li>100% effet matifiant imm\u00e9diat et durable<\/li>\n<li>100% peau moins grasse, moins brillante d\u00e8s la 1\u00e8re application<\/li>\n<li>100% r\u00e9gulation du s\u00e9bum<\/li>\n<li>57% peau plus affin\u00e9e et pores plus resserr\u00e9s<\/li>\n<\/ul>\n","protected":false},"excerpt":{"rendered":"<h2>Gel matifiant pour r\u00e9guler le s\u00e9bum, contr\u00f4ler la brillance et r\u00e9duire les imperfections.<\/h2>\n<h3><strong>PROPRI\u00c9T\u00c9S DU PRODUIT<\/strong><\/h3>\n<ul>\n<li>Pores resserr\u00e9s d\u00e8s la 1\u00e8re application<\/li>\n<li>Effet matifiant instantan\u00e9<\/li>\n<li>Efficacit\u00e9 pendant 24 heures<\/li>\n<li>Contr\u00f4le de la production de s\u00e9bum<\/li>\n<li>Pr\u00e9vention de la perte d&rsquo;eau trans\u00e9pidermique<\/li>\n<\/ul>\n<h4><strong>Efficacit\u00e9 prouv\u00e9e<\/strong><\/h4>\n<ul>\n<li>100% peau moins grasse et moins brillante d\u00e8s la premi\u00e8re fois*.<\/li>\n<li>100% effet matifiant imm\u00e9diat et durable*.<\/li>\n<li>100% r\u00e9gulation de la s\u00e9cr\u00e9tion de s\u00e9bum*.<\/li>\n<\/ul>\n<p>Avis : *Test d\u2019usage sur 21 femmes pendant 28 jours. % de satisfaction<\/p>\n","protected":false},"featured_media":4220,"comment_status":"open","ping_status":"closed","template":"","meta":{"_acf_changed":false},"product_brand":[],"product_cat":[101,95,96,98],"product_tag":[],"class_list":{"0":"post-2718","1":"product","2":"type-product","3":"status-publish","4":"has-post-thumbnail","6":"product_cat-anti-imperfections-fr","7":"product_cat-pour-femmes","8":"product_cat-pour-hommes","9":"product_cat-teste-dermatologiquement","11":"first","12":"instock","13":"featured","14":"taxable","15":"shipping-taxable","16":"purchasable","17":"product-type-simple"},"acf":[],"yoast_head":"<!-- This site is optimized with the Yoast SEO Premium plugin v27.4 (Yoast SEO v27.4) - https:\/\/yoast.com\/product\/yoast-seo-premium-wordpress\/ -->\n<title>BeClean Mat \u2013 Gel matifiant anti-brillance &amp; pores | Pariderm<\/title>\n<meta name=\"description\" content=\"Gel visage qui matifie instantan\u00e9ment, r\u00e9gule le s\u00e9bum et resserre les pores. Contr\u00f4le de la brillance pendant 24h. Peau nette et hydrat\u00e9e.\" \/>\n<meta name=\"robots\" content=\"index, follow, max-snippet:-1, max-image-preview:large, max-video-preview:-1\" \/>\n<link rel=\"canonical\" href=\"https:\/\/pariderm.com\/fr\/product\/beclean-mat-50-ml\/\" \/>\n<meta property=\"og:locale\" content=\"fr_FR\" \/>\n<meta property=\"og:type\" content=\"article\" \/>\n<meta property=\"og:title\" content=\"BECLEAN MAT 50 ml\" \/>\n<meta property=\"og:description\" content=\"Gel visage qui matifie instantan\u00e9ment, r\u00e9gule le s\u00e9bum et resserre les pores. Contr\u00f4le de la brillance pendant 24h. Peau nette et hydrat\u00e9e.\" \/>\n<meta property=\"og:url\" content=\"https:\/\/pariderm.com\/fr\/product\/beclean-mat-50-ml\/\" \/>\n<meta property=\"og:site_name\" content=\"Pariderm\" \/>\n<meta property=\"article:modified_time\" content=\"2025-10-23T07:04:52+00:00\" \/>\n<meta property=\"og:image\" content=\"https:\/\/pariderm.com\/wp-content\/uploads\/2024\/12\/2024-BECLEAN-MAT-scaled-1.webp\" \/>\n\t<meta property=\"og:image:width\" content=\"2560\" \/>\n\t<meta property=\"og:image:height\" content=\"2560\" \/>\n\t<meta property=\"og:image:type\" content=\"image\/webp\" \/>\n<meta name=\"twitter:card\" content=\"summary_large_image\" \/>\n<meta name=\"twitter:label1\" content=\"Dur\u00e9e de lecture estim\u00e9e\" \/>\n\t<meta name=\"twitter:data1\" content=\"1 minute\" \/>\n<script type=\"application\/ld+json\" class=\"yoast-schema-graph\">{\"@context\":\"https:\\\/\\\/schema.org\",\"@graph\":[{\"@type\":\"WebPage\",\"@id\":\"https:\\\/\\\/pariderm.com\\\/fr\\\/product\\\/beclean-mat-50-ml\\\/\",\"url\":\"https:\\\/\\\/pariderm.com\\\/fr\\\/product\\\/beclean-mat-50-ml\\\/\",\"name\":\"BeClean Mat \u2013 Gel matifiant anti-brillance & pores | Pariderm\",\"isPartOf\":{\"@id\":\"https:\\\/\\\/pariderm.com\\\/fr\\\/#website\"},\"primaryImageOfPage\":{\"@id\":\"https:\\\/\\\/pariderm.com\\\/fr\\\/product\\\/beclean-mat-50-ml\\\/#primaryimage\"},\"image\":{\"@id\":\"https:\\\/\\\/pariderm.com\\\/fr\\\/product\\\/beclean-mat-50-ml\\\/#primaryimage\"},\"thumbnailUrl\":\"https:\\\/\\\/pariderm.com\\\/wp-content\\\/uploads\\\/2024\\\/12\\\/2024-BECLEAN-MAT-scaled-1.webp\",\"datePublished\":\"2024-12-11T08:55:00+00:00\",\"dateModified\":\"2025-10-23T07:04:52+00:00\",\"description\":\"Gel visage qui matifie instantan\u00e9ment, r\u00e9gule le s\u00e9bum et resserre les pores. Contr\u00f4le de la brillance pendant 24h. Peau nette et hydrat\u00e9e.\",\"breadcrumb\":{\"@id\":\"https:\\\/\\\/pariderm.com\\\/fr\\\/product\\\/beclean-mat-50-ml\\\/#breadcrumb\"},\"inLanguage\":\"fr-FR\",\"potentialAction\":[{\"@type\":\"ReadAction\",\"target\":[\"https:\\\/\\\/pariderm.com\\\/fr\\\/product\\\/beclean-mat-50-ml\\\/\"]}]},{\"@type\":\"ImageObject\",\"inLanguage\":\"fr-FR\",\"@id\":\"https:\\\/\\\/pariderm.com\\\/fr\\\/product\\\/beclean-mat-50-ml\\\/#primaryimage\",\"url\":\"https:\\\/\\\/pariderm.com\\\/wp-content\\\/uploads\\\/2024\\\/12\\\/2024-BECLEAN-MAT-scaled-1.webp\",\"contentUrl\":\"https:\\\/\\\/pariderm.com\\\/wp-content\\\/uploads\\\/2024\\\/12\\\/2024-BECLEAN-MAT-scaled-1.webp\",\"width\":2560,\"height\":2560,\"caption\":\"BeClean Mat Pariderm\"},{\"@type\":\"BreadcrumbList\",\"@id\":\"https:\\\/\\\/pariderm.com\\\/fr\\\/product\\\/beclean-mat-50-ml\\\/#breadcrumb\",\"itemListElement\":[{\"@type\":\"ListItem\",\"position\":1,\"name\":\"Home\",\"item\":\"https:\\\/\\\/pariderm.com\\\/fr\\\/\"},{\"@type\":\"ListItem\",\"position\":2,\"name\":\"Boutique\",\"item\":\"https:\\\/\\\/pariderm.com\\\/shop\\\/\"},{\"@type\":\"ListItem\",\"position\":3,\"name\":\"BECLEAN MAT 50 ml\"}]},{\"@type\":\"WebSite\",\"@id\":\"https:\\\/\\\/pariderm.com\\\/fr\\\/#website\",\"url\":\"https:\\\/\\\/pariderm.com\\\/fr\\\/\",\"name\":\"PARIDERM\",\"description\":\"\",\"publisher\":{\"@id\":\"https:\\\/\\\/pariderm.com\\\/fr\\\/#organization\"},\"potentialAction\":[{\"@type\":\"SearchAction\",\"target\":{\"@type\":\"EntryPoint\",\"urlTemplate\":\"https:\\\/\\\/pariderm.com\\\/fr\\\/?s={search_term_string}\"},\"query-input\":{\"@type\":\"PropertyValueSpecification\",\"valueRequired\":true,\"valueName\":\"search_term_string\"}}],\"inLanguage\":\"fr-FR\"},{\"@type\":\"Organization\",\"@id\":\"https:\\\/\\\/pariderm.com\\\/fr\\\/#organization\",\"name\":\"PARIDERM\",\"url\":\"https:\\\/\\\/pariderm.com\\\/fr\\\/\",\"logo\":{\"@type\":\"ImageObject\",\"inLanguage\":\"fr-FR\",\"@id\":\"https:\\\/\\\/pariderm.com\\\/fr\\\/#\\\/schema\\\/logo\\\/image\\\/\",\"url\":\"https:\\\/\\\/pariderm.com\\\/wp-content\\\/uploads\\\/2024\\\/10\\\/header-logo1.png\",\"contentUrl\":\"https:\\\/\\\/pariderm.com\\\/wp-content\\\/uploads\\\/2024\\\/10\\\/header-logo1.png\",\"width\":343,\"height\":168,\"caption\":\"PARIDERM\"},\"image\":{\"@id\":\"https:\\\/\\\/pariderm.com\\\/fr\\\/#\\\/schema\\\/logo\\\/image\\\/\"},\"sameAs\":[\"https:\\\/\\\/www.instagram.com\\\/paridermofficial\\\/\",\"https:\\\/\\\/www.linkedin.com\\\/company\\\/pariderm\"]}]}<\/script>\n<!-- \/ Yoast SEO Premium plugin. -->","yoast_head_json":{"title":"BeClean Mat \u2013 Gel matifiant anti-brillance & pores | Pariderm","description":"Gel visage qui matifie instantan\u00e9ment, r\u00e9gule le s\u00e9bum et resserre les pores. Contr\u00f4le de la brillance pendant 24h. Peau nette et hydrat\u00e9e.","robots":{"index":"index","follow":"follow","max-snippet":"max-snippet:-1","max-image-preview":"max-image-preview:large","max-video-preview":"max-video-preview:-1"},"canonical":"https:\/\/pariderm.com\/fr\/product\/beclean-mat-50-ml\/","og_locale":"fr_FR","og_type":"article","og_title":"BECLEAN MAT 50 ml","og_description":"Gel visage qui matifie instantan\u00e9ment, r\u00e9gule le s\u00e9bum et resserre les pores. Contr\u00f4le de la brillance pendant 24h. Peau nette et hydrat\u00e9e.","og_url":"https:\/\/pariderm.com\/fr\/product\/beclean-mat-50-ml\/","og_site_name":"Pariderm","article_modified_time":"2025-10-23T07:04:52+00:00","og_image":[{"width":2560,"height":2560,"url":"https:\/\/pariderm.com\/wp-content\/uploads\/2024\/12\/2024-BECLEAN-MAT-scaled-1.webp","type":"image\/webp"}],"twitter_card":"summary_large_image","twitter_misc":{"Dur\u00e9e de lecture estim\u00e9e":"1 minute"},"schema":{"@context":"https:\/\/schema.org","@graph":[{"@type":"WebPage","@id":"https:\/\/pariderm.com\/fr\/product\/beclean-mat-50-ml\/","url":"https:\/\/pariderm.com\/fr\/product\/beclean-mat-50-ml\/","name":"BeClean Mat \u2013 Gel matifiant anti-brillance & pores | Pariderm","isPartOf":{"@id":"https:\/\/pariderm.com\/fr\/#website"},"primaryImageOfPage":{"@id":"https:\/\/pariderm.com\/fr\/product\/beclean-mat-50-ml\/#primaryimage"},"image":{"@id":"https:\/\/pariderm.com\/fr\/product\/beclean-mat-50-ml\/#primaryimage"},"thumbnailUrl":"https:\/\/pariderm.com\/wp-content\/uploads\/2024\/12\/2024-BECLEAN-MAT-scaled-1.webp","datePublished":"2024-12-11T08:55:00+00:00","dateModified":"2025-10-23T07:04:52+00:00","description":"Gel visage qui matifie instantan\u00e9ment, r\u00e9gule le s\u00e9bum et resserre les pores. Contr\u00f4le de la brillance pendant 24h. Peau nette et hydrat\u00e9e.","breadcrumb":{"@id":"https:\/\/pariderm.com\/fr\/product\/beclean-mat-50-ml\/#breadcrumb"},"inLanguage":"fr-FR","potentialAction":[{"@type":"ReadAction","target":["https:\/\/pariderm.com\/fr\/product\/beclean-mat-50-ml\/"]}]},{"@type":"ImageObject","inLanguage":"fr-FR","@id":"https:\/\/pariderm.com\/fr\/product\/beclean-mat-50-ml\/#primaryimage","url":"https:\/\/pariderm.com\/wp-content\/uploads\/2024\/12\/2024-BECLEAN-MAT-scaled-1.webp","contentUrl":"https:\/\/pariderm.com\/wp-content\/uploads\/2024\/12\/2024-BECLEAN-MAT-scaled-1.webp","width":2560,"height":2560,"caption":"BeClean Mat Pariderm"},{"@type":"BreadcrumbList","@id":"https:\/\/pariderm.com\/fr\/product\/beclean-mat-50-ml\/#breadcrumb","itemListElement":[{"@type":"ListItem","position":1,"name":"Home","item":"https:\/\/pariderm.com\/fr\/"},{"@type":"ListItem","position":2,"name":"Boutique","item":"https:\/\/pariderm.com\/shop\/"},{"@type":"ListItem","position":3,"name":"BECLEAN MAT 50 ml"}]},{"@type":"WebSite","@id":"https:\/\/pariderm.com\/fr\/#website","url":"https:\/\/pariderm.com\/fr\/","name":"PARIDERM","description":"","publisher":{"@id":"https:\/\/pariderm.com\/fr\/#organization"},"potentialAction":[{"@type":"SearchAction","target":{"@type":"EntryPoint","urlTemplate":"https:\/\/pariderm.com\/fr\/?s={search_term_string}"},"query-input":{"@type":"PropertyValueSpecification","valueRequired":true,"valueName":"search_term_string"}}],"inLanguage":"fr-FR"},{"@type":"Organization","@id":"https:\/\/pariderm.com\/fr\/#organization","name":"PARIDERM","url":"https:\/\/pariderm.com\/fr\/","logo":{"@type":"ImageObject","inLanguage":"fr-FR","@id":"https:\/\/pariderm.com\/fr\/#\/schema\/logo\/image\/","url":"https:\/\/pariderm.com\/wp-content\/uploads\/2024\/10\/header-logo1.png","contentUrl":"https:\/\/pariderm.com\/wp-content\/uploads\/2024\/10\/header-logo1.png","width":343,"height":168,"caption":"PARIDERM"},"image":{"@id":"https:\/\/pariderm.com\/fr\/#\/schema\/logo\/image\/"},"sameAs":["https:\/\/www.instagram.com\/paridermofficial\/","https:\/\/www.linkedin.com\/company\/pariderm"]}]}},"_links":{"self":[{"href":"https:\/\/pariderm.com\/fr\/wp-json\/wp\/v2\/product\/2718","targetHints":{"allow":["GET"]}}],"collection":[{"href":"https:\/\/pariderm.com\/fr\/wp-json\/wp\/v2\/product"}],"about":[{"href":"https:\/\/pariderm.com\/fr\/wp-json\/wp\/v2\/types\/product"}],"replies":[{"embeddable":true,"href":"https:\/\/pariderm.com\/fr\/wp-json\/wp\/v2\/comments?post=2718"}],"wp:featuredmedia":[{"embeddable":true,"href":"https:\/\/pariderm.com\/fr\/wp-json\/wp\/v2\/media\/4220"}],"wp:attachment":[{"href":"https:\/\/pariderm.com\/fr\/wp-json\/wp\/v2\/media?parent=2718"}],"wp:term":[{"taxonomy":"product_brand","embeddable":true,"href":"https:\/\/pariderm.com\/fr\/wp-json\/wp\/v2\/product_brand?post=2718"},{"taxonomy":"product_cat","embeddable":true,"href":"https:\/\/pariderm.com\/fr\/wp-json\/wp\/v2\/product_cat?post=2718"},{"taxonomy":"product_tag","embeddable":true,"href":"https:\/\/pariderm.com\/fr\/wp-json\/wp\/v2\/product_tag?post=2718"}],"curies":[{"name":"wp","href":"https:\/\/api.w.org\/{rel}","templated":true}]}}