{"id":2716,"date":"2024-12-11T08:56:27","date_gmt":"2024-12-11T08:56:27","guid":{"rendered":"https:\/\/pariderm.com\/shop\/boost-c-30-ml\/"},"modified":"2025-07-11T13:28:26","modified_gmt":"2025-07-11T13:28:26","slug":"boost-c-30-ml","status":"publish","type":"product","link":"https:\/\/pariderm.com\/fr\/product\/boost-c-30-ml\/","title":{"rendered":"BOOST C 30 ml"},"content":{"rendered":"<h3>DESCRIPTION<\/h3>\n<p>BOOST C est un s\u00e9rum quotidien antioxydant et tonifiant associant 3% de vitamine C stabilis\u00e9e \u00e0 l&rsquo;acide hyaluronique. Il prot\u00e8ge la peau contre le stress oxydatif* qui favorise le vieillissement cutan\u00e9 pr\u00e9matur\u00e9. BOOST C maintient l&rsquo;\u00e9clat et la luminosit\u00e9 de la peau apportant ainsi une hydratation durable. Le grain de peau est affin\u00e9, le teint est plus uniforme, la peau est plus lisse et velout\u00e9e. Texture l\u00e9g\u00e8re rapidement absorb\u00e9e, non grasse et non collante. Adapt\u00e9 aux peaux jeunes.<br \/>\n*Test in vitro<\/p>\n<h4>MODE D&rsquo;EMPLOI<\/h4>\n<p>Appliquer, matin et\/ou soir, 3-4 gouttes de s\u00e9rum sur le visage et le cou bien nettoy\u00e9s, du bout des doigts, avant la cr\u00e8me de soin.<br \/>\nTapoter doucement jusqu&rsquo;\u00e0 absorption compl\u00e8te. \u00c9viter tout contact avec les yeux. En cas de contact, rincer abondamment \u00e0 l&rsquo;eau courante.<br \/>\nUtiliser un \u00e9cran solaire \u00e0 haut spectre avant toute exposition au soleil pendant l&rsquo;utilisation du produit. Ne pas utiliser sur les peaux irrit\u00e9es. Pour usage externe.<\/p>\n<h5>EFFICACIT\u00c9<\/h5>\n<p>Dans les \u00e9tudes cliniques, BOOST C a d\u00e9montr\u00e9 une activit\u00e9 antioxydante puissante ainsi que les % de satisfaction suivants chez les volontaires :<br \/>\n-95% peau plus \u00e9clatante<br \/>\n-95% d\u2019augmentation du teint de la peau<br \/>\n-86% de protection contre les radicaux libres<\/p>\n","protected":false},"excerpt":{"rendered":"<h2>S\u00e9rum tonifiant antioxydant quotidien<\/h2>\n<h3><strong>PROPRI\u00c9T\u00c9S DU PRODUIT<\/strong><\/h3>\n<ul>\n<li>Propri\u00e9t\u00e9s antioxydantes<\/li>\n<li>\u00c9clat de la peau<\/li>\n<li>Fermet\u00e9 de la peau<\/li>\n<li>Hydratation de la peau<\/li>\n<\/ul>\n<h4><strong>Efficacit\u00e9 prouv\u00e9e<\/strong><\/h4>\n<ul>\n<li>95% peau plus \u00e9clatante*.<\/li>\n<li>86% peau plus prot\u00e9g\u00e9e*.<\/li>\n<\/ul>\n<p>Avis : *test d\u2019usage sur 22 hommes et femmes pendant 28 jours d&rsquo;utilisation. % de satisfaction<\/p>\n","protected":false},"featured_media":4318,"comment_status":"open","ping_status":"closed","template":"","meta":{"_acf_changed":false},"product_brand":[],"product_cat":[99,97,95,96,98],"product_tag":[],"class_list":{"0":"post-2716","1":"product","2":"type-product","3":"status-publish","4":"has-post-thumbnail","6":"product_cat-antioxydant","7":"product_cat-eclaircissement-et-eclaircissement","8":"product_cat-pour-femmes","9":"product_cat-pour-hommes","10":"product_cat-teste-dermatologiquement","12":"first","13":"instock","14":"featured","15":"taxable","16":"shipping-taxable","17":"purchasable","18":"product-type-simple"},"acf":[],"yoast_head":"<!-- This site is optimized with the Yoast SEO Premium plugin v27.4 (Yoast SEO v27.4) - https:\/\/yoast.com\/product\/yoast-seo-premium-wordpress\/ -->\n<title>Boost C \u2013 S\u00e9rum antioxydant \u00e9clat &amp; fermet\u00e9 | Pariderm<\/title>\n<meta name=\"description\" content=\"S\u00e9rum quotidien \u00e0 la vitamine C pour une peau \u00e9clatante, ferme et hydrat\u00e9e. Prot\u00e8ge contre le stress oxydatif. Texture l\u00e9g\u00e8re et tonifiante.\" \/>\n<meta name=\"robots\" content=\"index, follow, max-snippet:-1, max-image-preview:large, max-video-preview:-1\" \/>\n<link rel=\"canonical\" href=\"https:\/\/pariderm.com\/fr\/product\/boost-c-30-ml\/\" \/>\n<meta property=\"og:locale\" content=\"fr_FR\" \/>\n<meta property=\"og:type\" content=\"article\" \/>\n<meta property=\"og:title\" content=\"BOOST C 30 ml\" \/>\n<meta property=\"og:description\" content=\"S\u00e9rum quotidien \u00e0 la vitamine C pour une peau \u00e9clatante, ferme et hydrat\u00e9e. Prot\u00e8ge contre le stress oxydatif. Texture l\u00e9g\u00e8re et tonifiante.\" \/>\n<meta property=\"og:url\" content=\"https:\/\/pariderm.com\/fr\/product\/boost-c-30-ml\/\" \/>\n<meta property=\"og:site_name\" content=\"Pariderm\" \/>\n<meta property=\"article:modified_time\" content=\"2025-07-11T13:28:26+00:00\" \/>\n<meta property=\"og:image\" content=\"https:\/\/pariderm.com\/wp-content\/uploads\/2024\/12\/BOOST-C-BOX.webp\" \/>\n\t<meta property=\"og:image:width\" content=\"2250\" \/>\n\t<meta property=\"og:image:height\" content=\"2250\" \/>\n\t<meta property=\"og:image:type\" content=\"image\/webp\" \/>\n<meta name=\"twitter:card\" content=\"summary_large_image\" \/>\n<meta name=\"twitter:label1\" content=\"Dur\u00e9e de lecture estim\u00e9e\" \/>\n\t<meta name=\"twitter:data1\" content=\"2 minutes\" \/>\n<script type=\"application\/ld+json\" class=\"yoast-schema-graph\">{\"@context\":\"https:\\\/\\\/schema.org\",\"@graph\":[{\"@type\":\"WebPage\",\"@id\":\"https:\\\/\\\/pariderm.com\\\/fr\\\/product\\\/boost-c-30-ml\\\/\",\"url\":\"https:\\\/\\\/pariderm.com\\\/fr\\\/product\\\/boost-c-30-ml\\\/\",\"name\":\"Boost C \u2013 S\u00e9rum antioxydant \u00e9clat & fermet\u00e9 | Pariderm\",\"isPartOf\":{\"@id\":\"https:\\\/\\\/pariderm.com\\\/fr\\\/#website\"},\"primaryImageOfPage\":{\"@id\":\"https:\\\/\\\/pariderm.com\\\/fr\\\/product\\\/boost-c-30-ml\\\/#primaryimage\"},\"image\":{\"@id\":\"https:\\\/\\\/pariderm.com\\\/fr\\\/product\\\/boost-c-30-ml\\\/#primaryimage\"},\"thumbnailUrl\":\"https:\\\/\\\/pariderm.com\\\/wp-content\\\/uploads\\\/2024\\\/12\\\/BOOST-C-BOX.webp\",\"datePublished\":\"2024-12-11T08:56:27+00:00\",\"dateModified\":\"2025-07-11T13:28:26+00:00\",\"description\":\"S\u00e9rum quotidien \u00e0 la vitamine C pour une peau \u00e9clatante, ferme et hydrat\u00e9e. Prot\u00e8ge contre le stress oxydatif. Texture l\u00e9g\u00e8re et tonifiante.\",\"breadcrumb\":{\"@id\":\"https:\\\/\\\/pariderm.com\\\/fr\\\/product\\\/boost-c-30-ml\\\/#breadcrumb\"},\"inLanguage\":\"fr-FR\",\"potentialAction\":[{\"@type\":\"ReadAction\",\"target\":[\"https:\\\/\\\/pariderm.com\\\/fr\\\/product\\\/boost-c-30-ml\\\/\"]}]},{\"@type\":\"ImageObject\",\"inLanguage\":\"fr-FR\",\"@id\":\"https:\\\/\\\/pariderm.com\\\/fr\\\/product\\\/boost-c-30-ml\\\/#primaryimage\",\"url\":\"https:\\\/\\\/pariderm.com\\\/wp-content\\\/uploads\\\/2024\\\/12\\\/BOOST-C-BOX.webp\",\"contentUrl\":\"https:\\\/\\\/pariderm.com\\\/wp-content\\\/uploads\\\/2024\\\/12\\\/BOOST-C-BOX.webp\",\"width\":2250,\"height\":2250,\"caption\":\"BOOST C PARIDERM Serum Vitamin C\"},{\"@type\":\"BreadcrumbList\",\"@id\":\"https:\\\/\\\/pariderm.com\\\/fr\\\/product\\\/boost-c-30-ml\\\/#breadcrumb\",\"itemListElement\":[{\"@type\":\"ListItem\",\"position\":1,\"name\":\"Home\",\"item\":\"https:\\\/\\\/pariderm.com\\\/fr\\\/\"},{\"@type\":\"ListItem\",\"position\":2,\"name\":\"Boutique\",\"item\":\"https:\\\/\\\/pariderm.com\\\/shop\\\/\"},{\"@type\":\"ListItem\",\"position\":3,\"name\":\"BOOST C 30 ml\"}]},{\"@type\":\"WebSite\",\"@id\":\"https:\\\/\\\/pariderm.com\\\/fr\\\/#website\",\"url\":\"https:\\\/\\\/pariderm.com\\\/fr\\\/\",\"name\":\"PARIDERM\",\"description\":\"\",\"publisher\":{\"@id\":\"https:\\\/\\\/pariderm.com\\\/fr\\\/#organization\"},\"potentialAction\":[{\"@type\":\"SearchAction\",\"target\":{\"@type\":\"EntryPoint\",\"urlTemplate\":\"https:\\\/\\\/pariderm.com\\\/fr\\\/?s={search_term_string}\"},\"query-input\":{\"@type\":\"PropertyValueSpecification\",\"valueRequired\":true,\"valueName\":\"search_term_string\"}}],\"inLanguage\":\"fr-FR\"},{\"@type\":\"Organization\",\"@id\":\"https:\\\/\\\/pariderm.com\\\/fr\\\/#organization\",\"name\":\"PARIDERM\",\"url\":\"https:\\\/\\\/pariderm.com\\\/fr\\\/\",\"logo\":{\"@type\":\"ImageObject\",\"inLanguage\":\"fr-FR\",\"@id\":\"https:\\\/\\\/pariderm.com\\\/fr\\\/#\\\/schema\\\/logo\\\/image\\\/\",\"url\":\"https:\\\/\\\/pariderm.com\\\/wp-content\\\/uploads\\\/2024\\\/10\\\/header-logo1.png\",\"contentUrl\":\"https:\\\/\\\/pariderm.com\\\/wp-content\\\/uploads\\\/2024\\\/10\\\/header-logo1.png\",\"width\":343,\"height\":168,\"caption\":\"PARIDERM\"},\"image\":{\"@id\":\"https:\\\/\\\/pariderm.com\\\/fr\\\/#\\\/schema\\\/logo\\\/image\\\/\"},\"sameAs\":[\"https:\\\/\\\/www.instagram.com\\\/paridermofficial\\\/\",\"https:\\\/\\\/www.linkedin.com\\\/company\\\/pariderm\"]}]}<\/script>\n<!-- \/ Yoast SEO Premium plugin. -->","yoast_head_json":{"title":"Boost C \u2013 S\u00e9rum antioxydant \u00e9clat & fermet\u00e9 | Pariderm","description":"S\u00e9rum quotidien \u00e0 la vitamine C pour une peau \u00e9clatante, ferme et hydrat\u00e9e. Prot\u00e8ge contre le stress oxydatif. Texture l\u00e9g\u00e8re et tonifiante.","robots":{"index":"index","follow":"follow","max-snippet":"max-snippet:-1","max-image-preview":"max-image-preview:large","max-video-preview":"max-video-preview:-1"},"canonical":"https:\/\/pariderm.com\/fr\/product\/boost-c-30-ml\/","og_locale":"fr_FR","og_type":"article","og_title":"BOOST C 30 ml","og_description":"S\u00e9rum quotidien \u00e0 la vitamine C pour une peau \u00e9clatante, ferme et hydrat\u00e9e. Prot\u00e8ge contre le stress oxydatif. Texture l\u00e9g\u00e8re et tonifiante.","og_url":"https:\/\/pariderm.com\/fr\/product\/boost-c-30-ml\/","og_site_name":"Pariderm","article_modified_time":"2025-07-11T13:28:26+00:00","og_image":[{"width":2250,"height":2250,"url":"https:\/\/pariderm.com\/wp-content\/uploads\/2024\/12\/BOOST-C-BOX.webp","type":"image\/webp"}],"twitter_card":"summary_large_image","twitter_misc":{"Dur\u00e9e de lecture estim\u00e9e":"2 minutes"},"schema":{"@context":"https:\/\/schema.org","@graph":[{"@type":"WebPage","@id":"https:\/\/pariderm.com\/fr\/product\/boost-c-30-ml\/","url":"https:\/\/pariderm.com\/fr\/product\/boost-c-30-ml\/","name":"Boost C \u2013 S\u00e9rum antioxydant \u00e9clat & fermet\u00e9 | Pariderm","isPartOf":{"@id":"https:\/\/pariderm.com\/fr\/#website"},"primaryImageOfPage":{"@id":"https:\/\/pariderm.com\/fr\/product\/boost-c-30-ml\/#primaryimage"},"image":{"@id":"https:\/\/pariderm.com\/fr\/product\/boost-c-30-ml\/#primaryimage"},"thumbnailUrl":"https:\/\/pariderm.com\/wp-content\/uploads\/2024\/12\/BOOST-C-BOX.webp","datePublished":"2024-12-11T08:56:27+00:00","dateModified":"2025-07-11T13:28:26+00:00","description":"S\u00e9rum quotidien \u00e0 la vitamine C pour une peau \u00e9clatante, ferme et hydrat\u00e9e. Prot\u00e8ge contre le stress oxydatif. Texture l\u00e9g\u00e8re et tonifiante.","breadcrumb":{"@id":"https:\/\/pariderm.com\/fr\/product\/boost-c-30-ml\/#breadcrumb"},"inLanguage":"fr-FR","potentialAction":[{"@type":"ReadAction","target":["https:\/\/pariderm.com\/fr\/product\/boost-c-30-ml\/"]}]},{"@type":"ImageObject","inLanguage":"fr-FR","@id":"https:\/\/pariderm.com\/fr\/product\/boost-c-30-ml\/#primaryimage","url":"https:\/\/pariderm.com\/wp-content\/uploads\/2024\/12\/BOOST-C-BOX.webp","contentUrl":"https:\/\/pariderm.com\/wp-content\/uploads\/2024\/12\/BOOST-C-BOX.webp","width":2250,"height":2250,"caption":"BOOST C PARIDERM Serum Vitamin C"},{"@type":"BreadcrumbList","@id":"https:\/\/pariderm.com\/fr\/product\/boost-c-30-ml\/#breadcrumb","itemListElement":[{"@type":"ListItem","position":1,"name":"Home","item":"https:\/\/pariderm.com\/fr\/"},{"@type":"ListItem","position":2,"name":"Boutique","item":"https:\/\/pariderm.com\/shop\/"},{"@type":"ListItem","position":3,"name":"BOOST C 30 ml"}]},{"@type":"WebSite","@id":"https:\/\/pariderm.com\/fr\/#website","url":"https:\/\/pariderm.com\/fr\/","name":"PARIDERM","description":"","publisher":{"@id":"https:\/\/pariderm.com\/fr\/#organization"},"potentialAction":[{"@type":"SearchAction","target":{"@type":"EntryPoint","urlTemplate":"https:\/\/pariderm.com\/fr\/?s={search_term_string}"},"query-input":{"@type":"PropertyValueSpecification","valueRequired":true,"valueName":"search_term_string"}}],"inLanguage":"fr-FR"},{"@type":"Organization","@id":"https:\/\/pariderm.com\/fr\/#organization","name":"PARIDERM","url":"https:\/\/pariderm.com\/fr\/","logo":{"@type":"ImageObject","inLanguage":"fr-FR","@id":"https:\/\/pariderm.com\/fr\/#\/schema\/logo\/image\/","url":"https:\/\/pariderm.com\/wp-content\/uploads\/2024\/10\/header-logo1.png","contentUrl":"https:\/\/pariderm.com\/wp-content\/uploads\/2024\/10\/header-logo1.png","width":343,"height":168,"caption":"PARIDERM"},"image":{"@id":"https:\/\/pariderm.com\/fr\/#\/schema\/logo\/image\/"},"sameAs":["https:\/\/www.instagram.com\/paridermofficial\/","https:\/\/www.linkedin.com\/company\/pariderm"]}]}},"_links":{"self":[{"href":"https:\/\/pariderm.com\/fr\/wp-json\/wp\/v2\/product\/2716","targetHints":{"allow":["GET"]}}],"collection":[{"href":"https:\/\/pariderm.com\/fr\/wp-json\/wp\/v2\/product"}],"about":[{"href":"https:\/\/pariderm.com\/fr\/wp-json\/wp\/v2\/types\/product"}],"replies":[{"embeddable":true,"href":"https:\/\/pariderm.com\/fr\/wp-json\/wp\/v2\/comments?post=2716"}],"wp:featuredmedia":[{"embeddable":true,"href":"https:\/\/pariderm.com\/fr\/wp-json\/wp\/v2\/media\/4318"}],"wp:attachment":[{"href":"https:\/\/pariderm.com\/fr\/wp-json\/wp\/v2\/media?parent=2716"}],"wp:term":[{"taxonomy":"product_brand","embeddable":true,"href":"https:\/\/pariderm.com\/fr\/wp-json\/wp\/v2\/product_brand?post=2716"},{"taxonomy":"product_cat","embeddable":true,"href":"https:\/\/pariderm.com\/fr\/wp-json\/wp\/v2\/product_cat?post=2716"},{"taxonomy":"product_tag","embeddable":true,"href":"https:\/\/pariderm.com\/fr\/wp-json\/wp\/v2\/product_tag?post=2716"}],"curies":[{"name":"wp","href":"https:\/\/api.w.org\/{rel}","templated":true}]}}