{"id":2661,"date":"2024-12-16T09:34:08","date_gmt":"2024-12-16T09:34:08","guid":{"rendered":"https:\/\/pariderm.com\/nos-distributeurs\/"},"modified":"2025-07-30T12:16:20","modified_gmt":"2025-07-30T12:16:20","slug":"nos-distributeurs","status":"publish","type":"page","link":"https:\/\/pariderm.com\/fr\/nos-distributeurs\/","title":{"rendered":"NOS DISTRIBUTEURS"},"content":{"rendered":"<div class=\"wpb-content-wrapper\"><p>[vc_row content_placement=\u00a0\u00bbmiddle\u00a0\u00bb woodmart_css_id=\u00a0\u00bb675ff634b4e15&Prime; responsive_spacing=\u00a0\u00bbeyJwYXJhbV90eXBlIjoid29vZG1hcnRfcmVzcG9uc2l2ZV9zcGFjaW5nIiwic2VsZWN0b3JfaWQiOiI2NzVmZjYzNGI0ZTE1Iiwic2hvcnRjb2RlIjoidmNfcm93IiwiZGF0YSI6eyJ0YWJsZXQiOnt9LCJtb2JpbGUiOnt9fX0=\u00a0\u00bb mobile_bg_img_hidden=\u00a0\u00bbno\u00a0\u00bb tablet_bg_img_hidden=\u00a0\u00bbno\u00a0\u00bb woodmart_parallax=\u00a0\u00bb0&Prime; woodmart_gradient_switch=\u00a0\u00bbno\u00a0\u00bb woodmart_box_shadow=\u00a0\u00bbno\u00a0\u00bb wd_z_index=\u00a0\u00bbno\u00a0\u00bb woodmart_disable_overflow=\u00a0\u00bb0&Prime; row_reverse_mobile=\u00a0\u00bb1&Prime; row_reverse_tablet=\u00a0\u00bb0&Prime;][vc_column width=\u00a0\u00bb1\/2&Prime; css=\u00a0\u00bb.vc_custom_1734341897693{border-right-width: 1px !important;padding-right: 50px !important;border-right-style: solid !important;border-color: #D4D4D4 !important;}\u00a0\u00bb woodmart_css_id=\u00a0\u00bb675ff504549d1&Prime; parallax_scroll=\u00a0\u00bbno\u00a0\u00bb woodmart_sticky_column=\u00a0\u00bbfalse\u00a0\u00bb wd_collapsible_content_switcher=\u00a0\u00bbno\u00a0\u00bb wd_column_role_offcanvas_desktop=\u00a0\u00bbno\u00a0\u00bb wd_column_role_offcanvas_tablet=\u00a0\u00bbno\u00a0\u00bb wd_column_role_offcanvas_mobile=\u00a0\u00bbno\u00a0\u00bb wd_column_role_content_desktop=\u00a0\u00bbno\u00a0\u00bb wd_column_role_content_tablet=\u00a0\u00bbno\u00a0\u00bb wd_column_role_content_mobile=\u00a0\u00bbno\u00a0\u00bb mobile_bg_img_hidden=\u00a0\u00bbno\u00a0\u00bb tablet_bg_img_hidden=\u00a0\u00bbno\u00a0\u00bb woodmart_parallax=\u00a0\u00bb0&Prime; woodmart_box_shadow=\u00a0\u00bbno\u00a0\u00bb responsive_spacing=\u00a0\u00bbeyJwYXJhbV90eXBlIjoid29vZG1hcnRfcmVzcG9uc2l2ZV9zcGFjaW5nIiwic2VsZWN0b3JfaWQiOiI2NzVmZjUwNDU0OWQxIiwic2hvcnRjb2RlIjoidmNfY29sdW1uIiwiZGF0YSI6eyJ0YWJsZXQiOnt9LCJtb2JpbGUiOnt9fX0=\u00a0\u00bb mobile_reset_margin=\u00a0\u00bbno\u00a0\u00bb tablet_reset_margin=\u00a0\u00bbno\u00a0\u00bb wd_z_index=\u00a0\u00bbno\u00a0\u00bb]\n\t\t<div id=\"wd-6822f874ce86d\" class=\"title-wrapper wd-wpb set-mb-s reset-last-child  wd-rs-6822f874ce86d wd-title-color-default wd-title-style-default text-left  wd-underline-colored\">\n\t\t\t\n\t\t\t<div class=\"liner-continer\">\n\t\t\t\t<h1 class=\"woodmart-title-container title  wd-font-weight- wd-fontsize-l\" >Nos distributeurs<\/h1>\n\t\t\t\t\t\t\t<\/div>\n\t\t\t\n\t\t\t\t\t\t\t<div class=\"title-after_title  set-cont-mb-s reset-last-child  wd-fontsize-xs\">Nos produits sont actuellement disponibles dans les r\u00e9gions suivantes:<\/div>\n\t\t\t\n\t\t\t\n\t\t<\/div>\n\t\t\n\t\t\n\t\t<ul class=\" wd-rs-681cb67085047 wd-list wd-wpb color-scheme- wd-fontsize-m wd-list-type-image wd-list-style-default wd-justify-left distributors-list \" id=\"wd-681cb67085047\">\n\t\t\t\t\t\t\t\t\t\t\t<li>\n\t\t\t\t\t<img loading=\"lazy\" decoding=\"async\" width=\"35\" height=\"35\" src=\"data:image\/png;base64,iVBORw0KGgoAAAANSUhEUgAAAAoAAAAKCAMAAAC67D+PAAAABGdBTUEAALGPC\/xhBQAAACBjSFJNAAB6JgAAgIQAAPoAAACA6AAAdTAAAOpgAAA6mAAAF3CculE8AAAAolBMVEUAAADw5dPw5dPw5NPv5dLv5dLu49Lv5dLw5dPv5NPw5dLw5dLv5NLv5dPv5NPw5dPv5NLv5NLv5NLv5NLv5NPw5dPw5dPv5NLv5NLv5NLv5NLw5NPv5NLv5dPw5NLv5dLv5NLv5NLv5NLv5dLv5NLw5NPv5NLv5NLv5NLv5NLv5NLv5NLv5NLv5NLv5NLv5NLv5NLv5NLw5NPv5NLw5dP\/\/\/+ftIuiAAAANHRSTlMAFZ8+aRcCcPe\/iu1cKNj7uuLO5gSE\/Ou03MT4J9f+wMuy+u2uxaLysxBYycyqJZyFpapfyKaV9wAAAAFiS0dENd622WsAAAAJcEhZcwAACxMAAAsTAQCanBgAAAAHdElNRQfpCBYOOAirR7qrAAAAZUlEQVQI1wXBBwKCMAAEwUXU2AOxEBsIxliwe\/9\/mzNA0kmTbg+gbwbD0XiSGpjOZLM8c3MWy5VU+PVmy24vqawOtcU0knQMoeAkSSp9dISzpDL3\/sL11tqmrd39ATxf8f35xt8fzdwK6XrffwMAAAAldEVYdGRhdGU6Y3JlYXRlADIwMjUtMDMtMDRUMDk6NTI6MTkrMDA6MDCbd2jGAAAAJXRFWHRkYXRlOm1vZGlmeQAyMDI1LTAzLTA0VDA5OjQ3OjA5KzAwOjAwASfEYAAAAABJRU5ErkJggg==\" class=\"attachment-35x35 size-35x35 wd-lazy-load wd-lazy-fade\" alt=\"\" data-wood-src=\"https:\/\/pariderm.com\/wp-content\/uploads\/2024\/12\/Vector.png\" srcset=\"\" \/>\n\t\t\t\t\t<span class=\"list-content\">Europe<\/span>\n\t\t\t\t\t\t\t\t\t<\/li>\n\t\t\t\t\t\t\t\t\t\t\t<li>\n\t\t\t\t\t<img loading=\"lazy\" decoding=\"async\" width=\"35\" height=\"35\" src=\"data:image\/png;base64,iVBORw0KGgoAAAANSUhEUgAAAAoAAAAKCAMAAAC67D+PAAAABGdBTUEAALGPC\/xhBQAAACBjSFJNAAB6JgAAgIQAAPoAAACA6AAAdTAAAOpgAAA6mAAAF3CculE8AAAAolBMVEUAAADw5dPw5dPw5NPv5dLv5dLu49Lv5dLw5dPv5NPw5dLw5dLv5NLv5dPv5NPw5dPv5NLv5NLv5NLv5NLv5NPw5dPw5dPv5NLv5NLv5NLv5NLw5NPv5NLv5dPw5NLv5dLv5NLv5NLv5NLv5dLv5NLw5NPv5NLv5NLv5NLv5NLv5NLv5NLv5NLv5NLv5NLv5NLv5NLv5NLw5NPv5NLw5dP\/\/\/+ftIuiAAAANHRSTlMAFZ8+aRcCcPe\/iu1cKNj7uuLO5gSE\/Ou03MT4J9f+wMuy+u2uxaLysxBYycyqJZyFpapfyKaV9wAAAAFiS0dENd622WsAAAAJcEhZcwAACxMAAAsTAQCanBgAAAAHdElNRQfpCBYOOAirR7qrAAAAZUlEQVQI1wXBBwKCMAAEwUXU2AOxEBsIxliwe\/9\/mzNA0kmTbg+gbwbD0XiSGpjOZLM8c3MWy5VU+PVmy24vqawOtcU0knQMoeAkSSp9dISzpDL3\/sL11tqmrd39ATxf8f35xt8fzdwK6XrffwMAAAAldEVYdGRhdGU6Y3JlYXRlADIwMjUtMDMtMDRUMDk6NTI6MTkrMDA6MDCbd2jGAAAAJXRFWHRkYXRlOm1vZGlmeQAyMDI1LTAzLTA0VDA5OjQ3OjA5KzAwOjAwASfEYAAAAABJRU5ErkJggg==\" class=\"attachment-35x35 size-35x35 wd-lazy-load wd-lazy-fade\" alt=\"\" data-wood-src=\"https:\/\/pariderm.com\/wp-content\/uploads\/2024\/12\/Vector.png\" srcset=\"\" \/>\n\t\t\t\t\t<span class=\"list-content\">Moyen-Orient<\/span>\n\t\t\t\t\t\t\t\t\t<\/li>\n\t\t\t\t\t\t\t\t\t\t\t<li>\n\t\t\t\t\t<img loading=\"lazy\" decoding=\"async\" width=\"35\" height=\"35\" src=\"data:image\/png;base64,iVBORw0KGgoAAAANSUhEUgAAAAoAAAAKCAMAAAC67D+PAAAABGdBTUEAALGPC\/xhBQAAACBjSFJNAAB6JgAAgIQAAPoAAACA6AAAdTAAAOpgAAA6mAAAF3CculE8AAAAolBMVEUAAADw5dPw5dPw5NPv5dLv5dLu49Lv5dLw5dPv5NPw5dLw5dLv5NLv5dPv5NPw5dPv5NLv5NLv5NLv5NLv5NPw5dPw5dPv5NLv5NLv5NLv5NLw5NPv5NLv5dPw5NLv5dLv5NLv5NLv5NLv5dLv5NLw5NPv5NLv5NLv5NLv5NLv5NLv5NLv5NLv5NLv5NLv5NLv5NLv5NLw5NPv5NLw5dP\/\/\/+ftIuiAAAANHRSTlMAFZ8+aRcCcPe\/iu1cKNj7uuLO5gSE\/Ou03MT4J9f+wMuy+u2uxaLysxBYycyqJZyFpapfyKaV9wAAAAFiS0dENd622WsAAAAJcEhZcwAACxMAAAsTAQCanBgAAAAHdElNRQfpCBYOOAirR7qrAAAAZUlEQVQI1wXBBwKCMAAEwUXU2AOxEBsIxliwe\/9\/mzNA0kmTbg+gbwbD0XiSGpjOZLM8c3MWy5VU+PVmy24vqawOtcU0knQMoeAkSSp9dISzpDL3\/sL11tqmrd39ATxf8f35xt8fzdwK6XrffwMAAAAldEVYdGRhdGU6Y3JlYXRlADIwMjUtMDMtMDRUMDk6NTI6MTkrMDA6MDCbd2jGAAAAJXRFWHRkYXRlOm1vZGlmeQAyMDI1LTAzLTA0VDA5OjQ3OjA5KzAwOjAwASfEYAAAAABJRU5ErkJggg==\" class=\"attachment-35x35 size-35x35 wd-lazy-load wd-lazy-fade\" alt=\"\" data-wood-src=\"https:\/\/pariderm.com\/wp-content\/uploads\/2024\/12\/Vector.png\" srcset=\"\" \/>\n\t\t\t\t\t<span class=\"list-content\">Asie<\/span>\n\t\t\t\t\t\t\t\t\t<\/li>\n\t\t\t\t\t<\/ul>\n\t\t\t\t<div id=\"wd-6822f88304477\" class=\"wd-text-block wd-wpb reset-last-child wd-rs-6822f88304477 text-left vc_custom_1747122310889\">\n\t\t\t<p>Si nous ne desservons pas encore votre r\u00e9gion, vous pouvez commander nos produits en ligne.<\/p>\n\t\t<\/div>\n\t\t<div id=\"wd-6822f8acd5296\" class=\" wd-rs-6822f8acd5296 vc_custom_1747122357877 wd-button-wrapper text-center inline-element\"><a href=\"https:\/\/pariderm.com\/fr\/shop\/\" title=\"Appliquer\" class=\"btn btn-scheme-light btn-scheme-hover-light btn-style-default btn-style-rectangle btn-size-default\">ACHETEZ EN LIGNE<\/a><\/div>\t\t<div id=\"wd-67bdde2854ddd\" class=\"wd-text-block wd-wpb reset-last-child wd-rs-67bdde2854ddd text-left vc_custom_1740496427165\">\n\t\t\t<p>Nous \u00e9largissons constamment notre distribution. \u00cates-vous int\u00e9ress\u00e9 \u00e0 devenir distributeur?<\/p>\n\t\t<\/div>\n\t\t<div id=\"wd-6822f8a0f338c\" class=\" wd-rs-6822f8a0f338c vc_custom_1747122341849 wd-button-wrapper text-center inline-element\"><a href=\"https:\/\/pariderm.com\/fr\/devenez-partenaire\/\" title=\"Apply\" class=\"btn btn-scheme-light btn-scheme-hover-light btn-style-default btn-style-rectangle btn-size-default\">DEVENIR DISTRIBUTEUR<\/a><\/div>[\/vc_column][vc_column width=\u00a0\u00bb1\/2&Prime;][vc_single_image image=\u00a0\u00bb2466&Prime; img_size=\u00a0\u00bbfull\u00a0\u00bb alignment=\u00a0\u00bbcenter\u00a0\u00bb css=\u00a0\u00bb.vc_custom_1734341922482{margin-bottom: 0px !important;}\u00a0\u00bb parallax_scroll=\u00a0\u00bbno\u00a0\u00bb woodmart_inline=\u00a0\u00bbno\u00a0\u00bb][\/vc_column][\/vc_row]<\/p>\n<\/div>","protected":false},"excerpt":{"rendered":"<p>[vc_row content_placement=\u00a0\u00bbmiddle\u00a0\u00bb woodmart_css_id=\u00a0\u00bb675ff634b4e15&Prime; responsive_spacing=\u00a0\u00bbeyJwYXJhbV90eXBlIjoid29vZG1hcnRfcmVzcG9uc2l2ZV9zcGFjaW5nIiwic2VsZWN0b3JfaWQiOiI2NzVmZjYzNGI0ZTE1Iiwic2hvcnRjb2RlIjoidmNfcm93IiwiZGF0YSI6eyJ0YWJsZXQiOnt9LCJtb2JpbGUiOnt9fX0=\u00a0\u00bb mobile_bg_img_hidden=\u00a0\u00bbno\u00a0\u00bb tablet_bg_img_hidden=\u00a0\u00bbno\u00a0\u00bb woodmart_parallax=\u00a0\u00bb0&Prime; woodmart_gradient_switch=\u00a0\u00bbno\u00a0\u00bb woodmart_box_shadow=\u00a0\u00bbno\u00a0\u00bb wd_z_index=\u00a0\u00bbno\u00a0\u00bb woodmart_disable_overflow=\u00a0\u00bb0&Prime; row_reverse_mobile=\u00a0\u00bb1&Prime; row_reverse_tablet=\u00a0\u00bb0&Prime;][vc_column width=\u00a0\u00bb1\/2&Prime; css=\u00a0\u00bb.vc_custom_1734341897693{border-right-width: 1px !important;padding-right: 50px !important;border-right-style: solid<\/p>\n","protected":false},"author":2,"featured_media":0,"parent":0,"menu_order":0,"comment_status":"closed","ping_status":"closed","template":"","meta":{"_acf_changed":false,"footnotes":""},"class_list":["post-2661","page","type-page","status-publish","hentry"],"acf":[],"yoast_head":"<!-- This site is optimized with the Yoast SEO Premium plugin v27.4 (Yoast SEO v27.4) - https:\/\/yoast.com\/product\/yoast-seo-premium-wordpress\/ -->\n<title>NOS DISTRIBUTEURS - Pariderm<\/title>\n<meta name=\"description\" content=\"Retrouvez tous les distributeurs et points de vente Pariderm. Achetez nos soins dermo-cosm\u00e9tiques en pharmacie ou boutique partenaire.\" \/>\n<meta name=\"robots\" content=\"index, follow, max-snippet:-1, max-image-preview:large, max-video-preview:-1\" \/>\n<link rel=\"canonical\" href=\"https:\/\/pariderm.com\/fr\/nos-distributeurs\/\" \/>\n<meta property=\"og:locale\" content=\"fr_FR\" \/>\n<meta property=\"og:type\" content=\"article\" \/>\n<meta property=\"og:title\" content=\"NOS DISTRIBUTEURS\" \/>\n<meta property=\"og:description\" content=\"Retrouvez tous les distributeurs et points de vente Pariderm. Achetez nos soins dermo-cosm\u00e9tiques en pharmacie ou boutique partenaire.\" \/>\n<meta property=\"og:url\" content=\"https:\/\/pariderm.com\/fr\/nos-distributeurs\/\" \/>\n<meta property=\"og:site_name\" content=\"Pariderm\" \/>\n<meta property=\"article:modified_time\" content=\"2025-07-30T12:16:20+00:00\" \/>\n<meta property=\"og:image\" content=\"https:\/\/pariderm.com\/wp-content\/uploads\/2024\/10\/header-logo1.png\" \/>\n\t<meta property=\"og:image:width\" content=\"343\" \/>\n\t<meta property=\"og:image:height\" content=\"168\" \/>\n\t<meta property=\"og:image:type\" content=\"image\/png\" \/>\n<meta name=\"twitter:card\" content=\"summary_large_image\" \/>\n<meta name=\"twitter:label1\" content=\"Dur\u00e9e de lecture estim\u00e9e\" \/>\n\t<meta name=\"twitter:data1\" content=\"1 minute\" \/>\n<script type=\"application\/ld+json\" class=\"yoast-schema-graph\">{\"@context\":\"https:\\\/\\\/schema.org\",\"@graph\":[{\"@type\":\"WebPage\",\"@id\":\"https:\\\/\\\/pariderm.com\\\/fr\\\/nos-distributeurs\\\/\",\"url\":\"https:\\\/\\\/pariderm.com\\\/fr\\\/nos-distributeurs\\\/\",\"name\":\"NOS DISTRIBUTEURS - Pariderm\",\"isPartOf\":{\"@id\":\"https:\\\/\\\/pariderm.com\\\/fr\\\/#website\"},\"datePublished\":\"2024-12-16T09:34:08+00:00\",\"dateModified\":\"2025-07-30T12:16:20+00:00\",\"description\":\"Retrouvez tous les distributeurs et points de vente Pariderm. Achetez nos soins dermo-cosm\u00e9tiques en pharmacie ou boutique partenaire.\",\"breadcrumb\":{\"@id\":\"https:\\\/\\\/pariderm.com\\\/fr\\\/nos-distributeurs\\\/#breadcrumb\"},\"inLanguage\":\"fr-FR\",\"potentialAction\":[{\"@type\":\"ReadAction\",\"target\":[\"https:\\\/\\\/pariderm.com\\\/fr\\\/nos-distributeurs\\\/\"]}]},{\"@type\":\"BreadcrumbList\",\"@id\":\"https:\\\/\\\/pariderm.com\\\/fr\\\/nos-distributeurs\\\/#breadcrumb\",\"itemListElement\":[{\"@type\":\"ListItem\",\"position\":1,\"name\":\"Home\",\"item\":\"https:\\\/\\\/pariderm.com\\\/fr\\\/\"},{\"@type\":\"ListItem\",\"position\":2,\"name\":\"NOS DISTRIBUTEURS\"}]},{\"@type\":\"WebSite\",\"@id\":\"https:\\\/\\\/pariderm.com\\\/fr\\\/#website\",\"url\":\"https:\\\/\\\/pariderm.com\\\/fr\\\/\",\"name\":\"PARIDERM\",\"description\":\"\",\"publisher\":{\"@id\":\"https:\\\/\\\/pariderm.com\\\/fr\\\/#organization\"},\"potentialAction\":[{\"@type\":\"SearchAction\",\"target\":{\"@type\":\"EntryPoint\",\"urlTemplate\":\"https:\\\/\\\/pariderm.com\\\/fr\\\/?s={search_term_string}\"},\"query-input\":{\"@type\":\"PropertyValueSpecification\",\"valueRequired\":true,\"valueName\":\"search_term_string\"}}],\"inLanguage\":\"fr-FR\"},{\"@type\":\"Organization\",\"@id\":\"https:\\\/\\\/pariderm.com\\\/fr\\\/#organization\",\"name\":\"PARIDERM\",\"url\":\"https:\\\/\\\/pariderm.com\\\/fr\\\/\",\"logo\":{\"@type\":\"ImageObject\",\"inLanguage\":\"fr-FR\",\"@id\":\"https:\\\/\\\/pariderm.com\\\/fr\\\/#\\\/schema\\\/logo\\\/image\\\/\",\"url\":\"https:\\\/\\\/pariderm.com\\\/wp-content\\\/uploads\\\/2024\\\/10\\\/header-logo1.png\",\"contentUrl\":\"https:\\\/\\\/pariderm.com\\\/wp-content\\\/uploads\\\/2024\\\/10\\\/header-logo1.png\",\"width\":343,\"height\":168,\"caption\":\"PARIDERM\"},\"image\":{\"@id\":\"https:\\\/\\\/pariderm.com\\\/fr\\\/#\\\/schema\\\/logo\\\/image\\\/\"},\"sameAs\":[\"https:\\\/\\\/www.instagram.com\\\/paridermofficial\\\/\",\"https:\\\/\\\/www.linkedin.com\\\/company\\\/pariderm\"]}]}<\/script>\n<!-- \/ Yoast SEO Premium plugin. -->","yoast_head_json":{"title":"NOS DISTRIBUTEURS - Pariderm","description":"Retrouvez tous les distributeurs et points de vente Pariderm. Achetez nos soins dermo-cosm\u00e9tiques en pharmacie ou boutique partenaire.","robots":{"index":"index","follow":"follow","max-snippet":"max-snippet:-1","max-image-preview":"max-image-preview:large","max-video-preview":"max-video-preview:-1"},"canonical":"https:\/\/pariderm.com\/fr\/nos-distributeurs\/","og_locale":"fr_FR","og_type":"article","og_title":"NOS DISTRIBUTEURS","og_description":"Retrouvez tous les distributeurs et points de vente Pariderm. Achetez nos soins dermo-cosm\u00e9tiques en pharmacie ou boutique partenaire.","og_url":"https:\/\/pariderm.com\/fr\/nos-distributeurs\/","og_site_name":"Pariderm","article_modified_time":"2025-07-30T12:16:20+00:00","og_image":[{"width":343,"height":168,"url":"https:\/\/pariderm.com\/wp-content\/uploads\/2024\/10\/header-logo1.png","type":"image\/png"}],"twitter_card":"summary_large_image","twitter_misc":{"Dur\u00e9e de lecture estim\u00e9e":"1 minute"},"schema":{"@context":"https:\/\/schema.org","@graph":[{"@type":"WebPage","@id":"https:\/\/pariderm.com\/fr\/nos-distributeurs\/","url":"https:\/\/pariderm.com\/fr\/nos-distributeurs\/","name":"NOS DISTRIBUTEURS - Pariderm","isPartOf":{"@id":"https:\/\/pariderm.com\/fr\/#website"},"datePublished":"2024-12-16T09:34:08+00:00","dateModified":"2025-07-30T12:16:20+00:00","description":"Retrouvez tous les distributeurs et points de vente Pariderm. Achetez nos soins dermo-cosm\u00e9tiques en pharmacie ou boutique partenaire.","breadcrumb":{"@id":"https:\/\/pariderm.com\/fr\/nos-distributeurs\/#breadcrumb"},"inLanguage":"fr-FR","potentialAction":[{"@type":"ReadAction","target":["https:\/\/pariderm.com\/fr\/nos-distributeurs\/"]}]},{"@type":"BreadcrumbList","@id":"https:\/\/pariderm.com\/fr\/nos-distributeurs\/#breadcrumb","itemListElement":[{"@type":"ListItem","position":1,"name":"Home","item":"https:\/\/pariderm.com\/fr\/"},{"@type":"ListItem","position":2,"name":"NOS DISTRIBUTEURS"}]},{"@type":"WebSite","@id":"https:\/\/pariderm.com\/fr\/#website","url":"https:\/\/pariderm.com\/fr\/","name":"PARIDERM","description":"","publisher":{"@id":"https:\/\/pariderm.com\/fr\/#organization"},"potentialAction":[{"@type":"SearchAction","target":{"@type":"EntryPoint","urlTemplate":"https:\/\/pariderm.com\/fr\/?s={search_term_string}"},"query-input":{"@type":"PropertyValueSpecification","valueRequired":true,"valueName":"search_term_string"}}],"inLanguage":"fr-FR"},{"@type":"Organization","@id":"https:\/\/pariderm.com\/fr\/#organization","name":"PARIDERM","url":"https:\/\/pariderm.com\/fr\/","logo":{"@type":"ImageObject","inLanguage":"fr-FR","@id":"https:\/\/pariderm.com\/fr\/#\/schema\/logo\/image\/","url":"https:\/\/pariderm.com\/wp-content\/uploads\/2024\/10\/header-logo1.png","contentUrl":"https:\/\/pariderm.com\/wp-content\/uploads\/2024\/10\/header-logo1.png","width":343,"height":168,"caption":"PARIDERM"},"image":{"@id":"https:\/\/pariderm.com\/fr\/#\/schema\/logo\/image\/"},"sameAs":["https:\/\/www.instagram.com\/paridermofficial\/","https:\/\/www.linkedin.com\/company\/pariderm"]}]}},"_links":{"self":[{"href":"https:\/\/pariderm.com\/fr\/wp-json\/wp\/v2\/pages\/2661","targetHints":{"allow":["GET"]}}],"collection":[{"href":"https:\/\/pariderm.com\/fr\/wp-json\/wp\/v2\/pages"}],"about":[{"href":"https:\/\/pariderm.com\/fr\/wp-json\/wp\/v2\/types\/page"}],"author":[{"embeddable":true,"href":"https:\/\/pariderm.com\/fr\/wp-json\/wp\/v2\/users\/2"}],"replies":[{"embeddable":true,"href":"https:\/\/pariderm.com\/fr\/wp-json\/wp\/v2\/comments?post=2661"}],"version-history":[{"count":0,"href":"https:\/\/pariderm.com\/fr\/wp-json\/wp\/v2\/pages\/2661\/revisions"}],"wp:attachment":[{"href":"https:\/\/pariderm.com\/fr\/wp-json\/wp\/v2\/media?parent=2661"}],"curies":[{"name":"wp","href":"https:\/\/api.w.org\/{rel}","templated":true}]}}