{"id":2636,"date":"2024-10-25T13:18:55","date_gmt":"2024-10-25T13:18:55","guid":{"rendered":"https:\/\/pariderm.com\/politique-de-remboursement-et-de-retour\/"},"modified":"2025-04-30T12:16:58","modified_gmt":"2025-04-30T12:16:58","slug":"politique-de-remboursement-et-de-retour","status":"publish","type":"page","link":"https:\/\/pariderm.com\/fr\/politique-de-remboursement-et-de-retour\/","title":{"rendered":"Politique de Retour"},"content":{"rendered":"\n<p><\/p>\n\n\n\n<p>PARIDERM est une soci\u00e9t\u00e9 qui cr\u00e9e, promeut, commercialise et vend des produits cosm\u00e9tiques et des compl\u00e9ments alimentaires de haute qualit\u00e9.<\/p>\n\n\n\n<p>PARIDERM d\u00e9tient tous les droits de propri\u00e9t\u00e9 intellectuelle sur les marques, les inventions, les formules ou les emballages li\u00e9s aux produits sur le site Web.<\/p>\n\n\n\n<p>En passant une commande aupr\u00e8s de PARIDERM, le client accepte automatiquement la pr\u00e9sente politique et toutes les politiques relatives aux produits.<\/p>\n\n\n\n<p>PARIDERM garantit que tous les produits figurant sur son site Web sont commercialisables en termes de qualit\u00e9, de tra\u00e7abilit\u00e9, de protection du consommateur, de sant\u00e9 et de s\u00e9curit\u00e9 et qu&rsquo;ils sont conformes \u00e0 l&rsquo;usage auquel ils sont destin\u00e9s. Les produits sont garantis par le PARIDERM pour leur dur\u00e9e de vie totale.<\/p>\n\n\n\n<p>La responsabilit\u00e9 de PARIDERM ne pourra \u00eatre engag\u00e9e \u00e0 quelque titre que ce soit, si le dommage r\u00e9sulte (i) d&rsquo;une faute du client.<\/p>\n\n\n\n<p>La responsabilit\u00e9 de PARIDERM est strictement limit\u00e9e au remboursement ou au remplacement des produits jug\u00e9s non conformes du fait de PARIDERM. La responsabilit\u00e9 est exclue en cas de force majeure ou d&rsquo;\u00e9v\u00e9nement similaire, de tout d\u00e9faut de qualit\u00e9 r\u00e9sultant d&rsquo;une d\u00e9faillance du client ou des utilisateurs des produits, et notamment de mauvaise utilisation, n\u00e9gligence, mauvais stockage ou transport des produits. La pr\u00e9sente garantie est exclusive de toute autre indemnit\u00e9 et ne peut \u00eatre \u00e9tendue aux dommages immat\u00e9riels ou indirects, \u00e0 toute perte de client\u00e8le ou \u00e0 toute perte qui est une cons\u00e9quence indirecte ou secondaire de tout acte ou omission de PARIDERM. Aucun autre engagement n&rsquo;est pris par PARIDERM concernant les dommages subis par le client du fait de l&rsquo;indisponibilit\u00e9 des produits ou de l&rsquo;\u00e9ventuelle perte de marge.<\/p>\n\n\n\n<p>Lors de la r\u00e9ception des produits, le client doit s\u2019assurer que les produits sont inspect\u00e9s dans les plus brefs d\u00e9lais. Le client doit notifier \u00e0 PARIDERM dans les 7 (sept) jours suivant la r\u00e9ception des produits tout manque, exc\u00e8s ou non-conformit\u00e9 des produits y compris tout dommage aux produits et non li\u00e9 \u00e0 l\u2019exp\u00e9dition, au stockage et \u00e0 la manipulation. Le d\u00e9faut de notification par le client \u00e0 PARIDERM entra\u00eene la renonciation irr\u00e9vocable du client \u00e0 toute r\u00e9clamation relative \u00e0 un tel manque, exc\u00e8s ou non-conformit\u00e9 des produits, y compris tout dommage aux produits.\u00a0<\/p>\n\n\n\n<p>Les r\u00e9clamations doivent \u00eatre faites par le biais d&rsquo;images, de photos, de documents, de factures de clients et\/ou de vid\u00e9os \u00e0 travers le formulaire de contact sur le site. PARIDERM doit r\u00e9pondre dans un d\u00e9lai de 10 (dix) jours ouvrables en acceptant ou non la r\u00e9clamation. Le client ne peut pas refuser la d\u00e9cision de PARIDERM.<\/p>\n\n\n\n<p>Pour toute r\u00e9clamation accept\u00e9e par PARIDERM, les produits non conformes seront rembours\u00e9s ou remplac\u00e9s.<\/p>\n\n\n\n<p>FORCE MAJEURE<\/p>\n\n\n\n<p>PARIDERM et le client conviennent express\u00e9ment que ni l&rsquo;un ni l&rsquo;autre ne sera responsable de toute perte ou dommage de quelque nature que ce soit, y compris, mais sans s&rsquo;y limiter, les dommages accidentels ou immat\u00e9riels et\/ou toute perte financi\u00e8re, d\u00e9coulant d&rsquo;un retard ou d&rsquo;une incapacit\u00e9 \u00e0 fabriquer, livrer, commercialiser, promouvoir et\/ou vendre les produits en raison de causes externes et impr\u00e9visibles \u00e9chappant \u00e0 son contr\u00f4le raisonnable ( \u00bb Force Majeure \u00bb), y compris les lois, r\u00e8glements, requ\u00eates, d\u00e9cisions, gr\u00e8ves, pr\u00e9sentes ou futures des gouvernements, les ordres ou directives de tout \u00e9tablissement public, les actes ou omissions des autorit\u00e9s gouvernementales ou militaires, les catastrophes naturelles (y compris les tremblements de terre et les inondations), les \u00e9pid\u00e9mies, les p\u00e9nuries de mat\u00e9riaux, les explosions, les embargos, les d\u00e9faillances des t\u00e9l\u00e9communications, les retards de transport, les incendies, les conflits du travail, y compris la d\u00e9faillance des fournisseurs, des transports publics et des transporteurs, la destruction ou l&rsquo;endommagement substantiel des installations de production, les \u00e9meutes ou les guerres ou toute autre cause similaire ou diff\u00e9rente \u00e9chappant au contr\u00f4le raisonnable de l&rsquo;entreprise.<\/p>\n","protected":false},"excerpt":{"rendered":"<p>PARIDERM est une soci\u00e9t\u00e9 qui cr\u00e9e, promeut, commercialise et vend des produits cosm\u00e9tiques et des compl\u00e9ments alimentaires de haute qualit\u00e9.<\/p>\n","protected":false},"author":1,"featured_media":0,"parent":0,"menu_order":0,"comment_status":"closed","ping_status":"closed","template":"","meta":{"_acf_changed":false,"footnotes":""},"class_list":["post-2636","page","type-page","status-publish","hentry"],"acf":[],"yoast_head":"<!-- This site is optimized with the Yoast SEO Premium plugin v27.4 (Yoast SEO v27.4) - https:\/\/yoast.com\/product\/yoast-seo-premium-wordpress\/ -->\n<title>Politique de Retour - Pariderm<\/title>\n<meta name=\"robots\" content=\"index, follow, max-snippet:-1, max-image-preview:large, max-video-preview:-1\" \/>\n<link rel=\"canonical\" href=\"https:\/\/pariderm.com\/fr\/politique-de-remboursement-et-de-retour\/\" \/>\n<meta property=\"og:locale\" content=\"fr_FR\" \/>\n<meta property=\"og:type\" content=\"article\" \/>\n<meta property=\"og:title\" content=\"Politique de Retour\" \/>\n<meta property=\"og:description\" content=\"PARIDERM est une soci\u00e9t\u00e9 qui cr\u00e9e, promeut, commercialise et vend des produits cosm\u00e9tiques et des compl\u00e9ments alimentaires de haute qualit\u00e9.\" \/>\n<meta property=\"og:url\" content=\"https:\/\/pariderm.com\/fr\/politique-de-remboursement-et-de-retour\/\" \/>\n<meta property=\"og:site_name\" content=\"Pariderm\" \/>\n<meta property=\"article:modified_time\" content=\"2025-04-30T12:16:58+00:00\" \/>\n<meta property=\"og:image\" content=\"https:\/\/pariderm.com\/wp-content\/uploads\/2024\/10\/header-logo1.png\" \/>\n\t<meta property=\"og:image:width\" content=\"343\" \/>\n\t<meta property=\"og:image:height\" content=\"168\" \/>\n\t<meta property=\"og:image:type\" content=\"image\/png\" \/>\n<meta name=\"twitter:card\" content=\"summary_large_image\" \/>\n<meta name=\"twitter:label1\" content=\"Dur\u00e9e de lecture estim\u00e9e\" \/>\n\t<meta name=\"twitter:data1\" content=\"3 minutes\" \/>\n<script type=\"application\/ld+json\" class=\"yoast-schema-graph\">{\"@context\":\"https:\\\/\\\/schema.org\",\"@graph\":[{\"@type\":\"WebPage\",\"@id\":\"https:\\\/\\\/pariderm.com\\\/fr\\\/politique-de-remboursement-et-de-retour\\\/\",\"url\":\"https:\\\/\\\/pariderm.com\\\/fr\\\/politique-de-remboursement-et-de-retour\\\/\",\"name\":\"Politique de Retour - Pariderm\",\"isPartOf\":{\"@id\":\"https:\\\/\\\/pariderm.com\\\/fr\\\/#website\"},\"datePublished\":\"2024-10-25T13:18:55+00:00\",\"dateModified\":\"2025-04-30T12:16:58+00:00\",\"breadcrumb\":{\"@id\":\"https:\\\/\\\/pariderm.com\\\/fr\\\/politique-de-remboursement-et-de-retour\\\/#breadcrumb\"},\"inLanguage\":\"fr-FR\",\"potentialAction\":[{\"@type\":\"ReadAction\",\"target\":[\"https:\\\/\\\/pariderm.com\\\/fr\\\/politique-de-remboursement-et-de-retour\\\/\"]}]},{\"@type\":\"BreadcrumbList\",\"@id\":\"https:\\\/\\\/pariderm.com\\\/fr\\\/politique-de-remboursement-et-de-retour\\\/#breadcrumb\",\"itemListElement\":[{\"@type\":\"ListItem\",\"position\":1,\"name\":\"Home\",\"item\":\"https:\\\/\\\/pariderm.com\\\/fr\\\/\"},{\"@type\":\"ListItem\",\"position\":2,\"name\":\"Politique de Retour\"}]},{\"@type\":\"WebSite\",\"@id\":\"https:\\\/\\\/pariderm.com\\\/fr\\\/#website\",\"url\":\"https:\\\/\\\/pariderm.com\\\/fr\\\/\",\"name\":\"PARIDERM\",\"description\":\"\",\"publisher\":{\"@id\":\"https:\\\/\\\/pariderm.com\\\/fr\\\/#organization\"},\"potentialAction\":[{\"@type\":\"SearchAction\",\"target\":{\"@type\":\"EntryPoint\",\"urlTemplate\":\"https:\\\/\\\/pariderm.com\\\/fr\\\/?s={search_term_string}\"},\"query-input\":{\"@type\":\"PropertyValueSpecification\",\"valueRequired\":true,\"valueName\":\"search_term_string\"}}],\"inLanguage\":\"fr-FR\"},{\"@type\":\"Organization\",\"@id\":\"https:\\\/\\\/pariderm.com\\\/fr\\\/#organization\",\"name\":\"PARIDERM\",\"url\":\"https:\\\/\\\/pariderm.com\\\/fr\\\/\",\"logo\":{\"@type\":\"ImageObject\",\"inLanguage\":\"fr-FR\",\"@id\":\"https:\\\/\\\/pariderm.com\\\/fr\\\/#\\\/schema\\\/logo\\\/image\\\/\",\"url\":\"https:\\\/\\\/pariderm.com\\\/wp-content\\\/uploads\\\/2024\\\/10\\\/header-logo1.png\",\"contentUrl\":\"https:\\\/\\\/pariderm.com\\\/wp-content\\\/uploads\\\/2024\\\/10\\\/header-logo1.png\",\"width\":343,\"height\":168,\"caption\":\"PARIDERM\"},\"image\":{\"@id\":\"https:\\\/\\\/pariderm.com\\\/fr\\\/#\\\/schema\\\/logo\\\/image\\\/\"},\"sameAs\":[\"https:\\\/\\\/www.instagram.com\\\/paridermofficial\\\/\",\"https:\\\/\\\/www.linkedin.com\\\/company\\\/pariderm\"]}]}<\/script>\n<!-- \/ Yoast SEO Premium plugin. -->","yoast_head_json":{"title":"Politique de Retour - Pariderm","robots":{"index":"index","follow":"follow","max-snippet":"max-snippet:-1","max-image-preview":"max-image-preview:large","max-video-preview":"max-video-preview:-1"},"canonical":"https:\/\/pariderm.com\/fr\/politique-de-remboursement-et-de-retour\/","og_locale":"fr_FR","og_type":"article","og_title":"Politique de Retour","og_description":"PARIDERM est une soci\u00e9t\u00e9 qui cr\u00e9e, promeut, commercialise et vend des produits cosm\u00e9tiques et des compl\u00e9ments alimentaires de haute qualit\u00e9.","og_url":"https:\/\/pariderm.com\/fr\/politique-de-remboursement-et-de-retour\/","og_site_name":"Pariderm","article_modified_time":"2025-04-30T12:16:58+00:00","og_image":[{"width":343,"height":168,"url":"https:\/\/pariderm.com\/wp-content\/uploads\/2024\/10\/header-logo1.png","type":"image\/png"}],"twitter_card":"summary_large_image","twitter_misc":{"Dur\u00e9e de lecture estim\u00e9e":"3 minutes"},"schema":{"@context":"https:\/\/schema.org","@graph":[{"@type":"WebPage","@id":"https:\/\/pariderm.com\/fr\/politique-de-remboursement-et-de-retour\/","url":"https:\/\/pariderm.com\/fr\/politique-de-remboursement-et-de-retour\/","name":"Politique de Retour - Pariderm","isPartOf":{"@id":"https:\/\/pariderm.com\/fr\/#website"},"datePublished":"2024-10-25T13:18:55+00:00","dateModified":"2025-04-30T12:16:58+00:00","breadcrumb":{"@id":"https:\/\/pariderm.com\/fr\/politique-de-remboursement-et-de-retour\/#breadcrumb"},"inLanguage":"fr-FR","potentialAction":[{"@type":"ReadAction","target":["https:\/\/pariderm.com\/fr\/politique-de-remboursement-et-de-retour\/"]}]},{"@type":"BreadcrumbList","@id":"https:\/\/pariderm.com\/fr\/politique-de-remboursement-et-de-retour\/#breadcrumb","itemListElement":[{"@type":"ListItem","position":1,"name":"Home","item":"https:\/\/pariderm.com\/fr\/"},{"@type":"ListItem","position":2,"name":"Politique de Retour"}]},{"@type":"WebSite","@id":"https:\/\/pariderm.com\/fr\/#website","url":"https:\/\/pariderm.com\/fr\/","name":"PARIDERM","description":"","publisher":{"@id":"https:\/\/pariderm.com\/fr\/#organization"},"potentialAction":[{"@type":"SearchAction","target":{"@type":"EntryPoint","urlTemplate":"https:\/\/pariderm.com\/fr\/?s={search_term_string}"},"query-input":{"@type":"PropertyValueSpecification","valueRequired":true,"valueName":"search_term_string"}}],"inLanguage":"fr-FR"},{"@type":"Organization","@id":"https:\/\/pariderm.com\/fr\/#organization","name":"PARIDERM","url":"https:\/\/pariderm.com\/fr\/","logo":{"@type":"ImageObject","inLanguage":"fr-FR","@id":"https:\/\/pariderm.com\/fr\/#\/schema\/logo\/image\/","url":"https:\/\/pariderm.com\/wp-content\/uploads\/2024\/10\/header-logo1.png","contentUrl":"https:\/\/pariderm.com\/wp-content\/uploads\/2024\/10\/header-logo1.png","width":343,"height":168,"caption":"PARIDERM"},"image":{"@id":"https:\/\/pariderm.com\/fr\/#\/schema\/logo\/image\/"},"sameAs":["https:\/\/www.instagram.com\/paridermofficial\/","https:\/\/www.linkedin.com\/company\/pariderm"]}]}},"_links":{"self":[{"href":"https:\/\/pariderm.com\/fr\/wp-json\/wp\/v2\/pages\/2636","targetHints":{"allow":["GET"]}}],"collection":[{"href":"https:\/\/pariderm.com\/fr\/wp-json\/wp\/v2\/pages"}],"about":[{"href":"https:\/\/pariderm.com\/fr\/wp-json\/wp\/v2\/types\/page"}],"author":[{"embeddable":true,"href":"https:\/\/pariderm.com\/fr\/wp-json\/wp\/v2\/users\/1"}],"replies":[{"embeddable":true,"href":"https:\/\/pariderm.com\/fr\/wp-json\/wp\/v2\/comments?post=2636"}],"version-history":[{"count":0,"href":"https:\/\/pariderm.com\/fr\/wp-json\/wp\/v2\/pages\/2636\/revisions"}],"wp:attachment":[{"href":"https:\/\/pariderm.com\/fr\/wp-json\/wp\/v2\/media?parent=2636"}],"curies":[{"name":"wp","href":"https:\/\/api.w.org\/{rel}","templated":true}]}}